{"id":238,"date":"2023-03-04T23:56:56","date_gmt":"2023-03-04T23:56:56","guid":{"rendered":"https:\/\/k-beautyci.com\/?post_type=product&#038;p=238"},"modified":"2026-04-09T17:43:30","modified_gmt":"2026-04-09T17:43:30","slug":"advanced-snail-96-mucin-power-essence","status":"publish","type":"product","link":"https:\/\/k-beautyci.com\/fr\/produit\/advanced-snail-96-mucin-power-essence\/","title":{"rendered":"Cosrx Advanced Snail 96 Mucin Power Essence"},"content":{"rendered":"<p><strong>APPLICATION<\/strong><\/p>\n<p><span data-sheets-value=\"{&quot;1&quot;:2,&quot;2&quot;:&quot;After cleansing and toning, apply a small amount to your entire face. Gently pat to increase absorption and follow with serum and moisturizer.&quot;}\" data-sheets-userformat=\"{&quot;2&quot;:11261,&quot;3&quot;:{&quot;1&quot;:0},&quot;5&quot;:{&quot;1&quot;:[{&quot;1&quot;:2,&quot;2&quot;:0,&quot;5&quot;:{&quot;1&quot;:2,&quot;2&quot;:0}},{&quot;1&quot;:0,&quot;2&quot;:0,&quot;3&quot;:3},{&quot;1&quot;:1,&quot;2&quot;:0,&quot;4&quot;:1}]},&quot;6&quot;:{&quot;1&quot;:[{&quot;1&quot;:2,&quot;2&quot;:0,&quot;5&quot;:{&quot;1&quot;:2,&quot;2&quot;:0}},{&quot;1&quot;:0,&quot;2&quot;:0,&quot;3&quot;:3},{&quot;1&quot;:1,&quot;2&quot;:0,&quot;4&quot;:1}]},&quot;7&quot;:{&quot;1&quot;:[{&quot;1&quot;:2,&quot;2&quot;:0,&quot;5&quot;:{&quot;1&quot;:2,&quot;2&quot;:0}},{&quot;1&quot;:0,&quot;2&quot;:0,&quot;3&quot;:3},{&quot;1&quot;:1,&quot;2&quot;:0,&quot;4&quot;:1}]},&quot;8&quot;:{&quot;1&quot;:[{&quot;1&quot;:2,&quot;2&quot;:0,&quot;5&quot;:{&quot;1&quot;:2,&quot;2&quot;:0}},{&quot;1&quot;:0,&quot;2&quot;:0,&quot;3&quot;:3},{&quot;1&quot;:1,&quot;2&quot;:0,&quot;4&quot;:1}]},&quot;9&quot;:0,&quot;10&quot;:0,&quot;11&quot;:4,&quot;12&quot;:0,&quot;14&quot;:{&quot;1&quot;:2,&quot;2&quot;:0},&quot;16&quot;:9}\">After cleansing and toning, apply a small amount to your entire face. Gently pat to increase absorption and follow with serum and moisturizer.<\/span><\/p>\n<p><strong>INGREDIENTS<\/strong><\/p>\n<p>Snail Secretion Filtrate, Betaine, Butylene Glycol, 1,2-Hexanediol, Sodium Polyacrylate, Phenoxyethanol, Sodium Hyaluronate, Allantoin, Ethyl Hexanediol, Carbomer, Panthenol, Arginine.<\/p>\n","protected":false},"excerpt":{"rendered":"<p><strong>Enrichi de 96,3 % de filtrat de s\u00e9cr\u00e9tion d'escargot, un ingr\u00e9dient qui stimule la peau.\u00a0<\/strong><\/p>\n<p>Essence l\u00e9g\u00e8re qui p\u00e9n\u00e8tre rapidement dans la peau pour lui donner un \u00e9clat naturel de l'int\u00e9rieur. Cette essence est cr\u00e9\u00e9e \u00e0 partir de mucine d'escargot filtr\u00e9e, nutritive et \u00e0 faible stimulation, pour garder votre peau hydrat\u00e9e et illumin\u00e9e toute la journ\u00e9e.<\/p>","protected":false},"featured_media":240,"comment_status":"open","ping_status":"closed","template":"","meta":{"om_disable_all_campaigns":false},"product_brand":[],"product_cat":[25,51,32,31,33,28,27],"product_tag":[21,34,29],"class_list":{"0":"post-238","1":"product","2":"type-product","3":"status-publish","4":"has-post-thumbnail","6":"product_cat-asian-brands","7":"product_cat-cosrx","8":"product_cat-essence","9":"product_cat-face-serums","10":"product_cat-face-treatments","11":"product_cat-product-category","12":"product_cat-skincare-face","13":"product_tag-cosrx","14":"product_tag-serums","15":"product_tag-snail-mucin","17":"first","18":"instock","19":"shipping-taxable","20":"purchasable","21":"product-type-simple"},"aioseo_notices":[],"jetpack_sharing_enabled":true,"_links":{"self":[{"href":"https:\/\/k-beautyci.com\/fr\/wp-json\/wp\/v2\/product\/238","targetHints":{"allow":["GET"]}}],"collection":[{"href":"https:\/\/k-beautyci.com\/fr\/wp-json\/wp\/v2\/product"}],"about":[{"href":"https:\/\/k-beautyci.com\/fr\/wp-json\/wp\/v2\/types\/product"}],"replies":[{"embeddable":true,"href":"https:\/\/k-beautyci.com\/fr\/wp-json\/wp\/v2\/comments?post=238"}],"wp:featuredmedia":[{"embeddable":true,"href":"https:\/\/k-beautyci.com\/fr\/wp-json\/wp\/v2\/media\/240"}],"wp:attachment":[{"href":"https:\/\/k-beautyci.com\/fr\/wp-json\/wp\/v2\/media?parent=238"}],"wp:term":[{"taxonomy":"product_brand","embeddable":true,"href":"https:\/\/k-beautyci.com\/fr\/wp-json\/wp\/v2\/product_brand?post=238"},{"taxonomy":"product_cat","embeddable":true,"href":"https:\/\/k-beautyci.com\/fr\/wp-json\/wp\/v2\/product_cat?post=238"},{"taxonomy":"product_tag","embeddable":true,"href":"https:\/\/k-beautyci.com\/fr\/wp-json\/wp\/v2\/product_tag?post=238"}],"curies":[{"name":"wp","href":"https:\/\/api.w.org\/{rel}","templated":true}]}}