{"id":2234,"date":"2023-08-25T12:49:39","date_gmt":"2023-08-25T12:49:39","guid":{"rendered":"https:\/\/k-beautyci.com\/?post_type=product&#038;p=2234"},"modified":"2026-02-16T22:59:56","modified_gmt":"2026-02-16T22:59:56","slug":"isntree-hyper-retinol-ex1-0-serum-20ml","status":"publish","type":"product","link":"https:\/\/k-beautyci.com\/fr\/produit\/isntree-hyper-retinol-ex1-0-serum-20ml\/","title":{"rendered":"ISNTREE HYPER RETINOL EX1.0 SERUM 20ml"},"content":{"rendered":"<p><b>Comment l'utiliser :<\/b><br \/>\nApr\u00e8s l'application de la lotion tonique, distribuer 2 \u00e0 3 gouttes et appliquer sur l'ensemble du visage. Tapoter doucement pour une meilleure absorption.<\/p>\n<p>Pour des r\u00e9sultats optimaux, n'appliquez pas plus de trois gouttes tous les trois ou quatre jours pendant les deux premi\u00e8res semaines d'utilisation avant d'augmenter progressivement la fr\u00e9quence d'utilisation. N'appliquez le produit qu'au cours de votre routine de soins nocturnes et n'oubliez pas de porter un \u00e9cran solaire le lendemain.<\/p>\n<p>&nbsp;<\/p>\n<p>Toujours effectuer un test \u00e9picutan\u00e9. Utiliser uniquement selon les instructions. Ne pas utiliser sur une peau ab\u00eem\u00e9e. \u00c9viter l'utilisation pendant la grossesse ou l'allaitement. Ne pas utiliser imm\u00e9diatement apr\u00e8s un gommage. \u00c9viter d'utiliser ce produit en m\u00eame temps que des produits \u00e0 base de vitamine C ou d'acide. En cas d'irritation de la peau lors de l'utilisation de ce produit, r\u00e9duire la quantit\u00e9 ou la fr\u00e9quence d'utilisation et arr\u00eater l'utilisation si l'irritation persiste. Suivre les instructions suppl\u00e9mentaires figurant sur l'emballage. Avant de s'exposer au soleil, il est recommand\u00e9 aux utilisateurs de couvrir les zones o\u00f9 des r\u00e9tino\u00efdes ont \u00e9t\u00e9 appliqu\u00e9s avec un \u00e9cran solaire. Le contact du produit avec la peau doit \u00eatre limit\u00e9 en fr\u00e9quence et en dur\u00e9e. Les r\u00e9sultats individuels peuvent varier.<\/p>","protected":false},"excerpt":{"rendered":"<p>Combattez les signes du vieillissement comme les rides et les ridules avec ce s\u00e9rum puissant contenant 1 % de r\u00e9tinol, 0,3 % de palmitate de r\u00e9tinyle et 0,6 % de bakuchiol. Cinq types de peptides combin\u00e9s \u00e0 des c\u00e9ramides maintiennent des niveaux d'hydratation \u00e9lev\u00e9s, tandis qu'un ingr\u00e9dient suppl\u00e9mentaire, le TECA, aide \u00e0 lutter contre l'inflammation.<\/p>","protected":false},"featured_media":2237,"comment_status":"open","ping_status":"closed","template":"","meta":{"om_disable_all_campaigns":false},"product_brand":[],"product_cat":[57,31,90,68],"product_tag":[],"class_list":{"0":"post-2234","1":"product","2":"type-product","3":"status-publish","4":"has-post-thumbnail","6":"product_cat-anti-aging","7":"product_cat-face-serums","8":"product_cat-isntree","9":"product_cat-retinol","11":"first","12":"outofstock","13":"shipping-taxable","14":"purchasable","15":"product-type-simple"},"aioseo_notices":[],"jetpack_sharing_enabled":true,"_links":{"self":[{"href":"https:\/\/k-beautyci.com\/fr\/wp-json\/wp\/v2\/product\/2234","targetHints":{"allow":["GET"]}}],"collection":[{"href":"https:\/\/k-beautyci.com\/fr\/wp-json\/wp\/v2\/product"}],"about":[{"href":"https:\/\/k-beautyci.com\/fr\/wp-json\/wp\/v2\/types\/product"}],"replies":[{"embeddable":true,"href":"https:\/\/k-beautyci.com\/fr\/wp-json\/wp\/v2\/comments?post=2234"}],"wp:featuredmedia":[{"embeddable":true,"href":"https:\/\/k-beautyci.com\/fr\/wp-json\/wp\/v2\/media\/2237"}],"wp:attachment":[{"href":"https:\/\/k-beautyci.com\/fr\/wp-json\/wp\/v2\/media?parent=2234"}],"wp:term":[{"taxonomy":"product_brand","embeddable":true,"href":"https:\/\/k-beautyci.com\/fr\/wp-json\/wp\/v2\/product_brand?post=2234"},{"taxonomy":"product_cat","embeddable":true,"href":"https:\/\/k-beautyci.com\/fr\/wp-json\/wp\/v2\/product_cat?post=2234"},{"taxonomy":"product_tag","embeddable":true,"href":"https:\/\/k-beautyci.com\/fr\/wp-json\/wp\/v2\/product_tag?post=2234"}],"curies":[{"name":"wp","href":"https:\/\/api.w.org\/{rel}","templated":true}]}}