{"id":2231,"date":"2023-08-25T12:17:52","date_gmt":"2023-08-25T12:17:52","guid":{"rendered":"https:\/\/k-beautyci.com\/?post_type=product&#038;p=2231"},"modified":"2025-09-04T10:06:58","modified_gmt":"2025-09-04T10:06:58","slug":"isntree-hyper-niacinamide-20-serum-20ml","status":"publish","type":"product","link":"https:\/\/k-beautyci.com\/fr\/produit\/isntree-hyper-niacinamide-20-serum-20ml\/","title":{"rendered":"ISNTREE HYPER NIACINAMIDE 20 SERUM 20ml"},"content":{"rendered":"<p>B\u00c9N\u00c9FICES<\/p>\n<ol>\n<li>R\u00e9duction de l'apparence de la pigmentation (taches).<\/li>\n<li>Am\u00e9lioration de la texture de la peau.<\/li>\n<li>R\u00e9duction de l'apparence des pores.<\/li>\n<li>\u00c9quilibre la production de s\u00e9bum.<\/li>\n<\/ol>\n<p><b>Comment l'utiliser :<\/b><br \/>\nApr\u00e8s l'application de la lotion tonique, distribuer 2 \u00e0 3 gouttes et appliquer sur l'ensemble du visage. Tapoter doucement pour une meilleure absorption.<\/p>\n<p>Avertissement : Pour usage externe uniquement. Toujours effectuer un test \u00e9picutan\u00e9. Cessez d'utiliser le produit si vous ressentez une quelconque g\u00eane. Suivre les instructions suppl\u00e9mentaires figurant sur l'emballage. Les r\u00e9sultats individuels peuvent varier.<\/p>","protected":false},"excerpt":{"rendered":"<p>Le s\u00e9rum \u00e0 20 % de niacinamide aide \u00e0 r\u00e9duire visiblement les pores dilat\u00e9s, \u00e0 am\u00e9liorer la texture g\u00e9n\u00e9rale de la peau et \u00e0 \u00e9claircir le teint.<\/p>\n<p>&nbsp;<\/p>","protected":false},"featured_media":2233,"comment_status":"open","ping_status":"closed","template":"","meta":{"om_disable_all_campaigns":false},"product_brand":[],"product_cat":[60,57,52,42,31,69,90,74,66,41],"product_tag":[],"class_list":{"0":"post-2231","1":"product","2":"type-product","3":"status-publish","4":"has-post-thumbnail","6":"product_cat-acne","7":"product_cat-anti-aging","8":"product_cat-dark-spots","9":"product_cat-dry-skin","10":"product_cat-face-serums","11":"product_cat-hyaluronic-acid","12":"product_cat-isntree","13":"product_cat-niacinamide","14":"product_cat-normal-combination-skin","15":"product_cat-oily-skin","17":"first","18":"outofstock","19":"shipping-taxable","20":"purchasable","21":"product-type-simple"},"aioseo_notices":[],"jetpack_sharing_enabled":true,"_links":{"self":[{"href":"https:\/\/k-beautyci.com\/fr\/wp-json\/wp\/v2\/product\/2231","targetHints":{"allow":["GET"]}}],"collection":[{"href":"https:\/\/k-beautyci.com\/fr\/wp-json\/wp\/v2\/product"}],"about":[{"href":"https:\/\/k-beautyci.com\/fr\/wp-json\/wp\/v2\/types\/product"}],"replies":[{"embeddable":true,"href":"https:\/\/k-beautyci.com\/fr\/wp-json\/wp\/v2\/comments?post=2231"}],"wp:featuredmedia":[{"embeddable":true,"href":"https:\/\/k-beautyci.com\/fr\/wp-json\/wp\/v2\/media\/2233"}],"wp:attachment":[{"href":"https:\/\/k-beautyci.com\/fr\/wp-json\/wp\/v2\/media?parent=2231"}],"wp:term":[{"taxonomy":"product_brand","embeddable":true,"href":"https:\/\/k-beautyci.com\/fr\/wp-json\/wp\/v2\/product_brand?post=2231"},{"taxonomy":"product_cat","embeddable":true,"href":"https:\/\/k-beautyci.com\/fr\/wp-json\/wp\/v2\/product_cat?post=2231"},{"taxonomy":"product_tag","embeddable":true,"href":"https:\/\/k-beautyci.com\/fr\/wp-json\/wp\/v2\/product_tag?post=2231"}],"curies":[{"name":"wp","href":"https:\/\/api.w.org\/{rel}","templated":true}]}}