{"id":2189,"date":"2023-08-19T21:06:25","date_gmt":"2023-08-19T21:06:25","guid":{"rendered":"https:\/\/k-beautyci.com\/?post_type=product&#038;p=2189"},"modified":"2026-04-02T22:45:24","modified_gmt":"2026-04-02T22:45:24","slug":"im-from-rice-cream","status":"publish","type":"product","link":"https:\/\/k-beautyci.com\/fr\/produit\/im-from-rice-cream\/","title":{"rendered":"I&#8217;m From Rice Cream"},"content":{"rendered":"","protected":false},"excerpt":{"rendered":"<p>L'eau de son de riz trait\u00e9e I'm From's contient des c\u00e9ramides et des vitamines E et B qui renforcent la barri\u00e8re cutan\u00e9e tout en favorisant l'hydratation. Elle vise \u00e0 contr\u00f4ler l'exc\u00e8s de s\u00e9bum et \u00e0 \u00e9quilibrer le rapport huile\/eau de votre peau. Il en r\u00e9sulte une peau plus douce, plus rebondie et plus claire.<\/p>","protected":false},"featured_media":2191,"comment_status":"open","ping_status":"closed","template":"","meta":{"om_disable_all_campaigns":false},"product_brand":[],"product_cat":[57,148,42,26,170,66,41],"product_tag":[],"class_list":{"0":"post-2189","1":"product","2":"type-product","3":"status-publish","4":"has-post-thumbnail","6":"product_cat-anti-aging","7":"product_cat-ceramide","8":"product_cat-dry-skin","9":"product_cat-face-moisturizer","10":"product_cat-im-from","11":"product_cat-normal-combination-skin","12":"product_cat-oily-skin","14":"first","15":"instock","16":"shipping-taxable","17":"purchasable","18":"product-type-variable"},"aioseo_notices":[],"jetpack_sharing_enabled":true,"_links":{"self":[{"href":"https:\/\/k-beautyci.com\/fr\/wp-json\/wp\/v2\/product\/2189","targetHints":{"allow":["GET"]}}],"collection":[{"href":"https:\/\/k-beautyci.com\/fr\/wp-json\/wp\/v2\/product"}],"about":[{"href":"https:\/\/k-beautyci.com\/fr\/wp-json\/wp\/v2\/types\/product"}],"replies":[{"embeddable":true,"href":"https:\/\/k-beautyci.com\/fr\/wp-json\/wp\/v2\/comments?post=2189"}],"wp:featuredmedia":[{"embeddable":true,"href":"https:\/\/k-beautyci.com\/fr\/wp-json\/wp\/v2\/media\/2191"}],"wp:attachment":[{"href":"https:\/\/k-beautyci.com\/fr\/wp-json\/wp\/v2\/media?parent=2189"}],"wp:term":[{"taxonomy":"product_brand","embeddable":true,"href":"https:\/\/k-beautyci.com\/fr\/wp-json\/wp\/v2\/product_brand?post=2189"},{"taxonomy":"product_cat","embeddable":true,"href":"https:\/\/k-beautyci.com\/fr\/wp-json\/wp\/v2\/product_cat?post=2189"},{"taxonomy":"product_tag","embeddable":true,"href":"https:\/\/k-beautyci.com\/fr\/wp-json\/wp\/v2\/product_tag?post=2189"}],"curies":[{"name":"wp","href":"https:\/\/api.w.org\/{rel}","templated":true}]}}