{"id":2148,"date":"2023-08-17T15:35:07","date_gmt":"2023-08-17T15:35:07","guid":{"rendered":"https:\/\/k-beautyci.com\/?post_type=product&#038;p=2148"},"modified":"2025-06-10T11:15:21","modified_gmt":"2025-06-10T11:15:21","slug":"dermab-cera-md-repair-lotion-400ml","status":"publish","type":"product","link":"https:\/\/k-beautyci.com\/fr\/produit\/dermab-cera-md-repair-lotion-400ml\/","title":{"rendered":"Derma:B Cera MD Repair Lotion 400ml"},"content":{"rendered":"<p>Comment l'utiliser :<\/p>\n<p>Peut \u00eatre utilis\u00e9 \u00e0 tout moment du jour ou de la nuit lorsque la peau tiraille, se dess\u00e8che et se desquame. Verser une petite quantit\u00e9 de lotion dans la paume de la main et lisser sur tout le corps en se concentrant sur les zones qui d\u00e9mangent ou qui pr\u00e9sentent des sympt\u00f4mes de s\u00e9cheresse extr\u00eame et de desquamation. Masser doucement jusqu'\u00e0 ce que la lotion soit compl\u00e8tement absorb\u00e9e. R\u00e9p\u00e9ter l'op\u00e9ration si n\u00e9cessaire.<\/p>","protected":false},"excerpt":{"rendered":"<p>Formul\u00e9 avec l'Adfence-P \u2122 brevet\u00e9 de Neipharm pour aider \u00e0 apaiser les d\u00e9mangeaisons de la peau et contient \u00e9galement une combinaison de c\u00e9ramide et de panth\u00e9nol, Cerapanthe-some, pour aider \u00e0 renforcer la barri\u00e8re cutan\u00e9e et \u00e9galement pour aider les ingr\u00e9dients actifs \u00e0 \u00eatre absorb\u00e9s plus rapidement. Infus\u00e9 avec de l'huile d'olive, des huiles de p\u00e9pins de raisin et d'algue et du beurre de karit\u00e9. Tous ces ingr\u00e9dients naturels agissent ensemble pour aider \u00e0 apaiser et \u00e0 hydrater la peau s\u00e8che et qui d\u00e9mange.<\/p>","protected":false},"featured_media":2151,"comment_status":"open","ping_status":"closed","template":"","meta":{"om_disable_all_campaigns":false},"product_brand":[],"product_cat":[138,148,181,42,66,41,36],"product_tag":[],"class_list":{"0":"post-2148","1":"product","2":"type-product","3":"status-publish","4":"has-post-thumbnail","6":"product_cat-body-moisturizers","7":"product_cat-ceramide","8":"product_cat-dermab","9":"product_cat-dry-skin","10":"product_cat-normal-combination-skin","11":"product_cat-oily-skin","12":"product_cat-sensitive-skin","14":"first","15":"outofstock","16":"sale","17":"shipping-taxable","18":"purchasable","19":"product-type-simple"},"aioseo_notices":[],"jetpack_sharing_enabled":true,"_links":{"self":[{"href":"https:\/\/k-beautyci.com\/fr\/wp-json\/wp\/v2\/product\/2148","targetHints":{"allow":["GET"]}}],"collection":[{"href":"https:\/\/k-beautyci.com\/fr\/wp-json\/wp\/v2\/product"}],"about":[{"href":"https:\/\/k-beautyci.com\/fr\/wp-json\/wp\/v2\/types\/product"}],"replies":[{"embeddable":true,"href":"https:\/\/k-beautyci.com\/fr\/wp-json\/wp\/v2\/comments?post=2148"}],"wp:featuredmedia":[{"embeddable":true,"href":"https:\/\/k-beautyci.com\/fr\/wp-json\/wp\/v2\/media\/2151"}],"wp:attachment":[{"href":"https:\/\/k-beautyci.com\/fr\/wp-json\/wp\/v2\/media?parent=2148"}],"wp:term":[{"taxonomy":"product_brand","embeddable":true,"href":"https:\/\/k-beautyci.com\/fr\/wp-json\/wp\/v2\/product_brand?post=2148"},{"taxonomy":"product_cat","embeddable":true,"href":"https:\/\/k-beautyci.com\/fr\/wp-json\/wp\/v2\/product_cat?post=2148"},{"taxonomy":"product_tag","embeddable":true,"href":"https:\/\/k-beautyci.com\/fr\/wp-json\/wp\/v2\/product_tag?post=2148"}],"curies":[{"name":"wp","href":"https:\/\/api.w.org\/{rel}","templated":true}]}}