{"id":2137,"date":"2023-08-17T15:42:16","date_gmt":"2023-08-17T15:42:16","guid":{"rendered":"https:\/\/k-beautyci.com\/?post_type=product&#038;p=2137"},"modified":"2026-04-14T08:46:29","modified_gmt":"2026-04-14T08:46:29","slug":"skin1004-madagascar-centella-toning-toner-210ml","status":"publish","type":"product","link":"https:\/\/k-beautyci.com\/fr\/produit\/skin1004-madagascar-centella-toning-toner-210ml\/","title":{"rendered":"SKIN1004 Madagascar Centella Toning Toner 210ml"},"content":{"rendered":"<p>Comment l'utiliser :<\/p>\n<p>Appliquer une quantit\u00e9 appropri\u00e9e sur un coton ou directement sur les paumes. Tapoter doucement pour faire p\u00e9n\u00e9trer le produit dans la peau.<\/p>\n<p>&nbsp;<\/p>\n<p>Ingr\u00e9dients<\/p>\n<p>Centella Asiatica Extract(84%), Water, Dipropylene Glycol, 1,2-Hexanediol, Niacinamide, Gluconolactone, Tromethamine, Carbomer, Sodium Citrate, Adenosine, Disodium EDTA, Dipotassium Glycyrrhizate, Betaine, Hyaluronic Acid, Ethylhexylglycerin<\/p>","protected":false},"excerpt":{"rendered":"<p>Un tonique exfoliant doux qui peut \u00eatre utilis\u00e9 quotidiennement pour aider \u00e0 exfolier les cellules mortes de la peau et qui convient aux peaux sensibles.<\/p>\n<p>Ingr\u00e9dients cl\u00e9s :<\/p>\n<p>PHA (Gluconolactone) : Exfolie et \u00e9limine les cellules mortes sans irriter la peau.<\/p>\n<p>Extrait de Centella Asiatica : apaise et r\u00e9tablit le niveau d'hydratation de la peau.<\/p>\n<p>&nbsp;<\/p>","protected":false},"featured_media":2139,"comment_status":"open","ping_status":"closed","template":"","meta":{"om_disable_all_campaigns":false},"product_brand":[],"product_cat":[60,25,88,52,61,39,69,74,94],"product_tag":[],"class_list":{"0":"post-2137","1":"product","2":"type-product","3":"status-publish","4":"has-post-thumbnail","6":"product_cat-acne","7":"product_cat-asian-brands","8":"product_cat-centella","9":"product_cat-dark-spots","10":"product_cat-face-exfoliator-peels-scrubs","11":"product_cat-face-toners","12":"product_cat-hyaluronic-acid","13":"product_cat-niacinamide","14":"product_cat-skin-1004","16":"first","17":"instock","18":"shipping-taxable","19":"purchasable","20":"product-type-simple"},"aioseo_notices":[],"jetpack_sharing_enabled":true,"_links":{"self":[{"href":"https:\/\/k-beautyci.com\/fr\/wp-json\/wp\/v2\/product\/2137","targetHints":{"allow":["GET"]}}],"collection":[{"href":"https:\/\/k-beautyci.com\/fr\/wp-json\/wp\/v2\/product"}],"about":[{"href":"https:\/\/k-beautyci.com\/fr\/wp-json\/wp\/v2\/types\/product"}],"replies":[{"embeddable":true,"href":"https:\/\/k-beautyci.com\/fr\/wp-json\/wp\/v2\/comments?post=2137"}],"wp:featuredmedia":[{"embeddable":true,"href":"https:\/\/k-beautyci.com\/fr\/wp-json\/wp\/v2\/media\/2139"}],"wp:attachment":[{"href":"https:\/\/k-beautyci.com\/fr\/wp-json\/wp\/v2\/media?parent=2137"}],"wp:term":[{"taxonomy":"product_brand","embeddable":true,"href":"https:\/\/k-beautyci.com\/fr\/wp-json\/wp\/v2\/product_brand?post=2137"},{"taxonomy":"product_cat","embeddable":true,"href":"https:\/\/k-beautyci.com\/fr\/wp-json\/wp\/v2\/product_cat?post=2137"},{"taxonomy":"product_tag","embeddable":true,"href":"https:\/\/k-beautyci.com\/fr\/wp-json\/wp\/v2\/product_tag?post=2137"}],"curies":[{"name":"wp","href":"https:\/\/api.w.org\/{rel}","templated":true}]}}