{"id":2122,"date":"2023-08-17T15:29:12","date_gmt":"2023-08-17T15:29:12","guid":{"rendered":"https:\/\/k-beautyci.com\/?post_type=product&#038;p=2122"},"modified":"2026-05-03T14:25:57","modified_gmt":"2026-05-03T14:25:57","slug":"by-wishtrend-mandelic-acid-5-skin-prep-water-120ml","status":"publish","type":"product","link":"https:\/\/k-beautyci.com\/fr\/produit\/by-wishtrend-mandelic-acid-5-skin-prep-water-120ml\/","title":{"rendered":"By Wishtrend Mandelic Acid 5% Skin Prep Water 120ml"},"content":{"rendered":"<p>Comment l'utiliser :<\/p>\n<p>Apr\u00e8s le nettoyage, imbibez l'exfoliant d'un coton et passez-le sur la peau pendant la routine de soins.<\/p>\n<p>&nbsp;<\/p>\n<p>Utiliser uniquement selon les instructions. \u00c9viter tout contact avec les yeux. Si l'irritation persiste, cesser l'utilisation et consulter un m\u00e9decin. Avant de s'exposer au soleil, il est recommand\u00e9 aux utilisateurs de couvrir les zones o\u00f9 les AHA ont \u00e9t\u00e9 appliqu\u00e9s avec un \u00e9cran solaire. Le contact du produit avec la peau doit \u00eatre limit\u00e9 en fr\u00e9quence et en dur\u00e9e.<\/p>","protected":false},"excerpt":{"rendered":"<p>L'exfoliation et l'hydratation p\u00e9riodiques sont essentielles \u00e0 la sant\u00e9 de la peau :<br \/>\nCe produit est un exfoliant doux et peu irritant contenant 5 % d'acide mand\u00e9lique. Les ingr\u00e9dients cl\u00e9s de cet exfoliant (panth\u00e9nol, extrait de centella asiatica et b\u00eata-glucane) hydratent la peau apr\u00e8s l'exfoliation et aident \u00e0 r\u00e9guler la production de s\u00e9bum. L'eau de pr\u00e9paration de la peau \u00e0 l'acide mand\u00e9lique est recommand\u00e9e pour les personnes qui ont une peau sujette \u00e0 l'acn\u00e9, des pores, une peau terne et une inflammation.<\/p>","protected":false},"featured_media":2128,"comment_status":"open","ping_status":"closed","template":"","meta":{"om_disable_all_campaigns":false},"product_brand":[],"product_cat":[60,25,179,88,52,42,61,39,66,41],"product_tag":[],"class_list":{"0":"post-2122","1":"product","2":"type-product","3":"status-publish","4":"has-post-thumbnail","6":"product_cat-acne","7":"product_cat-asian-brands","8":"product_cat-wishtrend","9":"product_cat-centella","10":"product_cat-dark-spots","11":"product_cat-dry-skin","12":"product_cat-face-exfoliator-peels-scrubs","13":"product_cat-face-toners","14":"product_cat-normal-combination-skin","15":"product_cat-oily-skin","17":"first","18":"instock","19":"sale","20":"shipping-taxable","21":"purchasable","22":"product-type-simple"},"aioseo_notices":[],"jetpack_sharing_enabled":true,"_links":{"self":[{"href":"https:\/\/k-beautyci.com\/fr\/wp-json\/wp\/v2\/product\/2122","targetHints":{"allow":["GET"]}}],"collection":[{"href":"https:\/\/k-beautyci.com\/fr\/wp-json\/wp\/v2\/product"}],"about":[{"href":"https:\/\/k-beautyci.com\/fr\/wp-json\/wp\/v2\/types\/product"}],"replies":[{"embeddable":true,"href":"https:\/\/k-beautyci.com\/fr\/wp-json\/wp\/v2\/comments?post=2122"}],"wp:featuredmedia":[{"embeddable":true,"href":"https:\/\/k-beautyci.com\/fr\/wp-json\/wp\/v2\/media\/2128"}],"wp:attachment":[{"href":"https:\/\/k-beautyci.com\/fr\/wp-json\/wp\/v2\/media?parent=2122"}],"wp:term":[{"taxonomy":"product_brand","embeddable":true,"href":"https:\/\/k-beautyci.com\/fr\/wp-json\/wp\/v2\/product_brand?post=2122"},{"taxonomy":"product_cat","embeddable":true,"href":"https:\/\/k-beautyci.com\/fr\/wp-json\/wp\/v2\/product_cat?post=2122"},{"taxonomy":"product_tag","embeddable":true,"href":"https:\/\/k-beautyci.com\/fr\/wp-json\/wp\/v2\/product_tag?post=2122"}],"curies":[{"name":"wp","href":"https:\/\/api.w.org\/{rel}","templated":true}]}}