{"id":2112,"date":"2023-08-20T20:18:41","date_gmt":"2023-08-20T20:18:41","guid":{"rendered":"https:\/\/k-beautyci.com\/?post_type=product&#038;p=2112"},"modified":"2025-06-13T14:34:02","modified_gmt":"2025-06-13T14:34:02","slug":"good-molecules-niacinamide-brightening-toner-120ml","status":"publish","type":"product","link":"https:\/\/k-beautyci.com\/fr\/produit\/good-molecules-niacinamide-brightening-toner-120ml\/","title":{"rendered":"Good Molecules NIACINAMIDE BRIGHTENING TONER 120ml"},"content":{"rendered":"<p>Comment l'utiliser :<\/p>\n<p>Appliquer sur un coton et faire p\u00e9n\u00e9trer d\u00e9licatement sur la peau fra\u00eechement nettoy\u00e9e. Il est \u00e9galement possible de r\u00e9partir le produit dans les paumes et de le faire p\u00e9n\u00e9trer en tapotant jusqu'\u00e0 ce qu'il soit enti\u00e8rement absorb\u00e9. Convient \u00e0 un usage quotidien.<\/p>","protected":false},"excerpt":{"rendered":"<p>Ce tonique sans alcool de Good Molecules favorise une peau \u00e9clatante et uniforme et des pores moins visibles. Le tonique \u00e9claircissant \u00e0 base de niacinamide est formul\u00e9 avec un m\u00e9lange apaisant d'ingr\u00e9dients \u00e9claircissants qui r\u00e9duisent l'apparence de l'aspect terne, du teint in\u00e9gal et des pores dilat\u00e9s.<\/p>","protected":false},"featured_media":2113,"comment_status":"open","ping_status":"closed","template":"","meta":{"om_disable_all_campaigns":false},"product_brand":[],"product_cat":[60,52,39,178,74],"product_tag":[],"class_list":{"0":"post-2112","1":"product","2":"type-product","3":"status-publish","4":"has-post-thumbnail","6":"product_cat-acne","7":"product_cat-dark-spots","8":"product_cat-face-toners","9":"product_cat-good-molecules","10":"product_cat-niacinamide","12":"first","13":"outofstock","14":"shipping-taxable","15":"purchasable","16":"product-type-simple"},"aioseo_notices":[],"jetpack_sharing_enabled":true,"_links":{"self":[{"href":"https:\/\/k-beautyci.com\/fr\/wp-json\/wp\/v2\/product\/2112","targetHints":{"allow":["GET"]}}],"collection":[{"href":"https:\/\/k-beautyci.com\/fr\/wp-json\/wp\/v2\/product"}],"about":[{"href":"https:\/\/k-beautyci.com\/fr\/wp-json\/wp\/v2\/types\/product"}],"replies":[{"embeddable":true,"href":"https:\/\/k-beautyci.com\/fr\/wp-json\/wp\/v2\/comments?post=2112"}],"wp:featuredmedia":[{"embeddable":true,"href":"https:\/\/k-beautyci.com\/fr\/wp-json\/wp\/v2\/media\/2113"}],"wp:attachment":[{"href":"https:\/\/k-beautyci.com\/fr\/wp-json\/wp\/v2\/media?parent=2112"}],"wp:term":[{"taxonomy":"product_brand","embeddable":true,"href":"https:\/\/k-beautyci.com\/fr\/wp-json\/wp\/v2\/product_brand?post=2112"},{"taxonomy":"product_cat","embeddable":true,"href":"https:\/\/k-beautyci.com\/fr\/wp-json\/wp\/v2\/product_cat?post=2112"},{"taxonomy":"product_tag","embeddable":true,"href":"https:\/\/k-beautyci.com\/fr\/wp-json\/wp\/v2\/product_tag?post=2112"}],"curies":[{"name":"wp","href":"https:\/\/api.w.org\/{rel}","templated":true}]}}