{"id":2108,"date":"2023-08-17T15:36:01","date_gmt":"2023-08-17T15:36:01","guid":{"rendered":"https:\/\/k-beautyci.com\/?post_type=product&#038;p=2108"},"modified":"2025-12-19T17:37:44","modified_gmt":"2025-12-19T17:37:44","slug":"good-molecules-discoloration-correcting-serum-30ml","status":"publish","type":"product","link":"https:\/\/k-beautyci.com\/fr\/produit\/good-molecules-discoloration-correcting-serum-30ml\/","title":{"rendered":"Good Molecules DISCOLORATION CORRECTING SERUM 30ml"},"content":{"rendered":"<p>Comment l'utiliser :<\/p>\n<p>Appliquer quelques gouttes le matin et le soir avant les huiles et les cr\u00e8mes hydratantes. Convient \u00e0 un usage quotidien. Cesser l'utilisation en cas d'irritation.<\/p>","protected":false},"excerpt":{"rendered":"<p>Am\u00e9liorez l'apparence des d\u00e9colorations de la peau et du teint in\u00e9gal avec le s\u00e9rum correcteur de d\u00e9coloration. Formul\u00e9 avec une forme avanc\u00e9e d'acide tranexamique (cetyl tranexamate mesylate) et 4 % de niacinamide, ce s\u00e9rum l\u00e9ger am\u00e9liore l'apparence des taches de vieillesse, des cicatrices d'acn\u00e9, de l'hyperpigmentation et des dommages caus\u00e9s par le soleil.<\/p>","protected":false},"featured_media":2110,"comment_status":"open","ping_status":"closed","template":"","meta":{"om_disable_all_campaigns":false},"product_brand":[],"product_cat":[60,52,31,33,178,74],"product_tag":[],"class_list":{"0":"post-2108","1":"product","2":"type-product","3":"status-publish","4":"has-post-thumbnail","6":"product_cat-acne","7":"product_cat-dark-spots","8":"product_cat-face-serums","9":"product_cat-face-treatments","10":"product_cat-good-molecules","11":"product_cat-niacinamide","13":"first","14":"outofstock","15":"shipping-taxable","16":"purchasable","17":"product-type-simple"},"aioseo_notices":[],"jetpack_sharing_enabled":true,"_links":{"self":[{"href":"https:\/\/k-beautyci.com\/fr\/wp-json\/wp\/v2\/product\/2108","targetHints":{"allow":["GET"]}}],"collection":[{"href":"https:\/\/k-beautyci.com\/fr\/wp-json\/wp\/v2\/product"}],"about":[{"href":"https:\/\/k-beautyci.com\/fr\/wp-json\/wp\/v2\/types\/product"}],"replies":[{"embeddable":true,"href":"https:\/\/k-beautyci.com\/fr\/wp-json\/wp\/v2\/comments?post=2108"}],"wp:featuredmedia":[{"embeddable":true,"href":"https:\/\/k-beautyci.com\/fr\/wp-json\/wp\/v2\/media\/2110"}],"wp:attachment":[{"href":"https:\/\/k-beautyci.com\/fr\/wp-json\/wp\/v2\/media?parent=2108"}],"wp:term":[{"taxonomy":"product_brand","embeddable":true,"href":"https:\/\/k-beautyci.com\/fr\/wp-json\/wp\/v2\/product_brand?post=2108"},{"taxonomy":"product_cat","embeddable":true,"href":"https:\/\/k-beautyci.com\/fr\/wp-json\/wp\/v2\/product_cat?post=2108"},{"taxonomy":"product_tag","embeddable":true,"href":"https:\/\/k-beautyci.com\/fr\/wp-json\/wp\/v2\/product_tag?post=2108"}],"curies":[{"name":"wp","href":"https:\/\/api.w.org\/{rel}","templated":true}]}}