{"id":21,"date":"2023-03-04T23:43:13","date_gmt":"2023-03-04T23:43:13","guid":{"rendered":"https:\/\/k-beautyci.com\/?post_type=product&#038;p=21"},"modified":"2026-04-26T14:22:51","modified_gmt":"2026-04-26T14:22:51","slug":"cosrx-advanced-snail-92-all-in-one-cream","status":"publish","type":"product","link":"https:\/\/k-beautyci.com\/fr\/produit\/cosrx-advanced-snail-92-all-in-one-cream\/","title":{"rendered":"COSRX - Cr\u00e8me hydratante \u00e0 la bave d\u2019escargot"},"content":{"rendered":"<p><u>B\u00c9N\u00c9FICES<\/u><\/p>\n<p>Nourishes &amp; plumps<br \/>\nAnti-\u00e2ge<br \/>\nR\u00e9pare la peau ab\u00eem\u00e9e<br \/>\nHydratation longue dur\u00e9e<\/p>\n<p>&nbsp;<\/p>\n<p><u>CIBLES<\/u><\/p>\n<p>Red, irritated skin<br \/>\nPeau terne et rugueuse<br \/>\nTaches sombres et cicatrices<br \/>\nPeau d\u00e9shydrat\u00e9e<\/p>","protected":false},"excerpt":{"rendered":"<p><strong>Cr\u00e8me hydratante enrichie de 92% de mucine d'escargot pour nourrir la peau.\u00a0<\/strong><\/p>\n<p>Une cr\u00e8me tout-en-un qui r\u00e9pare et apaise la peau irrit\u00e9e et sensibilis\u00e9e apr\u00e8s les \u00e9ruptions cutan\u00e9es. Cette cr\u00e8me riche de type gel p\u00e9n\u00e8tre instantan\u00e9ment dans la peau et la nourrit pleinement, tout en laissant une sensation de fra\u00eecheur et de confort.<\/p>\n<p>Recommand\u00e9 pour tous les types de peau. Sans parfum.<\/p>","protected":false},"featured_media":22,"comment_status":"open","ping_status":"closed","template":"","meta":{"om_disable_all_campaigns":false},"product_brand":[],"product_cat":[25,51,42,26,66,41,28,27],"product_tag":[21,20,29],"class_list":{"0":"post-21","1":"product","2":"type-product","3":"status-publish","4":"has-post-thumbnail","6":"product_cat-asian-brands","7":"product_cat-cosrx","8":"product_cat-dry-skin","9":"product_cat-face-moisturizer","10":"product_cat-normal-combination-skin","11":"product_cat-oily-skin","12":"product_cat-product-category","13":"product_cat-skincare-face","14":"product_tag-cosrx","15":"product_tag-moisturizer","16":"product_tag-snail-mucin","18":"first","19":"instock","20":"shipping-taxable","21":"purchasable","22":"product-type-variable"},"aioseo_notices":[],"jetpack_sharing_enabled":true,"_links":{"self":[{"href":"https:\/\/k-beautyci.com\/fr\/wp-json\/wp\/v2\/product\/21","targetHints":{"allow":["GET"]}}],"collection":[{"href":"https:\/\/k-beautyci.com\/fr\/wp-json\/wp\/v2\/product"}],"about":[{"href":"https:\/\/k-beautyci.com\/fr\/wp-json\/wp\/v2\/types\/product"}],"replies":[{"embeddable":true,"href":"https:\/\/k-beautyci.com\/fr\/wp-json\/wp\/v2\/comments?post=21"}],"wp:featuredmedia":[{"embeddable":true,"href":"https:\/\/k-beautyci.com\/fr\/wp-json\/wp\/v2\/media\/22"}],"wp:attachment":[{"href":"https:\/\/k-beautyci.com\/fr\/wp-json\/wp\/v2\/media?parent=21"}],"wp:term":[{"taxonomy":"product_brand","embeddable":true,"href":"https:\/\/k-beautyci.com\/fr\/wp-json\/wp\/v2\/product_brand?post=21"},{"taxonomy":"product_cat","embeddable":true,"href":"https:\/\/k-beautyci.com\/fr\/wp-json\/wp\/v2\/product_cat?post=21"},{"taxonomy":"product_tag","embeddable":true,"href":"https:\/\/k-beautyci.com\/fr\/wp-json\/wp\/v2\/product_tag?post=21"}],"curies":[{"name":"wp","href":"https:\/\/api.w.org\/{rel}","templated":true}]}}