{"id":2068,"date":"2023-08-17T15:27:16","date_gmt":"2023-08-17T15:27:16","guid":{"rendered":"https:\/\/k-beautyci.com\/?post_type=product&#038;p=2068"},"modified":"2024-04-28T17:08:37","modified_gmt":"2024-04-28T17:08:37","slug":"acwell-ph-balancing-watery-cleansing-oil","status":"publish","type":"product","link":"https:\/\/k-beautyci.com\/fr\/produit\/acwell-ph-balancing-watery-cleansing-oil\/","title":{"rendered":"Acwell pH Balancing Watery Cleansing Oil"},"content":{"rendered":"<p>Comment l'utiliser :<\/p>\n<p>Commencez par avoir les mains et le visage secs. D\u00e9posez une quantit\u00e9 suffisante d'huile nettoyante dans la paume de la main et massez doucement. Mouillez vos mains pour \u00e9mulsionner l'huile. Rincez bien \u00e0 l'eau ti\u00e8de et s\u00e9chez en tapotant.<\/p>","protected":false},"excerpt":{"rendered":"<p>Cette huile nettoyante douce et \u00e9claircissante \u00e9limine les points noirs tenaces. L'huile nettoyante aqueuse Acwell pH Balancing aide \u00e0 exfolier en douceur, \u00e0 faire fondre les points noirs et \u00e0 d\u00e9maquiller la peau pour qu'elle soit douce, souple et nettoy\u00e9e. Cette huile nettoyante \u00e0 base de plantes \u00e9limine \u00e9galement le maquillage tenace et les impuret\u00e9s de la peau.<\/p>","protected":false},"featured_media":2145,"comment_status":"open","ping_status":"closed","template":"","meta":{"om_disable_all_campaigns":false},"product_brand":[],"product_cat":[162,42,35,63,66,41,36],"product_tag":[],"class_list":{"0":"post-2068","1":"product","2":"type-product","3":"status-publish","4":"has-post-thumbnail","6":"product_cat-acwell","7":"product_cat-dry-skin","8":"product_cat-face-cleansers","9":"product_cat-makeup-removers","10":"product_cat-normal-combination-skin","11":"product_cat-oily-skin","12":"product_cat-sensitive-skin","14":"first","15":"outofstock","16":"shipping-taxable","17":"purchasable","18":"product-type-simple"},"aioseo_notices":[],"jetpack_sharing_enabled":true,"_links":{"self":[{"href":"https:\/\/k-beautyci.com\/fr\/wp-json\/wp\/v2\/product\/2068","targetHints":{"allow":["GET"]}}],"collection":[{"href":"https:\/\/k-beautyci.com\/fr\/wp-json\/wp\/v2\/product"}],"about":[{"href":"https:\/\/k-beautyci.com\/fr\/wp-json\/wp\/v2\/types\/product"}],"replies":[{"embeddable":true,"href":"https:\/\/k-beautyci.com\/fr\/wp-json\/wp\/v2\/comments?post=2068"}],"wp:featuredmedia":[{"embeddable":true,"href":"https:\/\/k-beautyci.com\/fr\/wp-json\/wp\/v2\/media\/2145"}],"wp:attachment":[{"href":"https:\/\/k-beautyci.com\/fr\/wp-json\/wp\/v2\/media?parent=2068"}],"wp:term":[{"taxonomy":"product_brand","embeddable":true,"href":"https:\/\/k-beautyci.com\/fr\/wp-json\/wp\/v2\/product_brand?post=2068"},{"taxonomy":"product_cat","embeddable":true,"href":"https:\/\/k-beautyci.com\/fr\/wp-json\/wp\/v2\/product_cat?post=2068"},{"taxonomy":"product_tag","embeddable":true,"href":"https:\/\/k-beautyci.com\/fr\/wp-json\/wp\/v2\/product_tag?post=2068"}],"curies":[{"name":"wp","href":"https:\/\/api.w.org\/{rel}","templated":true}]}}