{"id":2065,"date":"2023-08-17T15:31:09","date_gmt":"2023-08-17T15:31:09","guid":{"rendered":"https:\/\/k-beautyci.com\/?post_type=product&#038;p=2065"},"modified":"2024-09-27T09:11:46","modified_gmt":"2024-09-27T09:11:46","slug":"cosrx-aloe-54-2-aqua-tone-up-sunscreen-spf-50-pa","status":"publish","type":"product","link":"https:\/\/k-beautyci.com\/fr\/produit\/cosrx-aloe-54-2-aqua-tone-up-sunscreen-spf-50-pa\/","title":{"rendered":"Cosrx Aloe 54.2 Aqua Tone-up Sunscreen SPF 50+ PA++++"},"content":{"rendered":"<p>Comment l'utiliser :<\/p>\n<p>Appliquer g\u00e9n\u00e9reusement au moins 15 minutes avant l'exposition au soleil.<br \/>\nRenouveler l'application au moins toutes les 2 heures.<br \/>\n*Peut \u00eatre utilis\u00e9 seul ou sous le maquillage.<\/p>","protected":false},"excerpt":{"rendered":"<p>Infus\u00e9e d'eau de feuilles d'aloe barbadensis, cette cr\u00e8me solaire l\u00e9g\u00e8re prot\u00e8ge contre les rayons UV nocifs et apaise les coups de soleil tout en offrant une apparence douce et non grasse tout au long de la journ\u00e9e.<\/p>","protected":false},"featured_media":2067,"comment_status":"open","ping_status":"closed","template":"","meta":{"om_disable_all_campaigns":false},"product_brand":[],"product_cat":[51,77,75],"product_tag":[],"class_list":{"0":"post-2065","1":"product","2":"type-product","3":"status-publish","4":"has-post-thumbnail","6":"product_cat-cosrx","7":"product_cat-spf-50","8":"product_cat-sunscreens","10":"first","11":"outofstock","12":"sale","13":"shipping-taxable","14":"purchasable","15":"product-type-simple"},"aioseo_notices":[],"jetpack_sharing_enabled":true,"_links":{"self":[{"href":"https:\/\/k-beautyci.com\/fr\/wp-json\/wp\/v2\/product\/2065","targetHints":{"allow":["GET"]}}],"collection":[{"href":"https:\/\/k-beautyci.com\/fr\/wp-json\/wp\/v2\/product"}],"about":[{"href":"https:\/\/k-beautyci.com\/fr\/wp-json\/wp\/v2\/types\/product"}],"replies":[{"embeddable":true,"href":"https:\/\/k-beautyci.com\/fr\/wp-json\/wp\/v2\/comments?post=2065"}],"wp:featuredmedia":[{"embeddable":true,"href":"https:\/\/k-beautyci.com\/fr\/wp-json\/wp\/v2\/media\/2067"}],"wp:attachment":[{"href":"https:\/\/k-beautyci.com\/fr\/wp-json\/wp\/v2\/media?parent=2065"}],"wp:term":[{"taxonomy":"product_brand","embeddable":true,"href":"https:\/\/k-beautyci.com\/fr\/wp-json\/wp\/v2\/product_brand?post=2065"},{"taxonomy":"product_cat","embeddable":true,"href":"https:\/\/k-beautyci.com\/fr\/wp-json\/wp\/v2\/product_cat?post=2065"},{"taxonomy":"product_tag","embeddable":true,"href":"https:\/\/k-beautyci.com\/fr\/wp-json\/wp\/v2\/product_tag?post=2065"}],"curies":[{"name":"wp","href":"https:\/\/api.w.org\/{rel}","templated":true}]}}