{"id":2062,"date":"2023-08-17T15:27:28","date_gmt":"2023-08-17T15:27:28","guid":{"rendered":"https:\/\/k-beautyci.com\/?post_type=product&#038;p=2062"},"modified":"2024-11-14T13:06:31","modified_gmt":"2024-11-14T13:06:31","slug":"ameliorate-transforming-body-lotion-200ml-rose","status":"publish","type":"product","link":"https:\/\/k-beautyci.com\/fr\/produit\/ameliorate-transforming-body-lotion-200ml-rose\/","title":{"rendered":"AMELIORATE Transforming Body Lotion 200ml &#8211; Rose"},"content":{"rendered":"<p>Comment l'utiliser :<\/p>\n<p>Appliquer deux fois par jour pendant 4 semaines. Par la suite, appliquer quotidiennement pour maintenir l'\u00e9tat optimal de la peau.<\/p>\n<p><strong>ALERTE AUX BR\u00dbLEMENTS DE SOLEIL<\/strong><br \/>\nCe produit contient un acide alpha-hydroxyl\u00e9 (AHA) qui peut augmenter la sensibilit\u00e9 de votre peau au soleil et notamment le risque de coup de soleil. Utilisez un \u00e9cran solaire, portez des v\u00eatements protecteurs et limitez l'exposition au soleil pendant l'utilisation de ce produit et pendant la semaine qui suit.<\/p>","protected":false},"excerpt":{"rendered":"<p>Une lotion corporelle l\u00e9g\u00e8re et quotidienne adapt\u00e9e aux personnes atteintes de k\u00e9ratose pilaire, qui exfolie et hydrate la peau. Cliniquement prouv\u00e9 et test\u00e9 par des dermatologues, AMELIORATE est con\u00e7u pour les peaux rugueuses, s\u00e8ches et bossel\u00e9es. Il am\u00e9liore l'aspect et la sensation de la peau, hydrate en profondeur les peaux tr\u00e8s s\u00e8ches et laisse les peaux normales \u00e9tonnamment douces et lisses, tout en prot\u00e9geant leur barri\u00e8re naturelle d'hydratation.<\/p>\n<p><strong>CONVIENT POUR<\/strong><\/p>\n<ul>\n<li>Peau rugueuse et bossel\u00e9e<\/li>\n<li>Peau tr\u00e8s s\u00e8che<\/li>\n<li>Peau d\u00e9shydrat\u00e9e<\/li>\n<li>Poils incarn\u00e9s<\/li>\n<li>Les bosses de rasoir<\/li>\n<\/ul>\n<p><strong>AVANTAGES<\/strong><\/p>\n<ul>\n<li>\u00c9limine les cellules mortes de la peau.<\/li>\n<li>D\u00e9bloque les follicules pileux.<\/li>\n<li>Adoucit, lisse et soigne la peau.<\/li>\n<li>Test\u00e9 dermatologiquement.<\/li>\n<li>Convient \u00e0 tous les types de peau.<\/li>\n<\/ul>","protected":false},"featured_media":2064,"comment_status":"open","ping_status":"closed","template":"","meta":{"om_disable_all_campaigns":false},"product_brand":[],"product_cat":[78,138,133,42,66],"product_tag":[],"class_list":{"0":"post-2062","1":"product","2":"type-product","3":"status-publish","4":"has-post-thumbnail","6":"product_cat-aha-bha","7":"product_cat-body-moisturizers","8":"product_cat-brands-brands","9":"product_cat-dry-skin","10":"product_cat-normal-combination-skin","12":"first","13":"outofstock","14":"sale","15":"shipping-taxable","16":"purchasable","17":"product-type-simple"},"aioseo_notices":[],"jetpack_sharing_enabled":true,"_links":{"self":[{"href":"https:\/\/k-beautyci.com\/fr\/wp-json\/wp\/v2\/product\/2062","targetHints":{"allow":["GET"]}}],"collection":[{"href":"https:\/\/k-beautyci.com\/fr\/wp-json\/wp\/v2\/product"}],"about":[{"href":"https:\/\/k-beautyci.com\/fr\/wp-json\/wp\/v2\/types\/product"}],"replies":[{"embeddable":true,"href":"https:\/\/k-beautyci.com\/fr\/wp-json\/wp\/v2\/comments?post=2062"}],"wp:featuredmedia":[{"embeddable":true,"href":"https:\/\/k-beautyci.com\/fr\/wp-json\/wp\/v2\/media\/2064"}],"wp:attachment":[{"href":"https:\/\/k-beautyci.com\/fr\/wp-json\/wp\/v2\/media?parent=2062"}],"wp:term":[{"taxonomy":"product_brand","embeddable":true,"href":"https:\/\/k-beautyci.com\/fr\/wp-json\/wp\/v2\/product_brand?post=2062"},{"taxonomy":"product_cat","embeddable":true,"href":"https:\/\/k-beautyci.com\/fr\/wp-json\/wp\/v2\/product_cat?post=2062"},{"taxonomy":"product_tag","embeddable":true,"href":"https:\/\/k-beautyci.com\/fr\/wp-json\/wp\/v2\/product_tag?post=2062"}],"curies":[{"name":"wp","href":"https:\/\/api.w.org\/{rel}","templated":true}]}}