{"id":2059,"date":"2023-08-17T15:38:12","date_gmt":"2023-08-17T15:38:12","guid":{"rendered":"https:\/\/k-beautyci.com\/?post_type=product&#038;p=2059"},"modified":"2024-04-03T22:54:08","modified_gmt":"2024-04-03T22:54:08","slug":"jumiso-waterfull-hyaluronic-cream","status":"publish","type":"product","link":"https:\/\/k-beautyci.com\/fr\/produit\/jumiso-waterfull-hyaluronic-cream\/","title":{"rendered":"Jumiso Waterfull Hyaluronic Cream"},"content":{"rendered":"<p>Comment l'utiliser :<\/p>\n<p>Apr\u00e8s avoir nettoy\u00e9 et tonifi\u00e9 le visage, appliquez-le uniform\u00e9ment sur le visage, matin et soir.<\/p>","protected":false},"excerpt":{"rendered":"<p class=\"product__text\">L'acide hyaluronique 3-complexe assure une hydratation en profondeur - Les acides hyaluroniques de diff\u00e9rentes tailles de mol\u00e9cules sont absorb\u00e9s dans les diff\u00e9rentes couches de la peau pour hydrater la peau en profondeur.<\/p>\n<p class=\"product__text\">Les 5 ingr\u00e9dients du microbiome favorisent une peau ferme et saine.<span class=\"a-text-bold\">L'extrait de malachite stimule le collag\u00e8ne <\/span>tout en \u00e9tant un antioxydant.<\/p>\n<p>Suitable for all skin types including oily or acne-prone skin. Helps in&nbsp;sebum control&nbsp;on the skin surface.<\/p>","protected":false},"featured_media":2061,"comment_status":"open","ping_status":"closed","template":"","meta":{"om_disable_all_campaigns":false},"product_brand":[],"product_cat":[42,26,69,153,66,41,36],"product_tag":[],"class_list":{"0":"post-2059","1":"product","2":"type-product","3":"status-publish","4":"has-post-thumbnail","6":"product_cat-dry-skin","7":"product_cat-face-moisturizer","8":"product_cat-hyaluronic-acid","9":"product_cat-jumiso","10":"product_cat-normal-combination-skin","11":"product_cat-oily-skin","12":"product_cat-sensitive-skin","14":"first","15":"outofstock","16":"shipping-taxable","17":"purchasable","18":"product-type-simple"},"aioseo_notices":[],"jetpack_sharing_enabled":true,"_links":{"self":[{"href":"https:\/\/k-beautyci.com\/fr\/wp-json\/wp\/v2\/product\/2059","targetHints":{"allow":["GET"]}}],"collection":[{"href":"https:\/\/k-beautyci.com\/fr\/wp-json\/wp\/v2\/product"}],"about":[{"href":"https:\/\/k-beautyci.com\/fr\/wp-json\/wp\/v2\/types\/product"}],"replies":[{"embeddable":true,"href":"https:\/\/k-beautyci.com\/fr\/wp-json\/wp\/v2\/comments?post=2059"}],"wp:featuredmedia":[{"embeddable":true,"href":"https:\/\/k-beautyci.com\/fr\/wp-json\/wp\/v2\/media\/2061"}],"wp:attachment":[{"href":"https:\/\/k-beautyci.com\/fr\/wp-json\/wp\/v2\/media?parent=2059"}],"wp:term":[{"taxonomy":"product_brand","embeddable":true,"href":"https:\/\/k-beautyci.com\/fr\/wp-json\/wp\/v2\/product_brand?post=2059"},{"taxonomy":"product_cat","embeddable":true,"href":"https:\/\/k-beautyci.com\/fr\/wp-json\/wp\/v2\/product_cat?post=2059"},{"taxonomy":"product_tag","embeddable":true,"href":"https:\/\/k-beautyci.com\/fr\/wp-json\/wp\/v2\/product_tag?post=2059"}],"curies":[{"name":"wp","href":"https:\/\/api.w.org\/{rel}","templated":true}]}}