{"id":2057,"date":"2023-08-05T23:34:07","date_gmt":"2023-08-05T23:34:07","guid":{"rendered":"https:\/\/k-beautyci.com\/?post_type=product&#038;p=2057"},"modified":"2026-04-15T15:27:21","modified_gmt":"2026-04-15T15:27:21","slug":"illiyoon-ceramide-ato-concentrate-cream-200ml","status":"publish","type":"product","link":"https:\/\/k-beautyci.com\/fr\/produit\/illiyoon-ceramide-ato-concentrate-cream-200ml\/","title":{"rendered":"ILLIYOON Ceramide Ato Concentrate Cream"},"content":{"rendered":"","protected":false},"excerpt":{"rendered":"<p>Cette cr\u00e8me aux c\u00e9ramides hydrate votre peau en profondeur gr\u00e2ce \u00e0 un m\u00e9lange de c\u00e9ramides de marque d\u00e9pos\u00e9e. Sa forte concentration en c\u00e9ramides prot\u00e8ge la barri\u00e8re cutan\u00e9e et pr\u00e9vient la perte d'hydratation. Elle convient parfaitement aux personnes dont la peau s\u00e8che a besoin d'un soin suppl\u00e9mentaire.<\/p>","protected":false},"featured_media":2058,"comment_status":"open","ping_status":"closed","template":"","meta":{"om_disable_all_campaigns":false},"product_brand":[],"product_cat":[25],"product_tag":[],"class_list":{"0":"post-2057","1":"product","2":"type-product","3":"status-publish","4":"has-post-thumbnail","6":"product_cat-asian-brands","8":"first","9":"instock","10":"sale","11":"shipping-taxable","12":"purchasable","13":"product-type-variable"},"aioseo_notices":[],"jetpack_sharing_enabled":true,"_links":{"self":[{"href":"https:\/\/k-beautyci.com\/fr\/wp-json\/wp\/v2\/product\/2057","targetHints":{"allow":["GET"]}}],"collection":[{"href":"https:\/\/k-beautyci.com\/fr\/wp-json\/wp\/v2\/product"}],"about":[{"href":"https:\/\/k-beautyci.com\/fr\/wp-json\/wp\/v2\/types\/product"}],"replies":[{"embeddable":true,"href":"https:\/\/k-beautyci.com\/fr\/wp-json\/wp\/v2\/comments?post=2057"}],"wp:featuredmedia":[{"embeddable":true,"href":"https:\/\/k-beautyci.com\/fr\/wp-json\/wp\/v2\/media\/2058"}],"wp:attachment":[{"href":"https:\/\/k-beautyci.com\/fr\/wp-json\/wp\/v2\/media?parent=2057"}],"wp:term":[{"taxonomy":"product_brand","embeddable":true,"href":"https:\/\/k-beautyci.com\/fr\/wp-json\/wp\/v2\/product_brand?post=2057"},{"taxonomy":"product_cat","embeddable":true,"href":"https:\/\/k-beautyci.com\/fr\/wp-json\/wp\/v2\/product_cat?post=2057"},{"taxonomy":"product_tag","embeddable":true,"href":"https:\/\/k-beautyci.com\/fr\/wp-json\/wp\/v2\/product_tag?post=2057"}],"curies":[{"name":"wp","href":"https:\/\/api.w.org\/{rel}","templated":true}]}}