{"id":2054,"date":"2023-08-17T15:38:32","date_gmt":"2023-08-17T15:38:32","guid":{"rendered":"https:\/\/k-beautyci.com\/?post_type=product&#038;p=2054"},"modified":"2025-04-17T18:22:41","modified_gmt":"2025-04-17T18:22:41","slug":"klairs-freshly-juiced-vitamin-c-drop","status":"publish","type":"product","link":"https:\/\/k-beautyci.com\/fr\/produit\/klairs-freshly-juiced-vitamin-c-drop\/","title":{"rendered":"Klairs Freshly Juiced Vitamin C Drop"},"content":{"rendered":"<p>Comment l'utiliser :<\/p>\n<p>Sur une peau nettoy\u00e9e, appliquer 3 \u00e0 4 gouttes de produit sur le visage \u00e0 l'aide du compte-gouttes et faire p\u00e9n\u00e9trer en tapotant l\u00e9g\u00e8rement.<\/p>\n<p>\u00c9vitez les BHA et les AHA lorsque vous utilisez ce s\u00e9rum \u00e0 la vitamine C. Usage externe uniquement. Toujours effectuer un test \u00e9picutan\u00e9. Cessez l'utilisation si vous ressentez une quelconque g\u00eane. Suivre les instructions suppl\u00e9mentaires figurant sur l'emballage. Les r\u00e9sultats individuels peuvent varier.<\/p>","protected":false},"excerpt":{"rendered":"<p>Voici maintenant le s\u00e9rum \u00e0 la vitamine C, le saint des saints. Avec une concentration \u00e9lev\u00e9e de 5 % de vitamine C pure stabilis\u00e9e, la goutte de vitamine C fra\u00eechement press\u00e9e de Klairs rajeunit la peau terne tout en r\u00e9duisant l'apparence de l'hyperpigmentation. La concentration de 5 % de vitamine C unifie le teint de la peau et aide \u00e0 att\u00e9nuer l'apparence des taches brunes.<\/p>","protected":false},"featured_media":2056,"comment_status":"open","ping_status":"closed","template":"","meta":{"om_disable_all_campaigns":false},"product_brand":[],"product_cat":[88,52,177,42,31,66,41,36,72],"product_tag":[],"class_list":{"0":"post-2054","1":"product","2":"type-product","3":"status-publish","4":"has-post-thumbnail","6":"product_cat-centella","7":"product_cat-dark-spots","8":"product_cat-klairs","9":"product_cat-dry-skin","10":"product_cat-face-serums","11":"product_cat-normal-combination-skin","12":"product_cat-oily-skin","13":"product_cat-sensitive-skin","14":"product_cat-vitamin-c","16":"first","17":"outofstock","18":"sale","19":"shipping-taxable","20":"purchasable","21":"product-type-simple"},"aioseo_notices":[],"jetpack_sharing_enabled":true,"_links":{"self":[{"href":"https:\/\/k-beautyci.com\/fr\/wp-json\/wp\/v2\/product\/2054","targetHints":{"allow":["GET"]}}],"collection":[{"href":"https:\/\/k-beautyci.com\/fr\/wp-json\/wp\/v2\/product"}],"about":[{"href":"https:\/\/k-beautyci.com\/fr\/wp-json\/wp\/v2\/types\/product"}],"replies":[{"embeddable":true,"href":"https:\/\/k-beautyci.com\/fr\/wp-json\/wp\/v2\/comments?post=2054"}],"wp:featuredmedia":[{"embeddable":true,"href":"https:\/\/k-beautyci.com\/fr\/wp-json\/wp\/v2\/media\/2056"}],"wp:attachment":[{"href":"https:\/\/k-beautyci.com\/fr\/wp-json\/wp\/v2\/media?parent=2054"}],"wp:term":[{"taxonomy":"product_brand","embeddable":true,"href":"https:\/\/k-beautyci.com\/fr\/wp-json\/wp\/v2\/product_brand?post=2054"},{"taxonomy":"product_cat","embeddable":true,"href":"https:\/\/k-beautyci.com\/fr\/wp-json\/wp\/v2\/product_cat?post=2054"},{"taxonomy":"product_tag","embeddable":true,"href":"https:\/\/k-beautyci.com\/fr\/wp-json\/wp\/v2\/product_tag?post=2054"}],"curies":[{"name":"wp","href":"https:\/\/api.w.org\/{rel}","templated":true}]}}