{"id":2050,"date":"2023-08-17T15:38:42","date_gmt":"2023-08-17T15:38:42","guid":{"rendered":"https:\/\/k-beautyci.com\/?post_type=product&#038;p=2050"},"modified":"2025-10-19T00:44:32","modified_gmt":"2025-10-19T00:44:32","slug":"klairs-supple-preparation-facial-toner-180ml","status":"publish","type":"product","link":"https:\/\/k-beautyci.com\/fr\/produit\/klairs-supple-preparation-facial-toner-180ml\/","title":{"rendered":"Klairs Supple Preparation Facial Toner 180ml"},"content":{"rendered":"<p>Comment l'utiliser :<\/p>\n<div class=\"description-item active\">\n<div class=\"body\">\n<ol>\n<li>Imbiber un coton, puis appliquer le produit sur le visage.<\/li>\n<li>Appliquer une couche suppl\u00e9mentaire de produit apr\u00e8s absorption de chaque couche pour une meilleure hydratation.<\/li>\n<\/ol>\n<p>Avertissement : Pour usage externe uniquement. Toujours effectuer un test \u00e9picutan\u00e9. Cessez d'utiliser le produit si vous ressentez une quelconque g\u00eane. Suivre les instructions suppl\u00e9mentaires figurant sur l'emballage. Les r\u00e9sultats individuels peuvent varier.<\/p>\n<\/div>\n<\/div>\n<div class=\"description-item\"><\/div>","protected":false},"excerpt":{"rendered":"<p>Ce tonique profond\u00e9ment hydratant donnera \u00e0 votre peau une fra\u00eecheur \u00e9clatante. Il contient des acides amin\u00e9s, de l'acide hyaluronique et un m\u00e9lange d'extraits de plantes non irritants pour donner \u00e0 votre peau un aspect absolument frais.<\/p>\n<p>Avantages :<\/p>\n<ul>\n<li>L'acide hyaluronique reconstitue la barri\u00e8re naturelle d'hydratation de la peau.<\/li>\n<li>L'extrait de feuille d'Aloe barbadensis apaise la peau s\u00e8che.<\/li>\n<li>L'extrait de racine de r\u00e9glisse renforce la luminosit\u00e9 naturelle de la peau.<\/li>\n<li>L'extrait de Centella asiatica r\u00e9duit l'apparence des imperfections et unifie le teint.<\/li>\n<\/ul>","protected":false},"featured_media":2053,"comment_status":"open","ping_status":"closed","template":"","meta":{"om_disable_all_campaigns":false},"product_brand":[],"product_cat":[177,42,39,69,66,41,36],"product_tag":[],"class_list":{"0":"post-2050","1":"product","2":"type-product","3":"status-publish","4":"has-post-thumbnail","6":"product_cat-klairs","7":"product_cat-dry-skin","8":"product_cat-face-toners","9":"product_cat-hyaluronic-acid","10":"product_cat-normal-combination-skin","11":"product_cat-oily-skin","12":"product_cat-sensitive-skin","14":"first","15":"instock","16":"shipping-taxable","17":"purchasable","18":"product-type-simple"},"aioseo_notices":[],"jetpack_sharing_enabled":true,"_links":{"self":[{"href":"https:\/\/k-beautyci.com\/fr\/wp-json\/wp\/v2\/product\/2050","targetHints":{"allow":["GET"]}}],"collection":[{"href":"https:\/\/k-beautyci.com\/fr\/wp-json\/wp\/v2\/product"}],"about":[{"href":"https:\/\/k-beautyci.com\/fr\/wp-json\/wp\/v2\/types\/product"}],"replies":[{"embeddable":true,"href":"https:\/\/k-beautyci.com\/fr\/wp-json\/wp\/v2\/comments?post=2050"}],"wp:featuredmedia":[{"embeddable":true,"href":"https:\/\/k-beautyci.com\/fr\/wp-json\/wp\/v2\/media\/2053"}],"wp:attachment":[{"href":"https:\/\/k-beautyci.com\/fr\/wp-json\/wp\/v2\/media?parent=2050"}],"wp:term":[{"taxonomy":"product_brand","embeddable":true,"href":"https:\/\/k-beautyci.com\/fr\/wp-json\/wp\/v2\/product_brand?post=2050"},{"taxonomy":"product_cat","embeddable":true,"href":"https:\/\/k-beautyci.com\/fr\/wp-json\/wp\/v2\/product_cat?post=2050"},{"taxonomy":"product_tag","embeddable":true,"href":"https:\/\/k-beautyci.com\/fr\/wp-json\/wp\/v2\/product_tag?post=2050"}],"curies":[{"name":"wp","href":"https:\/\/api.w.org\/{rel}","templated":true}]}}