{"id":2036,"date":"2023-08-02T18:57:28","date_gmt":"2023-08-02T18:57:28","guid":{"rendered":"https:\/\/k-beautyci.com\/?post_type=product&#038;p=2036"},"modified":"2025-02-22T18:14:40","modified_gmt":"2025-02-22T18:14:40","slug":"laneige-water-sleeping-mask-15ml","status":"publish","type":"product","link":"https:\/\/k-beautyci.com\/fr\/produit\/laneige-water-sleeping-mask-15ml\/","title":{"rendered":"LANEIGE Mini Masque de Nuit water sleeping mask ex (15ml)"},"content":{"rendered":"<p>Comment l'utiliser :<\/p>\n<p>Apr\u00e8s avoir appliqu\u00e9 la cr\u00e8me pour le visage, appliquez le masque uniform\u00e9ment sur tout le visage.<\/p>\n<p>Laisser le masque toute la nuit.<\/p>\n<p>Rincer le matin et utiliser une \u00e0 deux fois par semaine.<\/p>","protected":false},"excerpt":{"rendered":"<p>Masque de nuit contenant Sleeping Micro Biome\u2122 et le complexe Pro-biotics am\u00e9lior\u00e9 qui renforcent les d\u00e9fenses de la peau pour obtenir un teint repos\u00e9, lumineux et clair.\n\nWater Sleeping Mask_EX permet une r\u00e9cup\u00e9ration nocturne de l'\u00e9quilibre de la peau et il est tr\u00e8s pratique \u00e0 utiliser.\nAppliquez simplement pendant la nuit et vous sentirez la diff\u00e9rence le lendemain matin.<\/p>\n<p>Night mask containing Sleeping Micro Biome\u2122 and enhanced Pro-biotics complex that boost skin&#8217;s defenses to achieve a rested, luminous and clear complexion.<\/p>\n<p>Water Sleeping Mask_EX enables night-time recovery of the skin&#8217;s balance and is very convenient to use.<\/p>\n<p>&nbsp;<\/p>","protected":false},"featured_media":2037,"comment_status":"open","ping_status":"closed","template":"","meta":{"om_disable_all_campaigns":false},"product_brand":[],"product_cat":[25,62,26,147],"product_tag":[],"class_list":{"0":"post-2036","1":"product","2":"type-product","3":"status-publish","4":"has-post-thumbnail","6":"product_cat-asian-brands","7":"product_cat-face-masks","8":"product_cat-face-moisturizer","9":"product_cat-laneige","11":"first","12":"outofstock","13":"shipping-taxable","14":"purchasable","15":"product-type-simple"},"aioseo_notices":[],"jetpack_sharing_enabled":true,"_links":{"self":[{"href":"https:\/\/k-beautyci.com\/fr\/wp-json\/wp\/v2\/product\/2036","targetHints":{"allow":["GET"]}}],"collection":[{"href":"https:\/\/k-beautyci.com\/fr\/wp-json\/wp\/v2\/product"}],"about":[{"href":"https:\/\/k-beautyci.com\/fr\/wp-json\/wp\/v2\/types\/product"}],"replies":[{"embeddable":true,"href":"https:\/\/k-beautyci.com\/fr\/wp-json\/wp\/v2\/comments?post=2036"}],"wp:featuredmedia":[{"embeddable":true,"href":"https:\/\/k-beautyci.com\/fr\/wp-json\/wp\/v2\/media\/2037"}],"wp:attachment":[{"href":"https:\/\/k-beautyci.com\/fr\/wp-json\/wp\/v2\/media?parent=2036"}],"wp:term":[{"taxonomy":"product_brand","embeddable":true,"href":"https:\/\/k-beautyci.com\/fr\/wp-json\/wp\/v2\/product_brand?post=2036"},{"taxonomy":"product_cat","embeddable":true,"href":"https:\/\/k-beautyci.com\/fr\/wp-json\/wp\/v2\/product_cat?post=2036"},{"taxonomy":"product_tag","embeddable":true,"href":"https:\/\/k-beautyci.com\/fr\/wp-json\/wp\/v2\/product_tag?post=2036"}],"curies":[{"name":"wp","href":"https:\/\/api.w.org\/{rel}","templated":true}]}}