{"id":2032,"date":"2023-08-02T18:31:24","date_gmt":"2023-08-02T18:31:24","guid":{"rendered":"https:\/\/k-beautyci.com\/?post_type=product&#038;p=2032"},"modified":"2026-04-18T14:19:07","modified_gmt":"2026-04-18T14:19:07","slug":"tocobo-bio-watery-sun-cream-deluxe-spf50-pa10ml","status":"publish","type":"product","link":"https:\/\/k-beautyci.com\/fr\/produit\/tocobo-bio-watery-sun-cream-deluxe-spf50-pa10ml\/","title":{"rendered":"TOCOBO Miniature Cr\u00e8me Solaire Bio Watery (liquide) SPF50+ PA++++ (10ml)"},"content":{"rendered":"<p>Avantages :<\/p>\n<p>Confortable et hydratante<br \/>\nUtilisation s\u00fbre gr\u00e2ce \u00e0 un indice de protection UV \u00e9lev\u00e9<br \/>\nFournit une hydratation en profondeur<\/p>\n<p>&nbsp;<\/p>\n<p>Comment l'utiliser :<\/p>\n<p>\u00c0 la derni\u00e8re \u00e9tape de votre routine de soins, appliquez la quantit\u00e9 n\u00e9cessaire et tapotez doucement jusqu'\u00e0 absorption compl\u00e8te. Appliquer sur le cou, les bras, les jambes et toute autre zone susceptible d'\u00eatre expos\u00e9e au soleil.<\/p>","protected":false},"excerpt":{"rendered":"<p>FORMAT VOAYAGE ou D\u00c9COUVERTE (10ml)<\/p>\n<p>&nbsp;<\/p>\n<p>Certification VEGAN : Une formule douce utilisant des ingr\u00e9dients d'origine naturelle qui rend la peau confortable<\/p>\n<p>Cr\u00e8me Solaire Aqueuse Bio : Si vous cherchez une cr\u00e8me solaire tr\u00e8s hydratante et qui ne laisse aucune trace blanche. Essayez-la d\u00e8s maintenant !<\/p>\n<p>SPF 50+ PA++++ | Protection UV A\/B fiable et stable avec une texture soyeuse et douce.<\/p>\n<p>Cr\u00e8me solaire sans danger pour les r\u00e9cifs: exclut les ingr\u00e9dients nocifs des \u00e9cosyst\u00e8mes marins et des r\u00e9cifs coralliens<\/p>","protected":false},"featured_media":2033,"comment_status":"open","ping_status":"closed","template":"","meta":{"om_disable_all_campaigns":false},"product_brand":[],"product_cat":[25,77,75,95],"product_tag":[],"class_list":{"0":"post-2032","1":"product","2":"type-product","3":"status-publish","4":"has-post-thumbnail","6":"product_cat-asian-brands","7":"product_cat-spf-50","8":"product_cat-sunscreens","9":"product_cat-tocobo","11":"first","12":"outofstock","13":"shipping-taxable","14":"purchasable","15":"product-type-simple"},"aioseo_notices":[],"jetpack_sharing_enabled":true,"_links":{"self":[{"href":"https:\/\/k-beautyci.com\/fr\/wp-json\/wp\/v2\/product\/2032","targetHints":{"allow":["GET"]}}],"collection":[{"href":"https:\/\/k-beautyci.com\/fr\/wp-json\/wp\/v2\/product"}],"about":[{"href":"https:\/\/k-beautyci.com\/fr\/wp-json\/wp\/v2\/types\/product"}],"replies":[{"embeddable":true,"href":"https:\/\/k-beautyci.com\/fr\/wp-json\/wp\/v2\/comments?post=2032"}],"wp:featuredmedia":[{"embeddable":true,"href":"https:\/\/k-beautyci.com\/fr\/wp-json\/wp\/v2\/media\/2033"}],"wp:attachment":[{"href":"https:\/\/k-beautyci.com\/fr\/wp-json\/wp\/v2\/media?parent=2032"}],"wp:term":[{"taxonomy":"product_brand","embeddable":true,"href":"https:\/\/k-beautyci.com\/fr\/wp-json\/wp\/v2\/product_brand?post=2032"},{"taxonomy":"product_cat","embeddable":true,"href":"https:\/\/k-beautyci.com\/fr\/wp-json\/wp\/v2\/product_cat?post=2032"},{"taxonomy":"product_tag","embeddable":true,"href":"https:\/\/k-beautyci.com\/fr\/wp-json\/wp\/v2\/product_tag?post=2032"}],"curies":[{"name":"wp","href":"https:\/\/api.w.org\/{rel}","templated":true}]}}