{"id":1883,"date":"2023-07-18T15:40:37","date_gmt":"2023-07-18T15:40:37","guid":{"rendered":"https:\/\/k-beautyci.com\/?post_type=product&#038;p=1883"},"modified":"2025-04-12T15:42:07","modified_gmt":"2025-04-12T15:42:07","slug":"ren-radiance-ready-steady-glow-daily-aha-tonic-500ml","status":"publish","type":"product","link":"https:\/\/k-beautyci.com\/fr\/produit\/ren-radiance-ready-steady-glow-daily-aha-tonic-500ml\/","title":{"rendered":"REN Radiance Ready Steady Glow Daily AHA Tonic 500ml"},"content":{"rendered":"<p>Comment l'utiliser :<\/p>\n<p><strong>PM<\/strong>: Imbibez un coton de la formule et passez-le sur le visage et le cou fra\u00eechement nettoy\u00e9s, en \u00e9vitant les l\u00e8vres et le contour des yeux. Si votre peau est tr\u00e8s sensible, trempez d'abord le coton dans de l'eau pour diluer la formule.<\/p>\n<p>Pour les peaux sensibles, limiter l'utilisation \u00e0 une ou deux fois par semaine. Ne pas utiliser en m\u00eame temps qu'un autre exfoliant. Un l\u00e9ger picotement est normal, mais veuillez interrompre l'utilisation si vous ressentez une rougeur ou une sensation de br\u00fblure.<\/p>\n<p>Cesser l'utilisation en cas d'irritation et consulter un m\u00e9decin si l'irritation persiste. \u00c9viter le contact avec les yeux. En cas de contact avec les yeux, rincer abondamment \u00e0 l'eau ti\u00e8de. Ce produit peut rendre votre peau plus sensible au soleil. Veuillez donc porter un \u00e9cran solaire pendant l'utilisation de ce produit.<\/p>\n<p>Vous n'\u00eates pas s\u00fbr que ce produit vous convienne, mais vous voulez l'essayer ? Effectuez au pr\u00e9alable un test \u00e9picutan\u00e9 sur une zone moins visible.<\/p>","protected":false},"excerpt":{"rendered":"<p>Offrant de multiples bienfaits en une seule \u00e9tape, ce tonique affinant la peau sans rin\u00e7age aide \u00e0 \u00e9liminer les cellules mortes ternes et exfolie l'exc\u00e8s de s\u00e9bum pour r\u00e9v\u00e9ler un teint plus lumineux, clarifi\u00e9, hydrat\u00e9, plus lisse et plus uniforme.<\/p>\n<p>Puissante, mais suffisamment douce pour une utilisation quotidienne et con\u00e7ue pour limiter les irritations, cette formule \u00e9nergisante aide \u00e0 lisser le grain de la peau, \u00e0 unifier le teint, \u00e0 resserrer visiblement les pores et \u00e0 minimiser l'apparence des ridules et de la pigmentation, laissant votre peau instantan\u00e9ment ros\u00e9e et \u00e9clatante. Elle contient de l'acide lactique lissant (AHA) issu de la canne \u00e0 sucre, de la salicine affinant les pores (BHA) issue de l'\u00e9corce de saule et des pr\u00e9curseurs de l'acide az\u00e9la\u00efque boostant l'\u00e9clat de la peau, issus de l'olive.<\/p>","protected":false},"featured_media":1885,"comment_status":"open","ping_status":"closed","template":"","meta":{"om_disable_all_campaigns":false},"product_brand":[],"product_cat":[78,165,42,39,33,70,66,41,176,36],"product_tag":[],"class_list":{"0":"post-1883","1":"product","2":"type-product","3":"status-publish","4":"has-post-thumbnail","6":"product_cat-aha-bha","7":"product_cat-azelaic-acid","8":"product_cat-dry-skin","9":"product_cat-face-toners","10":"product_cat-face-treatments","11":"product_cat-lactic-acid","12":"product_cat-normal-combination-skin","13":"product_cat-oily-skin","14":"product_cat-ren","15":"product_cat-sensitive-skin","17":"first","18":"outofstock","19":"shipping-taxable","20":"purchasable","21":"product-type-simple"},"aioseo_notices":[],"jetpack_sharing_enabled":true,"_links":{"self":[{"href":"https:\/\/k-beautyci.com\/fr\/wp-json\/wp\/v2\/product\/1883","targetHints":{"allow":["GET"]}}],"collection":[{"href":"https:\/\/k-beautyci.com\/fr\/wp-json\/wp\/v2\/product"}],"about":[{"href":"https:\/\/k-beautyci.com\/fr\/wp-json\/wp\/v2\/types\/product"}],"replies":[{"embeddable":true,"href":"https:\/\/k-beautyci.com\/fr\/wp-json\/wp\/v2\/comments?post=1883"}],"wp:featuredmedia":[{"embeddable":true,"href":"https:\/\/k-beautyci.com\/fr\/wp-json\/wp\/v2\/media\/1885"}],"wp:attachment":[{"href":"https:\/\/k-beautyci.com\/fr\/wp-json\/wp\/v2\/media?parent=1883"}],"wp:term":[{"taxonomy":"product_brand","embeddable":true,"href":"https:\/\/k-beautyci.com\/fr\/wp-json\/wp\/v2\/product_brand?post=1883"},{"taxonomy":"product_cat","embeddable":true,"href":"https:\/\/k-beautyci.com\/fr\/wp-json\/wp\/v2\/product_cat?post=1883"},{"taxonomy":"product_tag","embeddable":true,"href":"https:\/\/k-beautyci.com\/fr\/wp-json\/wp\/v2\/product_tag?post=1883"}],"curies":[{"name":"wp","href":"https:\/\/api.w.org\/{rel}","templated":true}]}}