{"id":1879,"date":"2023-07-18T15:01:08","date_gmt":"2023-07-18T15:01:08","guid":{"rendered":"https:\/\/k-beautyci.com\/?post_type=product&#038;p=1879"},"modified":"2026-03-09T15:41:17","modified_gmt":"2026-03-09T15:41:17","slug":"isntree-hyaluronic-acid-aqua-gel-cream","status":"publish","type":"product","link":"https:\/\/k-beautyci.com\/fr\/produit\/isntree-hyaluronic-acid-aqua-gel-cream\/","title":{"rendered":"ISNTREE Hyaluronic Acid Aqua Gel Cream"},"content":{"rendered":"<p>Avantages :<\/p>\n<ul>\n<li>3 couches d'acide hyaluronique pour une hydratation compl\u00e8te de la peau.<\/li>\n<li>Les extraits de th\u00e9 vert, de centella et de r\u00e9glisse apaisent la peau et la prot\u00e8gent contre les agressions ext\u00e9rieures.<\/li>\n<\/ul>\n<p>&nbsp;<\/p>\n<p>Comment l'utiliser :<\/p>\n<div class=\"description-item active\">\n<div class=\"body\">\n<p>Appliquer sur la peau nettoy\u00e9e apr\u00e8s l'avoir tonifi\u00e9e. Masser d\u00e9licatement pour une meilleure absorption.<\/p>\n<p>Avertissement : Pour usage externe uniquement. Toujours effectuer un test \u00e9picutan\u00e9. Cessez d'utiliser le produit si vous ressentez une quelconque g\u00eane. Suivre les instructions suppl\u00e9mentaires figurant sur l'emballage. Les r\u00e9sultats individuels peuvent varier.<\/p>\n<\/div>\n<\/div>","protected":false},"excerpt":{"rendered":"<p>Des tonnes d'hydratation durable et rapide, sans la sensation inconfortable de collant. Test\u00e9e et reconnue comme non irritante et hypoallerg\u00e9nique, la cr\u00e8me gel aqua \u00e0 l'acide hyaluronique ISNTREE utilise des AH, de l'alo\u00e8s et du squalane pour hydrater et apaiser. Vous \u00eates sur le point d'obtenir une peau rebondie et ros\u00e9e.<\/p>","protected":false},"featured_media":1880,"comment_status":"open","ping_status":"closed","template":"","meta":{"om_disable_all_campaigns":false},"product_brand":[],"product_cat":[26,69,90],"product_tag":[],"class_list":{"0":"post-1879","1":"product","2":"type-product","3":"status-publish","4":"has-post-thumbnail","6":"product_cat-face-moisturizer","7":"product_cat-hyaluronic-acid","8":"product_cat-isntree","10":"first","11":"instock","12":"shipping-taxable","13":"purchasable","14":"product-type-simple"},"aioseo_notices":[],"jetpack_sharing_enabled":true,"_links":{"self":[{"href":"https:\/\/k-beautyci.com\/fr\/wp-json\/wp\/v2\/product\/1879","targetHints":{"allow":["GET"]}}],"collection":[{"href":"https:\/\/k-beautyci.com\/fr\/wp-json\/wp\/v2\/product"}],"about":[{"href":"https:\/\/k-beautyci.com\/fr\/wp-json\/wp\/v2\/types\/product"}],"replies":[{"embeddable":true,"href":"https:\/\/k-beautyci.com\/fr\/wp-json\/wp\/v2\/comments?post=1879"}],"wp:featuredmedia":[{"embeddable":true,"href":"https:\/\/k-beautyci.com\/fr\/wp-json\/wp\/v2\/media\/1880"}],"wp:attachment":[{"href":"https:\/\/k-beautyci.com\/fr\/wp-json\/wp\/v2\/media?parent=1879"}],"wp:term":[{"taxonomy":"product_brand","embeddable":true,"href":"https:\/\/k-beautyci.com\/fr\/wp-json\/wp\/v2\/product_brand?post=1879"},{"taxonomy":"product_cat","embeddable":true,"href":"https:\/\/k-beautyci.com\/fr\/wp-json\/wp\/v2\/product_cat?post=1879"},{"taxonomy":"product_tag","embeddable":true,"href":"https:\/\/k-beautyci.com\/fr\/wp-json\/wp\/v2\/product_tag?post=1879"}],"curies":[{"name":"wp","href":"https:\/\/api.w.org\/{rel}","templated":true}]}}