{"id":1877,"date":"2023-07-18T14:51:14","date_gmt":"2023-07-18T14:51:14","guid":{"rendered":"https:\/\/k-beautyci.com\/?post_type=product&#038;p=1877"},"modified":"2026-04-10T11:23:17","modified_gmt":"2026-04-10T11:23:17","slug":"isntree-hyaluronic-acid-moist-cream","status":"publish","type":"product","link":"https:\/\/k-beautyci.com\/fr\/produit\/isntree-hyaluronic-acid-moist-cream\/","title":{"rendered":"ISNTREE Hyaluronic Acid Moist Cream"},"content":{"rendered":"<p>Comment l'utiliser :<\/p>\n<p>Apr\u00e8s les \u00e9tapes de nettoyage, de tonification et de s\u00e9rum de la routine de soins de la peau, appliquer une quantit\u00e9 suffisante de cr\u00e8me sur le visage, en massant d\u00e9licatement. Faire p\u00e9n\u00e9trer en tapotant.<\/p>\n<p>Avertissement : Pour usage externe uniquement. Toujours effectuer un test \u00e9picutan\u00e9. Cessez d'utiliser le produit si vous ressentez une quelconque g\u00eane. Suivre les instructions suppl\u00e9mentaires figurant sur l'emballage. Les r\u00e9sultats individuels peuvent varier.<\/p>","protected":false},"excerpt":{"rendered":"<p>Un bon hydratant quotidien est indispensable \u00e0 toute routine de soins de la peau, et cette cr\u00e8me hyaluronique d'ISNTREE fait le travail \u00e0 chaque fois. L'ajout d'acide hyaluronique dans cette cr\u00e8me attire l'humidit\u00e9 vers les couches et la barri\u00e8re de la peau, ce qui aide \u00e0 adoucir et \u00e0 apaiser la peau s\u00e8che.<\/p>","protected":false},"featured_media":1878,"comment_status":"open","ping_status":"closed","template":"","meta":{"om_disable_all_campaigns":false},"product_brand":[],"product_cat":[42,26,69,90,66,41,36],"product_tag":[],"class_list":{"0":"post-1877","1":"product","2":"type-product","3":"status-publish","4":"has-post-thumbnail","6":"product_cat-dry-skin","7":"product_cat-face-moisturizer","8":"product_cat-hyaluronic-acid","9":"product_cat-isntree","10":"product_cat-normal-combination-skin","11":"product_cat-oily-skin","12":"product_cat-sensitive-skin","14":"first","15":"outofstock","16":"shipping-taxable","17":"purchasable","18":"product-type-simple"},"aioseo_notices":[],"jetpack_sharing_enabled":true,"_links":{"self":[{"href":"https:\/\/k-beautyci.com\/fr\/wp-json\/wp\/v2\/product\/1877","targetHints":{"allow":["GET"]}}],"collection":[{"href":"https:\/\/k-beautyci.com\/fr\/wp-json\/wp\/v2\/product"}],"about":[{"href":"https:\/\/k-beautyci.com\/fr\/wp-json\/wp\/v2\/types\/product"}],"replies":[{"embeddable":true,"href":"https:\/\/k-beautyci.com\/fr\/wp-json\/wp\/v2\/comments?post=1877"}],"wp:featuredmedia":[{"embeddable":true,"href":"https:\/\/k-beautyci.com\/fr\/wp-json\/wp\/v2\/media\/1878"}],"wp:attachment":[{"href":"https:\/\/k-beautyci.com\/fr\/wp-json\/wp\/v2\/media?parent=1877"}],"wp:term":[{"taxonomy":"product_brand","embeddable":true,"href":"https:\/\/k-beautyci.com\/fr\/wp-json\/wp\/v2\/product_brand?post=1877"},{"taxonomy":"product_cat","embeddable":true,"href":"https:\/\/k-beautyci.com\/fr\/wp-json\/wp\/v2\/product_cat?post=1877"},{"taxonomy":"product_tag","embeddable":true,"href":"https:\/\/k-beautyci.com\/fr\/wp-json\/wp\/v2\/product_tag?post=1877"}],"curies":[{"name":"wp","href":"https:\/\/api.w.org\/{rel}","templated":true}]}}