{"id":1856,"date":"2023-07-16T20:26:33","date_gmt":"2023-07-16T20:26:33","guid":{"rendered":"https:\/\/k-beautyci.com\/?post_type=product&#038;p=1856"},"modified":"2026-02-25T14:14:36","modified_gmt":"2026-02-25T14:14:36","slug":"some-by-mi-galactomyces-pure-vitamin-c-glow-toner-200ml","status":"publish","type":"product","link":"https:\/\/k-beautyci.com\/fr\/produit\/some-by-mi-galactomyces-pure-vitamin-c-glow-toner-200ml\/","title":{"rendered":"SOME BY MI GALACTOMYCES PURE VITAMIN C GLOW TONER 200ML"},"content":{"rendered":"<p>Comment l'utiliser :<\/p>\n<p>Appliquer apr\u00e8s avoir nettoy\u00e9 le visage et avant d'appliquer l'essence, le s\u00e9rum ou la cr\u00e8me hydratante. Tamponnez d\u00e9licatement votre peau pour une meilleure absorption.<\/p>","protected":false},"excerpt":{"rendered":"<p>Galactomyces Pure Vitamin C Glow Toner contient 88 % de filtrat de ferment Galactomyces qui aide \u00e0 \u00e9claircir et \u00e0 affiner la texture de la peau. Il \u00e9limine les cellules mortes et hydrate la peau pour un teint lumineux et laiteux. Il est impressionnant de constater \u00e0 quel point la vitamine C pure donne de la vitalit\u00e9 \u00e0 la peau et cr\u00e9e une peau douce et \u00e9clatante, pleine d'\u00e9nergie.<\/p>\n<p>Filtrat de ferment de Galactomyces<br \/>\n\u00c9limine les cellules mortes de la peau, qui rendent le teint terne et in\u00e9gal, et apporte de l'hydratation pour un teint hydrat\u00e9, lumineux et d'apparence \u00e9clatante.<\/p>\n<p>Acide ascorbique (vitamine C pure)<br \/>\nApaise la peau stress\u00e9e par les stimuli ext\u00e9rieurs.<\/p>","protected":false},"featured_media":1857,"comment_status":"open","ping_status":"closed","template":"","meta":{"om_disable_all_campaigns":false},"product_brand":[],"product_cat":[52,39,85,72],"product_tag":[],"class_list":{"0":"post-1856","1":"product","2":"type-product","3":"status-publish","4":"has-post-thumbnail","6":"product_cat-dark-spots","7":"product_cat-face-toners","8":"product_cat-some-by-mi","9":"product_cat-vitamin-c","11":"first","12":"outofstock","13":"sale","14":"shipping-taxable","15":"purchasable","16":"product-type-simple"},"aioseo_notices":[],"jetpack_sharing_enabled":true,"_links":{"self":[{"href":"https:\/\/k-beautyci.com\/fr\/wp-json\/wp\/v2\/product\/1856","targetHints":{"allow":["GET"]}}],"collection":[{"href":"https:\/\/k-beautyci.com\/fr\/wp-json\/wp\/v2\/product"}],"about":[{"href":"https:\/\/k-beautyci.com\/fr\/wp-json\/wp\/v2\/types\/product"}],"replies":[{"embeddable":true,"href":"https:\/\/k-beautyci.com\/fr\/wp-json\/wp\/v2\/comments?post=1856"}],"wp:featuredmedia":[{"embeddable":true,"href":"https:\/\/k-beautyci.com\/fr\/wp-json\/wp\/v2\/media\/1857"}],"wp:attachment":[{"href":"https:\/\/k-beautyci.com\/fr\/wp-json\/wp\/v2\/media?parent=1856"}],"wp:term":[{"taxonomy":"product_brand","embeddable":true,"href":"https:\/\/k-beautyci.com\/fr\/wp-json\/wp\/v2\/product_brand?post=1856"},{"taxonomy":"product_cat","embeddable":true,"href":"https:\/\/k-beautyci.com\/fr\/wp-json\/wp\/v2\/product_cat?post=1856"},{"taxonomy":"product_tag","embeddable":true,"href":"https:\/\/k-beautyci.com\/fr\/wp-json\/wp\/v2\/product_tag?post=1856"}],"curies":[{"name":"wp","href":"https:\/\/api.w.org\/{rel}","templated":true}]}}