{"id":1831,"date":"2023-07-14T15:20:09","date_gmt":"2023-07-14T15:20:09","guid":{"rendered":"https:\/\/k-beautyci.com\/?post_type=product&#038;p=1831"},"modified":"2024-03-20T09:53:40","modified_gmt":"2024-03-20T09:53:40","slug":"creightons-salicylic-acid-soothing-lotion-75ml","status":"publish","type":"product","link":"https:\/\/k-beautyci.com\/fr\/produit\/creightons-salicylic-acid-soothing-lotion-75ml\/","title":{"rendered":"Creightons Salicylic Acid Soothing Lotion 75ml"},"content":{"rendered":"<p>La lotion apaisante \u00e0 l'acide salicylique de Creightons est une lotion hydratante et l\u00e9g\u00e8re qui apaise et soigne la peau irrit\u00e9e et sujette aux imperfections, sans obstruer les pores ni \u00eatre trop lourde pour la peau.<\/p>","protected":false},"excerpt":{"rendered":"<p>La lotion apaisante \u00e0 l'acide salicylique de Creightons est une lotion hydratante et l\u00e9g\u00e8re qui apaise et soigne la peau irrit\u00e9e et sujette aux imperfections, sans obstruer les pores ni \u00eatre trop lourde pour la peau.<\/p>","protected":false},"featured_media":1833,"comment_status":"open","ping_status":"closed","template":"","meta":{"om_disable_all_campaigns":false},"product_brand":[],"product_cat":[174,26,71],"product_tag":[],"class_list":{"0":"post-1831","1":"product","2":"type-product","3":"status-publish","4":"has-post-thumbnail","6":"product_cat-creightons","7":"product_cat-face-moisturizer","8":"product_cat-salicylic-acid","10":"first","11":"outofstock","12":"shipping-taxable","13":"purchasable","14":"product-type-simple"},"aioseo_notices":[],"jetpack_sharing_enabled":true,"_links":{"self":[{"href":"https:\/\/k-beautyci.com\/fr\/wp-json\/wp\/v2\/product\/1831","targetHints":{"allow":["GET"]}}],"collection":[{"href":"https:\/\/k-beautyci.com\/fr\/wp-json\/wp\/v2\/product"}],"about":[{"href":"https:\/\/k-beautyci.com\/fr\/wp-json\/wp\/v2\/types\/product"}],"replies":[{"embeddable":true,"href":"https:\/\/k-beautyci.com\/fr\/wp-json\/wp\/v2\/comments?post=1831"}],"wp:featuredmedia":[{"embeddable":true,"href":"https:\/\/k-beautyci.com\/fr\/wp-json\/wp\/v2\/media\/1833"}],"wp:attachment":[{"href":"https:\/\/k-beautyci.com\/fr\/wp-json\/wp\/v2\/media?parent=1831"}],"wp:term":[{"taxonomy":"product_brand","embeddable":true,"href":"https:\/\/k-beautyci.com\/fr\/wp-json\/wp\/v2\/product_brand?post=1831"},{"taxonomy":"product_cat","embeddable":true,"href":"https:\/\/k-beautyci.com\/fr\/wp-json\/wp\/v2\/product_cat?post=1831"},{"taxonomy":"product_tag","embeddable":true,"href":"https:\/\/k-beautyci.com\/fr\/wp-json\/wp\/v2\/product_tag?post=1831"}],"curies":[{"name":"wp","href":"https:\/\/api.w.org\/{rel}","templated":true}]}}