{"id":1816,"date":"2023-07-13T22:59:21","date_gmt":"2023-07-13T22:59:21","guid":{"rendered":"https:\/\/k-beautyci.com\/?post_type=product&#038;p=1816"},"modified":"2024-07-08T21:50:34","modified_gmt":"2024-07-08T21:50:34","slug":"some-by-mi-bye-bye-blackhead-30-days-miracle-green-tea-tox-bubble-cleanser","status":"publish","type":"product","link":"https:\/\/k-beautyci.com\/fr\/produit\/some-by-mi-bye-bye-blackhead-30-days-miracle-green-tea-tox-bubble-cleanser\/","title":{"rendered":"SOME BY MI Bye Bye Blackhead 30 Days Miracle Green Tea Tox Bubble Cleanser"},"content":{"rendered":"<p>B\u00c9N\u00c9FICES<\/p>\n<ul>\n<li>16 sortes de th\u00e9 nettoient en profondeur les pores obstru\u00e9s.<\/li>\n<li>Les fines granules de konjac et de th\u00e9 vert exfolient la peau en douceur et rajeunissent le teint.<\/li>\n<li>L'extrait de th\u00e9 vert et le complexe de tanins brevet\u00e9 r\u00e9duisent l'apparence des pores.<\/li>\n<\/ul>\n<p>&nbsp;<\/p>\n<p>Comment l'utiliser :<\/p>\n<p>Nettoyage quotidien : Appliquer une fine couche sur la peau s\u00e8che, comme pour un masque de beaut\u00e9. Lorsque des bulles commencent \u00e0 appara\u00eetre, rouler doucement sur la peau avec une petite quantit\u00e9 d'eau et rincer soigneusement \u00e0 l'eau ti\u00e8de.<\/p>\n<p>Nettoyage intensif des points noirs en 5 minutes : Appliquer une fine couche sur la peau s\u00e8che, comme pour un masque de beaut\u00e9. Lorsque des bulles commencent \u00e0 appara\u00eetre, profitez d'un masque facial \u00e0 bulles pendant 3 \u00e0 5 minutes. Roulez ensuite sur la peau avec une petite quantit\u00e9 d'eau pour nettoyer les impuret\u00e9s. Rincer abondamment \u00e0 l'eau ti\u00e8de.<\/p>\n<p>Pour usage externe uniquement. Toujours effectuer un test \u00e9picutan\u00e9. Cesser l'utilisation en cas d'inconfort. Suivre les instructions suppl\u00e9mentaires figurant sur l'emballage. Les r\u00e9sultats peuvent varier d'une personne \u00e0 l'autre.\u00a0Ce produit contient de l'acide citrique : un acide alpha-hydroxyl\u00e9 qui peut augmenter la sensibilit\u00e9 de votre peau au soleil et notamment la possibilit\u00e9 de coups de soleil. Veuillez limiter l'exposition au soleil pendant l'utilisation de ce produit et pendant la semaine qui suit.<\/p>","protected":false},"excerpt":{"rendered":"<p>Nettoyez vos pores en profondeur gr\u00e2ce au th\u00e9 vert riche en antioxydants et aux BHA enti\u00e8rement naturels. Cette formule douce r\u00e9duit l'apparence des imperfections, hydrate en profondeur, \u00e9limine l'exc\u00e8s de s\u00e9bum et raffermit la peau gr\u00e2ce \u00e0 16 sortes de th\u00e9, des BHA naturels et de l'\u00e9corce de saule.<\/p>","protected":false},"featured_media":1818,"comment_status":"open","ping_status":"closed","template":"","meta":{"om_disable_all_campaigns":false},"product_brand":[],"product_cat":[60,78,25,35,85],"product_tag":[],"class_list":{"0":"post-1816","1":"product","2":"type-product","3":"status-publish","4":"has-post-thumbnail","6":"product_cat-acne","7":"product_cat-aha-bha","8":"product_cat-asian-brands","9":"product_cat-face-cleansers","10":"product_cat-some-by-mi","12":"first","13":"outofstock","14":"shipping-taxable","15":"purchasable","16":"product-type-simple"},"aioseo_notices":[],"jetpack_sharing_enabled":true,"_links":{"self":[{"href":"https:\/\/k-beautyci.com\/fr\/wp-json\/wp\/v2\/product\/1816","targetHints":{"allow":["GET"]}}],"collection":[{"href":"https:\/\/k-beautyci.com\/fr\/wp-json\/wp\/v2\/product"}],"about":[{"href":"https:\/\/k-beautyci.com\/fr\/wp-json\/wp\/v2\/types\/product"}],"replies":[{"embeddable":true,"href":"https:\/\/k-beautyci.com\/fr\/wp-json\/wp\/v2\/comments?post=1816"}],"wp:featuredmedia":[{"embeddable":true,"href":"https:\/\/k-beautyci.com\/fr\/wp-json\/wp\/v2\/media\/1818"}],"wp:attachment":[{"href":"https:\/\/k-beautyci.com\/fr\/wp-json\/wp\/v2\/media?parent=1816"}],"wp:term":[{"taxonomy":"product_brand","embeddable":true,"href":"https:\/\/k-beautyci.com\/fr\/wp-json\/wp\/v2\/product_brand?post=1816"},{"taxonomy":"product_cat","embeddable":true,"href":"https:\/\/k-beautyci.com\/fr\/wp-json\/wp\/v2\/product_cat?post=1816"},{"taxonomy":"product_tag","embeddable":true,"href":"https:\/\/k-beautyci.com\/fr\/wp-json\/wp\/v2\/product_tag?post=1816"}],"curies":[{"name":"wp","href":"https:\/\/api.w.org\/{rel}","templated":true}]}}