{"id":1813,"date":"2023-07-13T22:52:01","date_gmt":"2023-07-13T22:52:01","guid":{"rendered":"https:\/\/k-beautyci.com\/?post_type=product&#038;p=1813"},"modified":"2025-02-05T19:44:19","modified_gmt":"2025-02-05T19:44:19","slug":"some-by-mi-bye-bye-blemish-vita-tox-brightening-bubble-cleanser","status":"publish","type":"product","link":"https:\/\/k-beautyci.com\/fr\/produit\/some-by-mi-bye-bye-blemish-vita-tox-brightening-bubble-cleanser\/","title":{"rendered":"SOME BY MI Bye Bye Blemish Vita Tox Brightening Bubble Cleanser"},"content":{"rendered":"<p>Comment l'utiliser :<\/p>\n<p>Nettoyage quotidien : Appliquer une fine couche sur la peau s\u00e8che, comme pour un masque de beaut\u00e9. Lorsque des bulles commencent \u00e0 appara\u00eetre, rouler doucement sur la peau avec une petite quantit\u00e9 d'eau et rincer soigneusement \u00e0 l'eau ti\u00e8de.<\/p>\n<p>Nettoyage intensif \u00e9claircissant en 5 minutes : Appliquer une fine couche sur la peau s\u00e8che, comme pour un masque de beaut\u00e9. Lorsque des bulles commencent \u00e0 appara\u00eetre, profitez d'un masque facial \u00e0 bulles pendant 3 \u00e0 5 minutes. Roulez ensuite sur la peau avec une petite quantit\u00e9 d'eau pour nettoyer les impuret\u00e9s. Rincer abondamment \u00e0 l'eau ti\u00e8de.<\/p>\n<p>Avertissement : Pour usage externe uniquement. Toujours effectuer un test \u00e9picutan\u00e9. Cessez d'utiliser le produit si vous ressentez une quelconque g\u00eane. Suivre les instructions suppl\u00e9mentaires figurant sur l'emballage. Les r\u00e9sultats individuels peuvent varier.<\/p>","protected":false},"excerpt":{"rendered":"<p>\u00c9clairez votre peau tout en la nettoyant.\u00a0Les petites bulles remplies de vitamine C travaillent en tandem avec les granules de konjac, un exfoliant naturel, pour r\u00e9v\u00e9ler une peau lisse et \u00e9clatante. Utilisez cette mousse nettoyante pour att\u00e9nuer les imperfections et r\u00e9v\u00e9ler une peau plus saine et \u00e9clatante.<\/p>\n<ul>\n<li>L'extrait de yuzu de Goheung et la mandarine verte de Jeju fournissent 18 sortes de vitamines pour \u00e9claircir la peau.<\/li>\n<li>Les granules de konjac exfolient les cellules mortes de la peau pour r\u00e9v\u00e9ler une peau plus saine.<\/li>\n<li>Elimine les impuret\u00e9s gr\u00e2ce aux bulles d'oxyg\u00e8ne vita<\/li>\n<\/ul>","protected":false},"featured_media":1815,"comment_status":"open","ping_status":"closed","template":"","meta":{"om_disable_all_campaigns":false},"product_brand":[],"product_cat":[25,52,35,85],"product_tag":[],"class_list":{"0":"post-1813","1":"product","2":"type-product","3":"status-publish","4":"has-post-thumbnail","6":"product_cat-asian-brands","7":"product_cat-dark-spots","8":"product_cat-face-cleansers","9":"product_cat-some-by-mi","11":"first","12":"outofstock","13":"shipping-taxable","14":"purchasable","15":"product-type-simple"},"aioseo_notices":[],"jetpack_sharing_enabled":true,"_links":{"self":[{"href":"https:\/\/k-beautyci.com\/fr\/wp-json\/wp\/v2\/product\/1813","targetHints":{"allow":["GET"]}}],"collection":[{"href":"https:\/\/k-beautyci.com\/fr\/wp-json\/wp\/v2\/product"}],"about":[{"href":"https:\/\/k-beautyci.com\/fr\/wp-json\/wp\/v2\/types\/product"}],"replies":[{"embeddable":true,"href":"https:\/\/k-beautyci.com\/fr\/wp-json\/wp\/v2\/comments?post=1813"}],"wp:featuredmedia":[{"embeddable":true,"href":"https:\/\/k-beautyci.com\/fr\/wp-json\/wp\/v2\/media\/1815"}],"wp:attachment":[{"href":"https:\/\/k-beautyci.com\/fr\/wp-json\/wp\/v2\/media?parent=1813"}],"wp:term":[{"taxonomy":"product_brand","embeddable":true,"href":"https:\/\/k-beautyci.com\/fr\/wp-json\/wp\/v2\/product_brand?post=1813"},{"taxonomy":"product_cat","embeddable":true,"href":"https:\/\/k-beautyci.com\/fr\/wp-json\/wp\/v2\/product_cat?post=1813"},{"taxonomy":"product_tag","embeddable":true,"href":"https:\/\/k-beautyci.com\/fr\/wp-json\/wp\/v2\/product_tag?post=1813"}],"curies":[{"name":"wp","href":"https:\/\/api.w.org\/{rel}","templated":true}]}}