{"id":1802,"date":"2023-07-13T22:31:10","date_gmt":"2023-07-13T22:31:10","guid":{"rendered":"https:\/\/k-beautyci.com\/?post_type=product&#038;p=1802"},"modified":"2025-01-11T00:00:03","modified_gmt":"2025-01-11T00:00:03","slug":"marymay-vitamin-b5-bifida-toner","status":"publish","type":"product","link":"https:\/\/k-beautyci.com\/fr\/produit\/marymay-vitamin-b5-bifida-toner\/","title":{"rendered":"Mary&amp;May Vitamin B5 + Bifida Toner"},"content":{"rendered":"","protected":false},"excerpt":{"rendered":"<p>Mary&amp;May Vitamin B5 + Bifida Toner, 30 000 ppm de fermentation de bifida avec 1 000 ppm de vitamine B5 pour apaiser la peau sensible et l'hydrater en profondeur Un tonique rempli de vitamine B5 et de lysat de ferment de bifida pour hydrater la peau en profondeur tout en renfor\u00e7ant la barri\u00e8re cutan\u00e9e, r\u00e9v\u00e9lant un teint vibrant et radieux. Le lysat de ferment de bifida reconstitue les nutriments pour une peau \u00e9clatante de sant\u00e9, renforce la barri\u00e8re cutan\u00e9e pour favoriser la r\u00e9g\u00e9n\u00e9ration de la peau et ramollit les cellules mortes pour un teint lisse. Riche en vitamine B5, un humectant efficace, pour hydrater et apaiser la peau. Texture \u00e0 absorption rapide qui laisse \u00e0 la peau une sensation de fra\u00eecheur et d'hydratation.<\/p>","protected":false},"featured_media":1809,"comment_status":"open","ping_status":"closed","template":"","meta":{"om_disable_all_campaigns":false},"product_brand":[],"product_cat":[25,39,96],"product_tag":[],"class_list":{"0":"post-1802","1":"product","2":"type-product","3":"status-publish","4":"has-post-thumbnail","6":"product_cat-asian-brands","7":"product_cat-face-toners","8":"product_cat-mary-may","10":"first","11":"instock","12":"shipping-taxable","13":"purchasable","14":"product-type-simple"},"aioseo_notices":[],"jetpack_sharing_enabled":true,"_links":{"self":[{"href":"https:\/\/k-beautyci.com\/fr\/wp-json\/wp\/v2\/product\/1802","targetHints":{"allow":["GET"]}}],"collection":[{"href":"https:\/\/k-beautyci.com\/fr\/wp-json\/wp\/v2\/product"}],"about":[{"href":"https:\/\/k-beautyci.com\/fr\/wp-json\/wp\/v2\/types\/product"}],"replies":[{"embeddable":true,"href":"https:\/\/k-beautyci.com\/fr\/wp-json\/wp\/v2\/comments?post=1802"}],"wp:featuredmedia":[{"embeddable":true,"href":"https:\/\/k-beautyci.com\/fr\/wp-json\/wp\/v2\/media\/1809"}],"wp:attachment":[{"href":"https:\/\/k-beautyci.com\/fr\/wp-json\/wp\/v2\/media?parent=1802"}],"wp:term":[{"taxonomy":"product_brand","embeddable":true,"href":"https:\/\/k-beautyci.com\/fr\/wp-json\/wp\/v2\/product_brand?post=1802"},{"taxonomy":"product_cat","embeddable":true,"href":"https:\/\/k-beautyci.com\/fr\/wp-json\/wp\/v2\/product_cat?post=1802"},{"taxonomy":"product_tag","embeddable":true,"href":"https:\/\/k-beautyci.com\/fr\/wp-json\/wp\/v2\/product_tag?post=1802"}],"curies":[{"name":"wp","href":"https:\/\/api.w.org\/{rel}","templated":true}]}}