{"id":1798,"date":"2023-07-13T20:13:13","date_gmt":"2023-07-13T20:13:13","guid":{"rendered":"https:\/\/k-beautyci.com\/?post_type=product&#038;p=1798"},"modified":"2024-05-14T20:55:47","modified_gmt":"2024-05-14T20:55:47","slug":"marymay-vitamin-c-bifida-lotion","status":"publish","type":"product","link":"https:\/\/k-beautyci.com\/fr\/produit\/marymay-vitamin-c-bifida-lotion\/","title":{"rendered":"Mary&amp;May Vitamin C + Bifida Lotion"},"content":{"rendered":"<p>Comment l'utiliser :<\/p>\n<p>Lors de la routine quotidienne de soins de la peau, appliquer une quantit\u00e9 g\u00e9n\u00e9reuse sur le visage et le cou. Masser jusqu'\u00e0 absorption compl\u00e8te.<\/p>\n<p>Avertissement : Pour usage externe uniquement. Toujours effectuer un test \u00e9picutan\u00e9. Cessez d'utiliser le produit si vous ressentez une quelconque g\u00eane. Suivre les instructions suppl\u00e9mentaires figurant sur l'emballage. Les r\u00e9sultats individuels peuvent varier.<\/p>","protected":false},"excerpt":{"rendered":"<p>Mary&amp;May Vitamin C + Bifida Lotion, 30 000 ppm de fermentation de bifida avec 1 000 ppm de vitamine C pour \u00e9claircir la peau terne et l'hydrater.<\/p>\n<p>Une lotion enrichie en lysat de ferment bifide probiotique et en vitamine C qui agit en synergie pour prot\u00e9ger la peau des agressions ext\u00e9rieures, r\u00e9v\u00e9lant une peau ferme et \u00e9clatante.<br \/>\nLe lysat de ferment bifida reconstitue les nutriments pour une peau \u00e9clatante de sant\u00e9, renforce la barri\u00e8re cutan\u00e9e pour favoriser la r\u00e9g\u00e9n\u00e9ration de la peau et ramollit les cellules mortes pour un teint lisse.<br \/>\nInfus\u00e9 avec 1 000 ppm de vitamine C pour inhiber la synth\u00e8se de la m\u00e9lanine et r\u00e9duire la m\u00e9lanine oxyd\u00e9e, am\u00e9liorant ainsi l'apparence de la peau terne et du m\u00e9lasma. \u00a0Il p\u00e9n\u00e8tre rapidement dans la peau et laisse un fini rafra\u00eechissant et hydratant.<\/p>","protected":false},"featured_media":1801,"comment_status":"open","ping_status":"closed","template":"","meta":{"om_disable_all_campaigns":false},"product_brand":[],"product_cat":[57,25,52,26,96,72],"product_tag":[],"class_list":{"0":"post-1798","1":"product","2":"type-product","3":"status-publish","4":"has-post-thumbnail","6":"product_cat-anti-aging","7":"product_cat-asian-brands","8":"product_cat-dark-spots","9":"product_cat-face-moisturizer","10":"product_cat-mary-may","11":"product_cat-vitamin-c","13":"first","14":"outofstock","15":"shipping-taxable","16":"purchasable","17":"product-type-simple"},"aioseo_notices":[],"jetpack_sharing_enabled":true,"_links":{"self":[{"href":"https:\/\/k-beautyci.com\/fr\/wp-json\/wp\/v2\/product\/1798","targetHints":{"allow":["GET"]}}],"collection":[{"href":"https:\/\/k-beautyci.com\/fr\/wp-json\/wp\/v2\/product"}],"about":[{"href":"https:\/\/k-beautyci.com\/fr\/wp-json\/wp\/v2\/types\/product"}],"replies":[{"embeddable":true,"href":"https:\/\/k-beautyci.com\/fr\/wp-json\/wp\/v2\/comments?post=1798"}],"wp:featuredmedia":[{"embeddable":true,"href":"https:\/\/k-beautyci.com\/fr\/wp-json\/wp\/v2\/media\/1801"}],"wp:attachment":[{"href":"https:\/\/k-beautyci.com\/fr\/wp-json\/wp\/v2\/media?parent=1798"}],"wp:term":[{"taxonomy":"product_brand","embeddable":true,"href":"https:\/\/k-beautyci.com\/fr\/wp-json\/wp\/v2\/product_brand?post=1798"},{"taxonomy":"product_cat","embeddable":true,"href":"https:\/\/k-beautyci.com\/fr\/wp-json\/wp\/v2\/product_cat?post=1798"},{"taxonomy":"product_tag","embeddable":true,"href":"https:\/\/k-beautyci.com\/fr\/wp-json\/wp\/v2\/product_tag?post=1798"}],"curies":[{"name":"wp","href":"https:\/\/api.w.org\/{rel}","templated":true}]}}