{"id":1795,"date":"2023-07-13T19:18:30","date_gmt":"2023-07-13T19:18:30","guid":{"rendered":"https:\/\/k-beautyci.com\/?post_type=product&#038;p=1795"},"modified":"2026-04-14T08:46:29","modified_gmt":"2026-04-14T08:46:29","slug":"biore-uv-aqua-rich-watery-essence-sunscreen-spf-50-70g-2023-version","status":"publish","type":"product","link":"https:\/\/k-beautyci.com\/fr\/produit\/biore-uv-aqua-rich-watery-essence-sunscreen-spf-50-70g-2023-version\/","title":{"rendered":"Biore UV Aqua Rich Watery Essence Sunscreen &#8211; SPF 50 &#8211; 70g"},"content":{"rendered":"<p>Comment l'utiliser :<\/p>\n<p>1) Appliquez-le en derni\u00e8re \u00e9tape de votre routine de soin du matin, mais avant le maquillage.<\/p>\n<p>2. \u00e9talez la cr\u00e8me uniform\u00e9ment sur votre visage au moins 30 minutes avant de sortir. Utilisez un SPF tous les jours, m\u00eame si vous \u00eates \u00e0 l'int\u00e9rieur ou pendant les saisons hivernales.<\/p>\n<p>3. renouveler l'application toutes les deux heures en cas de s\u00e9jour prolong\u00e9 \u00e0 l'ext\u00e9rieur.<\/p>","protected":false},"excerpt":{"rendered":"<p>Cette cr\u00e8me solaire virale est connue pour sa texture l\u00e9g\u00e8re et aqueuse et son fini rafra\u00eechissant et non collant sur la peau. Cette formule nouvelle et innovante est la premi\u00e8re du genre \u00e0 contenir la nouvelle formule Micro Defense de Kao Beauty. Elle utilise une capsule contenant un agent de protection UV qui garantit que chaque zone de la peau est uniform\u00e9ment couverte et enti\u00e8rement prot\u00e9g\u00e9e. Pour ce faire, il forme un voile fin sur la peau et s'\u00e9tend dans les microfissures lors de l'application.<\/p>\n<p>La liste des ingr\u00e9dients contient \u00e9galement des ingr\u00e9dients vedettes tels que l'acide hyaluronique et l'extrait de gel\u00e9e royale, qui hydratent et apportent un soin anti-\u00e2ge. Mieux encore, ce SPF r\u00e9siste \u00e0 l'eau et convient aux peaux grasses et mixtes.<\/p>\n<p>Ultra-\u00e9tanche (r\u00e9sistance \u00e0 l'eau test\u00e9e pendant 80 minutes).<\/p>","protected":false},"featured_media":1796,"comment_status":"open","ping_status":"closed","template":"","meta":{"om_disable_all_campaigns":false},"product_brand":[],"product_cat":[25,66,41,77],"product_tag":[],"class_list":{"0":"post-1795","1":"product","2":"type-product","3":"status-publish","4":"has-post-thumbnail","6":"product_cat-asian-brands","7":"product_cat-normal-combination-skin","8":"product_cat-oily-skin","9":"product_cat-spf-50","11":"first","12":"outofstock","13":"shipping-taxable","14":"purchasable","15":"product-type-simple"},"aioseo_notices":[],"jetpack_sharing_enabled":true,"_links":{"self":[{"href":"https:\/\/k-beautyci.com\/fr\/wp-json\/wp\/v2\/product\/1795","targetHints":{"allow":["GET"]}}],"collection":[{"href":"https:\/\/k-beautyci.com\/fr\/wp-json\/wp\/v2\/product"}],"about":[{"href":"https:\/\/k-beautyci.com\/fr\/wp-json\/wp\/v2\/types\/product"}],"replies":[{"embeddable":true,"href":"https:\/\/k-beautyci.com\/fr\/wp-json\/wp\/v2\/comments?post=1795"}],"wp:featuredmedia":[{"embeddable":true,"href":"https:\/\/k-beautyci.com\/fr\/wp-json\/wp\/v2\/media\/1796"}],"wp:attachment":[{"href":"https:\/\/k-beautyci.com\/fr\/wp-json\/wp\/v2\/media?parent=1795"}],"wp:term":[{"taxonomy":"product_brand","embeddable":true,"href":"https:\/\/k-beautyci.com\/fr\/wp-json\/wp\/v2\/product_brand?post=1795"},{"taxonomy":"product_cat","embeddable":true,"href":"https:\/\/k-beautyci.com\/fr\/wp-json\/wp\/v2\/product_cat?post=1795"},{"taxonomy":"product_tag","embeddable":true,"href":"https:\/\/k-beautyci.com\/fr\/wp-json\/wp\/v2\/product_tag?post=1795"}],"curies":[{"name":"wp","href":"https:\/\/api.w.org\/{rel}","templated":true}]}}