{"id":1788,"date":"2023-07-13T18:50:38","date_gmt":"2023-07-13T18:50:38","guid":{"rendered":"https:\/\/k-beautyci.com\/?post_type=product&#038;p=1788"},"modified":"2026-03-08T18:05:44","modified_gmt":"2026-03-08T18:05:44","slug":"isntree-chestnut-aha-8-clear-essence","status":"publish","type":"product","link":"https:\/\/k-beautyci.com\/fr\/produit\/isntree-chestnut-aha-8-clear-essence\/","title":{"rendered":"ISNTREE Chestnut AHA 8% Clear Essence"},"content":{"rendered":"<p>B\u00c9N\u00c9FICES<\/p>\n<ul>\n<li>L'acide glycolique (4 %) et l'acide lactique (4 %) agissent ensemble pour \u00e9liminer en douceur les cellules mortes de la peau.<\/li>\n<li>Les tanins contenus dans la coquille de marron affinent l'apparence des pores.<\/li>\n<li>L'extrait de centella asiatica soulage les d\u00e9mangeaisons de la peau s\u00e8che.<\/li>\n<\/ul>\n<p>&nbsp;<\/p>\n<p>Comment l'utiliser :<\/p>\n<p>Utiliser pendant l'\u00e9tape du s\u00e9rum ou de l'ampoule de votre routine. Apr\u00e8s avoir nettoy\u00e9 et tonifi\u00e9 le visage, appliquer une quantit\u00e9 mod\u00e9r\u00e9e sur le visage avec des mains propres. Tapoter d\u00e9licatement pour faire p\u00e9n\u00e9trer le produit, en \u00e9vitant le contour des yeux.<\/p>\n<p>Toujours effectuer un test \u00e9picutan\u00e9. Utiliser uniquement selon les instructions. Ne pas utiliser sur une peau ab\u00eem\u00e9e. Si l'irritation ou l'inconfort persistent, cesser l'utilisation et consulter un m\u00e9decin. Suivre les instructions suppl\u00e9mentaires figurant sur l'emballage. Avant de s'exposer au soleil, il est recommand\u00e9 aux utilisateurs de couvrir les zones o\u00f9 les AHA ont \u00e9t\u00e9 appliqu\u00e9s avec un \u00e9cran solaire. Le contact du produit avec la peau doit \u00eatre limit\u00e9 en fr\u00e9quence et en dur\u00e9e. Les r\u00e9sultats individuels peuvent varier.<\/p>","protected":false},"excerpt":{"rendered":"<p>Ajoutez cette essence \u00e0 votre routine de soins pour favoriser l'absorption des autres produits. Cette essence renouvel\u00e9e est formul\u00e9e avec de l'extrait de coquille de marron et de l'AHA pour r\u00e9v\u00e9ler un teint plus lisse et plus clair.<\/p>\n<p>&nbsp;<\/p>","protected":false},"featured_media":1793,"comment_status":"open","ping_status":"closed","template":"","meta":{"om_disable_all_campaigns":false},"product_brand":[],"product_cat":[78,25,90,15],"product_tag":[],"class_list":{"0":"post-1788","1":"product","2":"type-product","3":"status-publish","4":"has-post-thumbnail","6":"product_cat-aha-bha","7":"product_cat-asian-brands","8":"product_cat-isntree","9":"product_cat-uncategorized","11":"first","12":"instock","13":"shipping-taxable","14":"purchasable","15":"product-type-simple"},"aioseo_notices":[],"jetpack_sharing_enabled":true,"_links":{"self":[{"href":"https:\/\/k-beautyci.com\/fr\/wp-json\/wp\/v2\/product\/1788","targetHints":{"allow":["GET"]}}],"collection":[{"href":"https:\/\/k-beautyci.com\/fr\/wp-json\/wp\/v2\/product"}],"about":[{"href":"https:\/\/k-beautyci.com\/fr\/wp-json\/wp\/v2\/types\/product"}],"replies":[{"embeddable":true,"href":"https:\/\/k-beautyci.com\/fr\/wp-json\/wp\/v2\/comments?post=1788"}],"wp:featuredmedia":[{"embeddable":true,"href":"https:\/\/k-beautyci.com\/fr\/wp-json\/wp\/v2\/media\/1793"}],"wp:attachment":[{"href":"https:\/\/k-beautyci.com\/fr\/wp-json\/wp\/v2\/media?parent=1788"}],"wp:term":[{"taxonomy":"product_brand","embeddable":true,"href":"https:\/\/k-beautyci.com\/fr\/wp-json\/wp\/v2\/product_brand?post=1788"},{"taxonomy":"product_cat","embeddable":true,"href":"https:\/\/k-beautyci.com\/fr\/wp-json\/wp\/v2\/product_cat?post=1788"},{"taxonomy":"product_tag","embeddable":true,"href":"https:\/\/k-beautyci.com\/fr\/wp-json\/wp\/v2\/product_tag?post=1788"}],"curies":[{"name":"wp","href":"https:\/\/api.w.org\/{rel}","templated":true}]}}