{"id":1785,"date":"2023-07-13T14:27:19","date_gmt":"2023-07-13T14:27:19","guid":{"rendered":"https:\/\/k-beautyci.com\/?post_type=product&#038;p=1785"},"modified":"2026-01-28T15:39:59","modified_gmt":"2026-01-28T15:39:59","slug":"isntree-hyaluronic-acid-toner-renewal","status":"publish","type":"product","link":"https:\/\/k-beautyci.com\/fr\/produit\/isntree-hyaluronic-acid-toner-renewal\/","title":{"rendered":"ISNTREE Hyaluronic Acid Toner (Renewal)"},"content":{"rendered":"<p>B\u00c9N\u00c9FICES<\/p>\n<ul>\n<li>L'extrait de feuille d'Aloe barbadensis aide \u00e0 apaiser et \u00e0 calmer la peau.<\/li>\n<li>L'extrait de racine d'althaea rosea apporte un soin hydratant \u00e0 la peau.<\/li>\n<li>L'acide hyaluronique aide \u00e0 attirer l'humidit\u00e9 dans la peau pour l'hydrater.<\/li>\n<\/ul>\n<p>&nbsp;<\/p>\n<p>Comment l'utiliser :<\/p>\n<div class=\"description-item active\">\n<div class=\"body\">\n<p>Apr\u00e8s le nettoyage, appliquez le produit sur le visage \u00e0 l'aide de mains propres ou d'un coton. Tapotez d\u00e9licatement pour faire p\u00e9n\u00e9trer le produit, puis appliquez le reste de la routine de soins de la peau.<\/p>\n<p>Avertissement : Pour usage externe uniquement. Toujours effectuer un test \u00e9picutan\u00e9. Cessez d'utiliser le produit si vous ressentez une quelconque g\u00eane. Suivre les instructions suppl\u00e9mentaires figurant sur l'emballage. Les r\u00e9sultats individuels peuvent varier.<\/p>\n<\/div>\n<\/div>\n<div class=\"description-item\"><\/div>","protected":false},"excerpt":{"rendered":"<p>Offrez \u00e0 votre peau l'hydratation dont elle a besoin avec ce tonique \u00e0 l'acide hyaluronique de ISNTREE. Formul\u00e9 avec des ingr\u00e9dients doux pour les peaux sensibles, ce tonique utilise de l'acide hyaluronique et des extraits botaniques pour hydrater les couches de la peau.<\/p>\n<p>&nbsp;<\/p>\n<p>&nbsp;<\/p>","protected":false},"featured_media":1786,"comment_status":"open","ping_status":"closed","template":"","meta":{"om_disable_all_campaigns":false},"product_brand":[],"product_cat":[25,42,39,69,90,66,36],"product_tag":[],"class_list":{"0":"post-1785","1":"product","2":"type-product","3":"status-publish","4":"has-post-thumbnail","6":"product_cat-asian-brands","7":"product_cat-dry-skin","8":"product_cat-face-toners","9":"product_cat-hyaluronic-acid","10":"product_cat-isntree","11":"product_cat-normal-combination-skin","12":"product_cat-sensitive-skin","14":"first","15":"outofstock","16":"sale","17":"shipping-taxable","18":"purchasable","19":"product-type-simple"},"aioseo_notices":[],"jetpack_sharing_enabled":true,"_links":{"self":[{"href":"https:\/\/k-beautyci.com\/fr\/wp-json\/wp\/v2\/product\/1785","targetHints":{"allow":["GET"]}}],"collection":[{"href":"https:\/\/k-beautyci.com\/fr\/wp-json\/wp\/v2\/product"}],"about":[{"href":"https:\/\/k-beautyci.com\/fr\/wp-json\/wp\/v2\/types\/product"}],"replies":[{"embeddable":true,"href":"https:\/\/k-beautyci.com\/fr\/wp-json\/wp\/v2\/comments?post=1785"}],"wp:featuredmedia":[{"embeddable":true,"href":"https:\/\/k-beautyci.com\/fr\/wp-json\/wp\/v2\/media\/1786"}],"wp:attachment":[{"href":"https:\/\/k-beautyci.com\/fr\/wp-json\/wp\/v2\/media?parent=1785"}],"wp:term":[{"taxonomy":"product_brand","embeddable":true,"href":"https:\/\/k-beautyci.com\/fr\/wp-json\/wp\/v2\/product_brand?post=1785"},{"taxonomy":"product_cat","embeddable":true,"href":"https:\/\/k-beautyci.com\/fr\/wp-json\/wp\/v2\/product_cat?post=1785"},{"taxonomy":"product_tag","embeddable":true,"href":"https:\/\/k-beautyci.com\/fr\/wp-json\/wp\/v2\/product_tag?post=1785"}],"curies":[{"name":"wp","href":"https:\/\/api.w.org\/{rel}","templated":true}]}}