{"id":1783,"date":"2023-07-13T13:57:08","date_gmt":"2023-07-13T13:57:08","guid":{"rendered":"https:\/\/k-beautyci.com\/?post_type=product&#038;p=1783"},"modified":"2026-03-12T07:45:32","modified_gmt":"2026-03-12T07:45:32","slug":"isntree-green-tea-fresh-emulsion-120ml","status":"publish","type":"product","link":"https:\/\/k-beautyci.com\/fr\/produit\/isntree-green-tea-fresh-emulsion-120ml\/","title":{"rendered":"ISNTREE Green Tea Fresh Emulsion 120ml"},"content":{"rendered":"<p><b>MODE D'EMPLOI<br \/>\n<\/b><span style=\"font-weight: 400\">Appuyez sur la pompe 1 \u00e0 2 fois pour lib\u00e9rer la quantit\u00e9 de produit souhait\u00e9e. Appliquez l'\u00e9mulsion sur votre peau et superposez-la si n\u00e9cessaire.<\/span><\/p>\n<p><span style=\"font-weight: 400\"><br \/>\n<\/span><b>TIP :<\/b><span style=\"font-weight: 400\"> Pour les peaux grasses, nous aimons l'utiliser comme hydratant le matin avant d'appliquer le SPF.<\/span><\/p>\n<p>Toujours effectuer un test \u00e9picutan\u00e9. Utiliser uniquement selon les instructions. Ne pas utiliser sur une peau ab\u00eem\u00e9e. Si l'irritation ou l'inconfort persistent, cesser l'utilisation et consulter un m\u00e9decin. Suivre les instructions suppl\u00e9mentaires figurant sur l'emballage.<\/p>","protected":false},"excerpt":{"rendered":"<p>L'\u00e9mulsion fra\u00eeche au th\u00e9 vert d'Isntree est une cr\u00e8me hydratante laiteuse enrichie de v\u00e9ritables feuilles de th\u00e9 vert cultiv\u00e9es \u00e0 Jeju pour revitaliser et r\u00e9\u00e9quilibrer les peaux grasses.<\/p>\n<p>L'ingr\u00e9dient cl\u00e9 de cette \u00e9mulsion est constitu\u00e9 de feuilles de th\u00e9 vert fra\u00eeches provenant de la magnifique \u00eele de Jeju ! Ces feuilles sont riches en acides amin\u00e9s et en vitamine C naturelle pour aider \u00e0 \u00e9claircir et \u00e0 revitaliser la peau.<\/p>\n<p>En outre, l'\u00e9corce de Salix Alba et le complexe anti-s\u00e9bum P(HD)root aident \u00e0 g\u00e9rer l'exc\u00e8s de s\u00e9bum, \u00e0 r\u00e9duire les \u00e9ruptions cutan\u00e9es et \u00e0 optimiser l'\u00e9quilibre entre l'hydratation et l'huile de la peau.<\/p>","protected":false},"featured_media":1784,"comment_status":"open","ping_status":"closed","template":"","meta":{"om_disable_all_campaigns":false},"product_brand":[],"product_cat":[60,25,26,90,41],"product_tag":[],"class_list":{"0":"post-1783","1":"product","2":"type-product","3":"status-publish","4":"has-post-thumbnail","6":"product_cat-acne","7":"product_cat-asian-brands","8":"product_cat-face-moisturizer","9":"product_cat-isntree","10":"product_cat-oily-skin","12":"first","13":"instock","14":"sale","15":"shipping-taxable","16":"purchasable","17":"product-type-simple"},"aioseo_notices":[],"jetpack_sharing_enabled":true,"_links":{"self":[{"href":"https:\/\/k-beautyci.com\/fr\/wp-json\/wp\/v2\/product\/1783","targetHints":{"allow":["GET"]}}],"collection":[{"href":"https:\/\/k-beautyci.com\/fr\/wp-json\/wp\/v2\/product"}],"about":[{"href":"https:\/\/k-beautyci.com\/fr\/wp-json\/wp\/v2\/types\/product"}],"replies":[{"embeddable":true,"href":"https:\/\/k-beautyci.com\/fr\/wp-json\/wp\/v2\/comments?post=1783"}],"wp:featuredmedia":[{"embeddable":true,"href":"https:\/\/k-beautyci.com\/fr\/wp-json\/wp\/v2\/media\/1784"}],"wp:attachment":[{"href":"https:\/\/k-beautyci.com\/fr\/wp-json\/wp\/v2\/media?parent=1783"}],"wp:term":[{"taxonomy":"product_brand","embeddable":true,"href":"https:\/\/k-beautyci.com\/fr\/wp-json\/wp\/v2\/product_brand?post=1783"},{"taxonomy":"product_cat","embeddable":true,"href":"https:\/\/k-beautyci.com\/fr\/wp-json\/wp\/v2\/product_cat?post=1783"},{"taxonomy":"product_tag","embeddable":true,"href":"https:\/\/k-beautyci.com\/fr\/wp-json\/wp\/v2\/product_tag?post=1783"}],"curies":[{"name":"wp","href":"https:\/\/api.w.org\/{rel}","templated":true}]}}