{"id":1777,"date":"2023-07-13T12:55:01","date_gmt":"2023-07-13T12:55:01","guid":{"rendered":"https:\/\/k-beautyci.com\/?post_type=product&#038;p=1777"},"modified":"2026-01-28T15:39:29","modified_gmt":"2026-01-28T15:39:29","slug":"isntree-green-tea-fresh-toner-renewal","status":"publish","type":"product","link":"https:\/\/k-beautyci.com\/fr\/produit\/isntree-green-tea-fresh-toner-renewal\/","title":{"rendered":"ISNTREE Green Tea Fresh Toner (Renewal)"},"content":{"rendered":"<p>B\u00c9N\u00c9FICES<\/p>\n<ul>\n<li>Le th\u00e9 vert est un antioxydant efficace qui traite le s\u00e9bum et les pores obstru\u00e9s.<\/li>\n<li>L'extrait de myrtille est un autre antioxydant qui renforce la capacit\u00e9 de votre peau \u00e0 r\u00e9duire visiblement les rougeurs.<\/li>\n<\/ul>\n<p>&nbsp;<\/p>\n<p>Comment l'utiliser :<\/p>\n<p>Apr\u00e8s avoir nettoy\u00e9 et tonifi\u00e9 le visage, appliquer uniform\u00e9ment sur le visage en \u00e9vitant les yeux et les l\u00e8vres. Poursuivre avec le reste de la routine de soin.<\/p>\n<p>Avertissement : Pour usage externe uniquement. Toujours effectuer un test \u00e9picutan\u00e9. Cessez d'utiliser le produit si vous ressentez une quelconque g\u00eane. Suivre les instructions suppl\u00e9mentaires figurant sur l'emballage. Les r\u00e9sultats individuels peuvent varier.<\/p>","protected":false},"excerpt":{"rendered":"<p>L'eau de feuilles de th\u00e9 vert nourrissante, hydratante et riche en antioxydants est contenue dans le Green Tea Fresh Toner d'ISNTREE. Associ\u00e9 au saule, \u00e0 l'extrait de myrtille et \u00e0 d'autres ingr\u00e9dients botaniques, ce tonique r\u00e9duit le s\u00e9bum et aide \u00e0 \u00e9quilibrer votre teint.<\/p>","protected":false},"featured_media":1780,"comment_status":"open","ping_status":"closed","template":"","meta":{"om_disable_all_campaigns":false},"product_brand":[],"product_cat":[25,39,90,41,36],"product_tag":[],"class_list":{"0":"post-1777","1":"product","2":"type-product","3":"status-publish","4":"has-post-thumbnail","6":"product_cat-asian-brands","7":"product_cat-face-toners","8":"product_cat-isntree","9":"product_cat-oily-skin","10":"product_cat-sensitive-skin","12":"first","13":"outofstock","14":"shipping-taxable","15":"purchasable","16":"product-type-simple"},"aioseo_notices":[],"jetpack_sharing_enabled":true,"_links":{"self":[{"href":"https:\/\/k-beautyci.com\/fr\/wp-json\/wp\/v2\/product\/1777","targetHints":{"allow":["GET"]}}],"collection":[{"href":"https:\/\/k-beautyci.com\/fr\/wp-json\/wp\/v2\/product"}],"about":[{"href":"https:\/\/k-beautyci.com\/fr\/wp-json\/wp\/v2\/types\/product"}],"replies":[{"embeddable":true,"href":"https:\/\/k-beautyci.com\/fr\/wp-json\/wp\/v2\/comments?post=1777"}],"wp:featuredmedia":[{"embeddable":true,"href":"https:\/\/k-beautyci.com\/fr\/wp-json\/wp\/v2\/media\/1780"}],"wp:attachment":[{"href":"https:\/\/k-beautyci.com\/fr\/wp-json\/wp\/v2\/media?parent=1777"}],"wp:term":[{"taxonomy":"product_brand","embeddable":true,"href":"https:\/\/k-beautyci.com\/fr\/wp-json\/wp\/v2\/product_brand?post=1777"},{"taxonomy":"product_cat","embeddable":true,"href":"https:\/\/k-beautyci.com\/fr\/wp-json\/wp\/v2\/product_cat?post=1777"},{"taxonomy":"product_tag","embeddable":true,"href":"https:\/\/k-beautyci.com\/fr\/wp-json\/wp\/v2\/product_tag?post=1777"}],"curies":[{"name":"wp","href":"https:\/\/api.w.org\/{rel}","templated":true}]}}