{"id":1580,"date":"2023-06-23T21:47:30","date_gmt":"2023-06-23T21:47:30","guid":{"rendered":"https:\/\/k-beautyci.com\/?post_type=product&#038;p=1580"},"modified":"2026-03-10T10:13:15","modified_gmt":"2026-03-10T10:13:15","slug":"frudia-tone-up-base-sun-cream","status":"publish","type":"product","link":"https:\/\/k-beautyci.com\/fr\/produit\/frudia-tone-up-base-sun-cream\/","title":{"rendered":"Frudia Tone-Up Base Sun Cream"},"content":{"rendered":"<p>Comment l'utiliser :<\/p>\n<p>\u00c0 la derni\u00e8re \u00e9tape de la routine de soins de la peau, prendre une quantit\u00e9 mod\u00e9r\u00e9e d'essence solaire et l'appliquer uniform\u00e9ment sur la peau pour une meilleure absorption.<\/p>\n<p>Exp:2026\/03<\/p>","protected":false},"excerpt":{"rendered":"<p>Infus\u00e9e de glutathion et de poudre de perles, cette cr\u00e8me solaire offre un effet \u00e9claircissant naturel tout en prot\u00e9geant la peau des rayons UV nocifs gr\u00e2ce \u00e0 son puissant SPF 50+ PA+++ \u00e0 large spectre. Cette cr\u00e8me solaire peut \u00e9galement \u00eatre utilis\u00e9e comme base de maquillage gr\u00e2ce \u00e0 sa texture l\u00e9g\u00e8re et lisse qui adh\u00e8re \u00e9troitement \u00e0 la peau.<\/p>","protected":false},"featured_media":1581,"comment_status":"open","ping_status":"closed","template":"","meta":{"om_disable_all_campaigns":false},"product_brand":[],"product_cat":[25,42,169,66,41,36,77,75],"product_tag":[],"class_list":{"0":"post-1580","1":"product","2":"type-product","3":"status-publish","4":"has-post-thumbnail","6":"product_cat-asian-brands","7":"product_cat-dry-skin","8":"product_cat-frudia","9":"product_cat-normal-combination-skin","10":"product_cat-oily-skin","11":"product_cat-sensitive-skin","12":"product_cat-spf-50","13":"product_cat-sunscreens","15":"first","16":"outofstock","17":"sale","18":"shipping-taxable","19":"purchasable","20":"product-type-simple"},"aioseo_notices":[],"jetpack_sharing_enabled":true,"_links":{"self":[{"href":"https:\/\/k-beautyci.com\/fr\/wp-json\/wp\/v2\/product\/1580","targetHints":{"allow":["GET"]}}],"collection":[{"href":"https:\/\/k-beautyci.com\/fr\/wp-json\/wp\/v2\/product"}],"about":[{"href":"https:\/\/k-beautyci.com\/fr\/wp-json\/wp\/v2\/types\/product"}],"replies":[{"embeddable":true,"href":"https:\/\/k-beautyci.com\/fr\/wp-json\/wp\/v2\/comments?post=1580"}],"wp:featuredmedia":[{"embeddable":true,"href":"https:\/\/k-beautyci.com\/fr\/wp-json\/wp\/v2\/media\/1581"}],"wp:attachment":[{"href":"https:\/\/k-beautyci.com\/fr\/wp-json\/wp\/v2\/media?parent=1580"}],"wp:term":[{"taxonomy":"product_brand","embeddable":true,"href":"https:\/\/k-beautyci.com\/fr\/wp-json\/wp\/v2\/product_brand?post=1580"},{"taxonomy":"product_cat","embeddable":true,"href":"https:\/\/k-beautyci.com\/fr\/wp-json\/wp\/v2\/product_cat?post=1580"},{"taxonomy":"product_tag","embeddable":true,"href":"https:\/\/k-beautyci.com\/fr\/wp-json\/wp\/v2\/product_tag?post=1580"}],"curies":[{"name":"wp","href":"https:\/\/api.w.org\/{rel}","templated":true}]}}