{"id":1578,"date":"2023-06-23T21:24:28","date_gmt":"2023-06-23T21:24:28","guid":{"rendered":"https:\/\/k-beautyci.com\/?post_type=product&#038;p=1578"},"modified":"2023-09-12T13:00:44","modified_gmt":"2023-09-12T13:00:44","slug":"frudia-mango-honey-lip-mask-10g","status":"publish","type":"product","link":"https:\/\/k-beautyci.com\/fr\/produit\/frudia-mango-honey-lip-mask-10g\/","title":{"rendered":"Frudia Mango Honey Lip Mask 10g"},"content":{"rendered":"<p>Comment l'utiliser :<\/p>\n<p>Le soir, appliquer le masque sur les l\u00e8vres \u00e0 l'aide de la spatule fournie. Le matin, essuyer d\u00e9licatement l'exc\u00e8s de masque sur les l\u00e8vres \u00e0 l'aide d'un mouchoir en papier ou d'un coton.<\/p>","protected":false},"excerpt":{"rendered":"<p>Un masque \u00e0 l\u00e8vres doux et parfum\u00e9 \u00e0 la mangue pour les l\u00e8vres s\u00e8ches. La mangue apporte de la cermadie pour garder les l\u00e8vres douces et lisses. Contient de l'extrait de propolis, de l'extrait de manuka et de la gel\u00e9e royale pour nourrir et hydrater durablement les l\u00e8vres.<\/p>","protected":false},"featured_media":1579,"comment_status":"open","ping_status":"closed","template":"","meta":{"om_disable_all_campaigns":false},"product_brand":[],"product_cat":[25,148,169,65,73],"product_tag":[],"class_list":{"0":"post-1578","1":"product","2":"type-product","3":"status-publish","4":"has-post-thumbnail","6":"product_cat-asian-brands","7":"product_cat-ceramide","8":"product_cat-frudia","9":"product_cat-lip-care","10":"product_cat-propolis","12":"first","13":"outofstock","14":"shipping-taxable","15":"purchasable","16":"product-type-simple"},"aioseo_notices":[],"jetpack_sharing_enabled":true,"_links":{"self":[{"href":"https:\/\/k-beautyci.com\/fr\/wp-json\/wp\/v2\/product\/1578","targetHints":{"allow":["GET"]}}],"collection":[{"href":"https:\/\/k-beautyci.com\/fr\/wp-json\/wp\/v2\/product"}],"about":[{"href":"https:\/\/k-beautyci.com\/fr\/wp-json\/wp\/v2\/types\/product"}],"replies":[{"embeddable":true,"href":"https:\/\/k-beautyci.com\/fr\/wp-json\/wp\/v2\/comments?post=1578"}],"wp:featuredmedia":[{"embeddable":true,"href":"https:\/\/k-beautyci.com\/fr\/wp-json\/wp\/v2\/media\/1579"}],"wp:attachment":[{"href":"https:\/\/k-beautyci.com\/fr\/wp-json\/wp\/v2\/media?parent=1578"}],"wp:term":[{"taxonomy":"product_brand","embeddable":true,"href":"https:\/\/k-beautyci.com\/fr\/wp-json\/wp\/v2\/product_brand?post=1578"},{"taxonomy":"product_cat","embeddable":true,"href":"https:\/\/k-beautyci.com\/fr\/wp-json\/wp\/v2\/product_cat?post=1578"},{"taxonomy":"product_tag","embeddable":true,"href":"https:\/\/k-beautyci.com\/fr\/wp-json\/wp\/v2\/product_tag?post=1578"}],"curies":[{"name":"wp","href":"https:\/\/api.w.org\/{rel}","templated":true}]}}