{"id":1573,"date":"2023-06-23T15:43:35","date_gmt":"2023-06-23T15:43:35","guid":{"rendered":"https:\/\/k-beautyci.com\/?post_type=product&#038;p=1573"},"modified":"2026-03-06T15:30:05","modified_gmt":"2026-03-06T15:30:05","slug":"round-lab-birch-juice-moisturizing-sun-cream","status":"publish","type":"product","link":"https:\/\/k-beautyci.com\/fr\/produit\/round-lab-birch-juice-moisturizing-sun-cream\/","title":{"rendered":"Round Lab Birch Juice Moisturizing Sun Cream"},"content":{"rendered":"<p>En derni\u00e8re \u00e9tape de la routine de soins, appliquer d\u00e9licatement une quantit\u00e9 suffisante sur la peau.<\/p>\n<p>&nbsp;<\/p>\n<p>Avertissement : Pour usage externe uniquement. Toujours effectuer un test \u00e9picutan\u00e9. Cessez d'utiliser le produit si vous ressentez une quelconque g\u00eane. Suivre les instructions suppl\u00e9mentaires figurant sur l'emballage. Les r\u00e9sultats individuels peuvent varier.<\/p>","protected":false},"excerpt":{"rendered":"<p>Un \u00e9cran solaire chimique l\u00e9ger qui convient aux peaux sujettes \u00e0 l'acn\u00e9. Elle p\u00e9n\u00e8tre rapidement dans la peau et ne laisse pas de traces blanches. Formul\u00e9 avec de la s\u00e8ve de bouleau qui aide \u00e0 hydrater et \u00e0 rajeunir la peau.<\/p>","protected":false},"featured_media":1576,"comment_status":"open","ping_status":"closed","template":"","meta":{"om_disable_all_campaigns":false},"product_brand":[],"product_cat":[25,42,69,74,66,41,157,36,77,75],"product_tag":[],"class_list":{"0":"post-1573","1":"product","2":"type-product","3":"status-publish","4":"has-post-thumbnail","6":"product_cat-asian-brands","7":"product_cat-dry-skin","8":"product_cat-hyaluronic-acid","9":"product_cat-niacinamide","10":"product_cat-normal-combination-skin","11":"product_cat-oily-skin","12":"product_cat-round-lab","13":"product_cat-sensitive-skin","14":"product_cat-spf-50","15":"product_cat-sunscreens","17":"first","18":"instock","19":"shipping-taxable","20":"purchasable","21":"product-type-simple"},"aioseo_notices":[],"jetpack_sharing_enabled":true,"_links":{"self":[{"href":"https:\/\/k-beautyci.com\/fr\/wp-json\/wp\/v2\/product\/1573","targetHints":{"allow":["GET"]}}],"collection":[{"href":"https:\/\/k-beautyci.com\/fr\/wp-json\/wp\/v2\/product"}],"about":[{"href":"https:\/\/k-beautyci.com\/fr\/wp-json\/wp\/v2\/types\/product"}],"replies":[{"embeddable":true,"href":"https:\/\/k-beautyci.com\/fr\/wp-json\/wp\/v2\/comments?post=1573"}],"wp:featuredmedia":[{"embeddable":true,"href":"https:\/\/k-beautyci.com\/fr\/wp-json\/wp\/v2\/media\/1576"}],"wp:attachment":[{"href":"https:\/\/k-beautyci.com\/fr\/wp-json\/wp\/v2\/media?parent=1573"}],"wp:term":[{"taxonomy":"product_brand","embeddable":true,"href":"https:\/\/k-beautyci.com\/fr\/wp-json\/wp\/v2\/product_brand?post=1573"},{"taxonomy":"product_cat","embeddable":true,"href":"https:\/\/k-beautyci.com\/fr\/wp-json\/wp\/v2\/product_cat?post=1573"},{"taxonomy":"product_tag","embeddable":true,"href":"https:\/\/k-beautyci.com\/fr\/wp-json\/wp\/v2\/product_tag?post=1573"}],"curies":[{"name":"wp","href":"https:\/\/api.w.org\/{rel}","templated":true}]}}