{"id":1569,"date":"2023-06-23T15:14:14","date_gmt":"2023-06-23T15:14:14","guid":{"rendered":"https:\/\/k-beautyci.com\/?post_type=product&#038;p=1569"},"modified":"2026-02-17T01:56:11","modified_gmt":"2026-02-17T01:56:11","slug":"beauty-of-joseon-ginseng-moist-sun-serum-spf-50-pa","status":"publish","type":"product","link":"https:\/\/k-beautyci.com\/fr\/produit\/beauty-of-joseon-ginseng-moist-sun-serum-spf-50-pa\/","title":{"rendered":"Beauty of Joseon Ginseng Moist Sun Serum (SPF 50+ PA++++)"},"content":{"rendered":"<p>Comment l'utiliser :<\/p>\n<p>\u00c0 la derni\u00e8re \u00e9tape de la routine de soins de la peau, prendre une quantit\u00e9 suffisante et l'appliquer d\u00e9licatement sur le visage, le cou et les autres parties du corps expos\u00e9es au soleil.<\/p>\n<p>&nbsp;<\/p>\n<div class=\"description-item active\">\n<div class=\"body\">\n<p>Avertissement : Pour usage externe uniquement. Toujours effectuer un test \u00e9picutan\u00e9. Cessez d'utiliser le produit si vous ressentez une quelconque g\u00eane. Suivre les instructions suppl\u00e9mentaires figurant sur l'emballage. Les r\u00e9sultats individuels peuvent varier.<\/p>\n<\/div>\n<\/div>\n<div class=\"description-item\"><\/div>","protected":false},"excerpt":{"rendered":"<p>S\u00e9rum solaire innovant formul\u00e9 avec 30% d'extrait de ginseng et 2% de niacinamide pour hydrater et maintenir l'\u00e9quilibre huile-eau de votre peau.<\/p>\n<p>Texture l\u00e9g\u00e8re qui ne laisse pas de sensation collante ni de traces blanches.<\/p>\n<p>La formule unique contient un filtre anti-UV et des ingr\u00e9dients actifs capsul\u00e9s pour bloquer les rayons UV et apporter hydratation et nutrition pour aider \u00e0 cr\u00e9er une peau plus saine.<\/p>\n<p>Offre un puissant blocage des UV gr\u00e2ce \u00e0 son SPF50+ PA++++ \u00e0 large spectre.<\/p>","protected":false},"featured_media":1572,"comment_status":"open","ping_status":"closed","template":"","meta":{"om_disable_all_campaigns":false},"product_brand":[],"product_cat":[25,82,77,75],"product_tag":[],"class_list":{"0":"post-1569","1":"product","2":"type-product","3":"status-publish","4":"has-post-thumbnail","6":"product_cat-asian-brands","7":"product_cat-beauty-of-joseon","8":"product_cat-spf-50","9":"product_cat-sunscreens","11":"first","12":"outofstock","13":"shipping-taxable","14":"purchasable","15":"product-type-simple"},"aioseo_notices":[],"jetpack_sharing_enabled":true,"_links":{"self":[{"href":"https:\/\/k-beautyci.com\/fr\/wp-json\/wp\/v2\/product\/1569","targetHints":{"allow":["GET"]}}],"collection":[{"href":"https:\/\/k-beautyci.com\/fr\/wp-json\/wp\/v2\/product"}],"about":[{"href":"https:\/\/k-beautyci.com\/fr\/wp-json\/wp\/v2\/types\/product"}],"replies":[{"embeddable":true,"href":"https:\/\/k-beautyci.com\/fr\/wp-json\/wp\/v2\/comments?post=1569"}],"wp:featuredmedia":[{"embeddable":true,"href":"https:\/\/k-beautyci.com\/fr\/wp-json\/wp\/v2\/media\/1572"}],"wp:attachment":[{"href":"https:\/\/k-beautyci.com\/fr\/wp-json\/wp\/v2\/media?parent=1569"}],"wp:term":[{"taxonomy":"product_brand","embeddable":true,"href":"https:\/\/k-beautyci.com\/fr\/wp-json\/wp\/v2\/product_brand?post=1569"},{"taxonomy":"product_cat","embeddable":true,"href":"https:\/\/k-beautyci.com\/fr\/wp-json\/wp\/v2\/product_cat?post=1569"},{"taxonomy":"product_tag","embeddable":true,"href":"https:\/\/k-beautyci.com\/fr\/wp-json\/wp\/v2\/product_tag?post=1569"}],"curies":[{"name":"wp","href":"https:\/\/api.w.org\/{rel}","templated":true}]}}