{"id":1565,"date":"2023-06-23T14:19:01","date_gmt":"2023-06-23T14:19:01","guid":{"rendered":"https:\/\/k-beautyci.com\/?post_type=product&#038;p=1565"},"modified":"2025-10-10T15:05:05","modified_gmt":"2025-10-10T15:05:05","slug":"heimish-bulgarian-rose-hydrogel-eye-patch","status":"publish","type":"product","link":"https:\/\/k-beautyci.com\/fr\/produit\/heimish-bulgarian-rose-hydrogel-eye-patch\/","title":{"rendered":"Heimish Bulgarian Rose Hydrogel Eye Patch"},"content":{"rendered":"<div class=\"description-item active\">\n<div class=\"body\">\n<p>Apr\u00e8s avoir nettoy\u00e9 et tonifi\u00e9 la peau, utilisez la spatule fournie pour retirer les patchs de l'emballage et appliquez-les sur le contour des yeux. Retirez-les au bout de 20 \u00e0 30 minutes et appliquez le reste de votre programme de soins.<\/p>\n<p>&nbsp;<\/p>\n<p>Avertissement : Pour usage externe uniquement. Toujours effectuer un test \u00e9picutan\u00e9. Cessez d'utiliser le produit si vous ressentez une quelconque g\u00eane. Suivre les instructions suppl\u00e9mentaires figurant sur la bo\u00eete. Les r\u00e9sultats individuels peuvent varier.<\/p>\n<\/div>\n<\/div>\n<div class=\"description-item\">\n<div class=\"body\"><\/div>\n<\/div>","protected":false},"excerpt":{"rendered":"<p>L'eau de rose bulgare hydrate en profondeur la zone d\u00e9licate du dessous des yeux. Vos yeux para\u00eetront plus brillants et plus jeunes.<\/p>","protected":false},"featured_media":1567,"comment_status":"open","ping_status":"closed","template":"","meta":{"om_disable_all_campaigns":false},"product_brand":[],"product_cat":[25,38,91],"product_tag":[],"class_list":{"0":"post-1565","1":"product","2":"type-product","3":"status-publish","4":"has-post-thumbnail","6":"product_cat-asian-brands","7":"product_cat-eye-care","8":"product_cat-heimish","10":"first","11":"instock","12":"sale","13":"shipping-taxable","14":"purchasable","15":"product-type-simple"},"aioseo_notices":[],"jetpack_sharing_enabled":true,"_links":{"self":[{"href":"https:\/\/k-beautyci.com\/fr\/wp-json\/wp\/v2\/product\/1565","targetHints":{"allow":["GET"]}}],"collection":[{"href":"https:\/\/k-beautyci.com\/fr\/wp-json\/wp\/v2\/product"}],"about":[{"href":"https:\/\/k-beautyci.com\/fr\/wp-json\/wp\/v2\/types\/product"}],"replies":[{"embeddable":true,"href":"https:\/\/k-beautyci.com\/fr\/wp-json\/wp\/v2\/comments?post=1565"}],"wp:featuredmedia":[{"embeddable":true,"href":"https:\/\/k-beautyci.com\/fr\/wp-json\/wp\/v2\/media\/1567"}],"wp:attachment":[{"href":"https:\/\/k-beautyci.com\/fr\/wp-json\/wp\/v2\/media?parent=1565"}],"wp:term":[{"taxonomy":"product_brand","embeddable":true,"href":"https:\/\/k-beautyci.com\/fr\/wp-json\/wp\/v2\/product_brand?post=1565"},{"taxonomy":"product_cat","embeddable":true,"href":"https:\/\/k-beautyci.com\/fr\/wp-json\/wp\/v2\/product_cat?post=1565"},{"taxonomy":"product_tag","embeddable":true,"href":"https:\/\/k-beautyci.com\/fr\/wp-json\/wp\/v2\/product_tag?post=1565"}],"curies":[{"name":"wp","href":"https:\/\/api.w.org\/{rel}","templated":true}]}}