{"id":1560,"date":"2023-06-23T12:33:30","date_gmt":"2023-06-23T12:33:30","guid":{"rendered":"https:\/\/k-beautyci.com\/?post_type=product&#038;p=1560"},"modified":"2026-01-26T19:56:53","modified_gmt":"2026-01-26T19:56:53","slug":"some-by-mi-galactomyces-pure-vitamin-c-glow-serum","status":"publish","type":"product","link":"https:\/\/k-beautyci.com\/fr\/produit\/some-by-mi-galactomyces-pure-vitamin-c-glow-serum\/","title":{"rendered":"SOME BY MI Galactomyces Pure Vitamin C Glow Serum"},"content":{"rendered":"<p>Comment l'utiliser :<\/p>\n<ol>\n<li>Utiliser le compte-gouttes pour faire tomber le s\u00e9rum sur le visage, puis faire p\u00e9n\u00e9trer le produit par l\u00e9gers tapotements.<\/li>\n<li>Utiliser tous les jours pour obtenir les meilleurs r\u00e9sultats.<\/li>\n<\/ol>\n<p>&nbsp;<\/p>\n<p>Avertissement : Pour usage externe uniquement. Toujours effectuer un test \u00e9picutan\u00e9. Cessez d'utiliser le produit si vous ressentez une quelconque g\u00eane. Suivre les instructions suppl\u00e9mentaires figurant sur l'emballage. Les r\u00e9sultats individuels peuvent varier.<\/p>","protected":false},"excerpt":{"rendered":"<p>Revigorez et clarifiez votre peau avec le Galactomyces Pure Vitamin C Glow Serum de SOMEBYMI, un s\u00e9rum l\u00e9ger qui contient 3 % de vitamine C pure et 75 % de filtrat de ferment galactomyces. La vitamine C \u00e9claircit la peau et aide \u00e0 r\u00e9duire la visibilit\u00e9 de l'hyperpigmentation, tandis que les galactomyces hydratent et renforcent l'\u00e9lasticit\u00e9 de la peau et en am\u00e9liorent la texture. Contrairement \u00e0 de nombreux autres s\u00e9rums \u00e0 la vitamine C, ce s\u00e9rum a la consistance d'un gel aqueux qui s'absorbe rapidement.<\/p>","protected":false},"featured_media":1561,"comment_status":"open","ping_status":"closed","template":"","meta":{"om_disable_all_campaigns":false},"product_brand":[],"product_cat":[25,52,31,85,72],"product_tag":[],"class_list":{"0":"post-1560","1":"product","2":"type-product","3":"status-publish","4":"has-post-thumbnail","6":"product_cat-asian-brands","7":"product_cat-dark-spots","8":"product_cat-face-serums","9":"product_cat-some-by-mi","10":"product_cat-vitamin-c","12":"first","13":"instock","14":"shipping-taxable","15":"purchasable","16":"product-type-simple"},"aioseo_notices":[],"jetpack_sharing_enabled":true,"_links":{"self":[{"href":"https:\/\/k-beautyci.com\/fr\/wp-json\/wp\/v2\/product\/1560","targetHints":{"allow":["GET"]}}],"collection":[{"href":"https:\/\/k-beautyci.com\/fr\/wp-json\/wp\/v2\/product"}],"about":[{"href":"https:\/\/k-beautyci.com\/fr\/wp-json\/wp\/v2\/types\/product"}],"replies":[{"embeddable":true,"href":"https:\/\/k-beautyci.com\/fr\/wp-json\/wp\/v2\/comments?post=1560"}],"wp:featuredmedia":[{"embeddable":true,"href":"https:\/\/k-beautyci.com\/fr\/wp-json\/wp\/v2\/media\/1561"}],"wp:attachment":[{"href":"https:\/\/k-beautyci.com\/fr\/wp-json\/wp\/v2\/media?parent=1560"}],"wp:term":[{"taxonomy":"product_brand","embeddable":true,"href":"https:\/\/k-beautyci.com\/fr\/wp-json\/wp\/v2\/product_brand?post=1560"},{"taxonomy":"product_cat","embeddable":true,"href":"https:\/\/k-beautyci.com\/fr\/wp-json\/wp\/v2\/product_cat?post=1560"},{"taxonomy":"product_tag","embeddable":true,"href":"https:\/\/k-beautyci.com\/fr\/wp-json\/wp\/v2\/product_tag?post=1560"}],"curies":[{"name":"wp","href":"https:\/\/api.w.org\/{rel}","templated":true}]}}