{"id":1557,"date":"2023-06-23T12:21:05","date_gmt":"2023-06-23T12:21:05","guid":{"rendered":"https:\/\/k-beautyci.com\/?post_type=product&#038;p=1557"},"modified":"2026-03-31T21:53:57","modified_gmt":"2026-03-31T21:53:57","slug":"some-by-mi-yuja-niacin-brightening-moisture-gel-cream","status":"publish","type":"product","link":"https:\/\/k-beautyci.com\/fr\/produit\/some-by-mi-yuja-niacin-brightening-moisture-gel-cream\/","title":{"rendered":"SOME BY MI Yuja Niacin Brightening Moisture Gel Cream"},"content":{"rendered":"<p>Comment l'utiliser :<\/p>\n<p>Apr\u00e8s les soins quotidiens, appliquer une quantit\u00e9 g\u00e9n\u00e9reuse sur le visage et le cou. Masser jusqu'\u00e0 absorption compl\u00e8te.<\/p>\n<p>Avertissement : Pour usage externe uniquement. Toujours effectuer un test \u00e9picutan\u00e9. Cessez d'utiliser le produit si vous ressentez une quelconque g\u00eane. Suivre les instructions suppl\u00e9mentaires figurant sur l'emballage. Les r\u00e9sultats individuels peuvent varier.<\/p>","protected":false},"excerpt":{"rendered":"<p>La c\u00e9l\u00e8bre cr\u00e8me hydratante textur\u00e9e Yuja Niacin de SOME BY MI contient jusqu'\u00e0 90 % d'extrait de yuja et dix sortes de vitamines pour revitaliser, \u00e9claircir, hydrater et procurer une sensation apaisante \u00e0 la peau tout en r\u00e9duisant l'apparence des taches sombres.<\/p>\n<ul>\n<li>L'extrait de Yuja et le niacinamide \u00e9claircissent et hydratent.<\/li>\n<li>Le glutathion et l'arbutine r\u00e9duisent l'apparence des taches brunes et du teint in\u00e9gal.<\/li>\n<li>10 types de vitamines pour revitaliser et apaiser les peaux ternes.<\/li>\n<\/ul>","protected":false},"featured_media":8394,"comment_status":"open","ping_status":"closed","template":"","meta":{"om_disable_all_campaigns":false},"product_brand":[],"product_cat":[25,52,26,74,85],"product_tag":[],"class_list":{"0":"post-1557","1":"product","2":"type-product","3":"status-publish","4":"has-post-thumbnail","6":"product_cat-asian-brands","7":"product_cat-dark-spots","8":"product_cat-face-moisturizer","9":"product_cat-niacinamide","10":"product_cat-some-by-mi","12":"first","13":"outofstock","14":"shipping-taxable","15":"purchasable","16":"product-type-simple"},"aioseo_notices":[],"jetpack_sharing_enabled":true,"_links":{"self":[{"href":"https:\/\/k-beautyci.com\/fr\/wp-json\/wp\/v2\/product\/1557","targetHints":{"allow":["GET"]}}],"collection":[{"href":"https:\/\/k-beautyci.com\/fr\/wp-json\/wp\/v2\/product"}],"about":[{"href":"https:\/\/k-beautyci.com\/fr\/wp-json\/wp\/v2\/types\/product"}],"replies":[{"embeddable":true,"href":"https:\/\/k-beautyci.com\/fr\/wp-json\/wp\/v2\/comments?post=1557"}],"wp:featuredmedia":[{"embeddable":true,"href":"https:\/\/k-beautyci.com\/fr\/wp-json\/wp\/v2\/media\/8394"}],"wp:attachment":[{"href":"https:\/\/k-beautyci.com\/fr\/wp-json\/wp\/v2\/media?parent=1557"}],"wp:term":[{"taxonomy":"product_brand","embeddable":true,"href":"https:\/\/k-beautyci.com\/fr\/wp-json\/wp\/v2\/product_brand?post=1557"},{"taxonomy":"product_cat","embeddable":true,"href":"https:\/\/k-beautyci.com\/fr\/wp-json\/wp\/v2\/product_cat?post=1557"},{"taxonomy":"product_tag","embeddable":true,"href":"https:\/\/k-beautyci.com\/fr\/wp-json\/wp\/v2\/product_tag?post=1557"}],"curies":[{"name":"wp","href":"https:\/\/api.w.org\/{rel}","templated":true}]}}