{"id":1554,"date":"2023-06-23T12:07:58","date_gmt":"2023-06-23T12:07:58","guid":{"rendered":"https:\/\/k-beautyci.com\/?post_type=product&#038;p=1554"},"modified":"2026-04-05T14:08:18","modified_gmt":"2026-04-05T14:08:18","slug":"some-by-mi-yuja-niacin-blemish-care-serum","status":"publish","type":"product","link":"https:\/\/k-beautyci.com\/fr\/produit\/some-by-mi-yuja-niacin-blemish-care-serum\/","title":{"rendered":"SOME BY MI Yuja Niacin Blemish Care Serum"},"content":{"rendered":"<p>Comment l'utiliser :<\/p>\n<p>Apr\u00e8s avoir nettoy\u00e9 et tonifi\u00e9 le visage, appliquer uniform\u00e9ment sur le visage en \u00e9vitant les yeux et les l\u00e8vres. Poursuivre avec le reste de la routine de soin.<\/p>\n<p>&nbsp;<\/p>\n<p>Avertissement : Pour usage externe uniquement. Toujours effectuer un test \u00e9picutan\u00e9. Cessez d'utiliser le produit si vous ressentez une quelconque g\u00eane. Suivre les instructions suppl\u00e9mentaires figurant sur la bo\u00eete. Les r\u00e9sultats individuels peuvent varier.<\/p>","protected":false},"excerpt":{"rendered":"<p>Un s\u00e9rum riche en nutriments pour vous aider \u00e0 obtenir l'apparence d'une peau de verre. Ce s\u00e9rum anti-imperfections contient \u00e0 la fois du Yuju et de la niacine pour aider \u00e0 unifier le teint et \u00e0 r\u00e9duire l'apparence de l'hyperpigmentation pour un teint plus lumineux.<\/p>\n<ul>\n<li>L'extrait de fruit de Citrus Junos et le niacinamide unifient le teint.<\/li>\n<li>Le glutathion aide \u00e0 att\u00e9nuer l'aspect de l'hyperpigmentation.<\/li>\n<li>12 vitamines diff\u00e9rentes aident \u00e0 obtenir un teint frais et sain.<\/li>\n<\/ul>","protected":false},"featured_media":1556,"comment_status":"open","ping_status":"closed","template":"","meta":{"om_disable_all_campaigns":false},"product_brand":[],"product_cat":[25,52,31,33,74,85],"product_tag":[],"class_list":{"0":"post-1554","1":"product","2":"type-product","3":"status-publish","4":"has-post-thumbnail","6":"product_cat-asian-brands","7":"product_cat-dark-spots","8":"product_cat-face-serums","9":"product_cat-face-treatments","10":"product_cat-niacinamide","11":"product_cat-some-by-mi","13":"first","14":"instock","15":"sale","16":"shipping-taxable","17":"purchasable","18":"product-type-simple"},"aioseo_notices":[],"jetpack_sharing_enabled":true,"_links":{"self":[{"href":"https:\/\/k-beautyci.com\/fr\/wp-json\/wp\/v2\/product\/1554","targetHints":{"allow":["GET"]}}],"collection":[{"href":"https:\/\/k-beautyci.com\/fr\/wp-json\/wp\/v2\/product"}],"about":[{"href":"https:\/\/k-beautyci.com\/fr\/wp-json\/wp\/v2\/types\/product"}],"replies":[{"embeddable":true,"href":"https:\/\/k-beautyci.com\/fr\/wp-json\/wp\/v2\/comments?post=1554"}],"wp:featuredmedia":[{"embeddable":true,"href":"https:\/\/k-beautyci.com\/fr\/wp-json\/wp\/v2\/media\/1556"}],"wp:attachment":[{"href":"https:\/\/k-beautyci.com\/fr\/wp-json\/wp\/v2\/media?parent=1554"}],"wp:term":[{"taxonomy":"product_brand","embeddable":true,"href":"https:\/\/k-beautyci.com\/fr\/wp-json\/wp\/v2\/product_brand?post=1554"},{"taxonomy":"product_cat","embeddable":true,"href":"https:\/\/k-beautyci.com\/fr\/wp-json\/wp\/v2\/product_cat?post=1554"},{"taxonomy":"product_tag","embeddable":true,"href":"https:\/\/k-beautyci.com\/fr\/wp-json\/wp\/v2\/product_tag?post=1554"}],"curies":[{"name":"wp","href":"https:\/\/api.w.org\/{rel}","templated":true}]}}