{"id":1551,"date":"2023-06-23T11:58:30","date_gmt":"2023-06-23T11:58:30","guid":{"rendered":"https:\/\/k-beautyci.com\/?post_type=product&#038;p=1551"},"modified":"2026-04-05T14:08:18","modified_gmt":"2026-04-05T14:08:18","slug":"some-by-mi-yuja-niacin-brightening-toner","status":"publish","type":"product","link":"https:\/\/k-beautyci.com\/fr\/produit\/some-by-mi-yuja-niacin-brightening-toner\/","title":{"rendered":"SOME BY MI Yuja Niacin Brightening Toner"},"content":{"rendered":"<p>Comment l'utiliser :<\/p>\n<p>Utiliser apr\u00e8s le nettoyage. Imbiber un coton ou une boule de produit. Appliquer d\u00e9licatement sur le visage, de la zone T vers l'ext\u00e9rieur, en \u00e9vitant le contour des yeux. Ne pas rincer.<\/p>\n<p>Effectuez toujours un test \u00e9picutan\u00e9. Cessez d'utiliser le produit si vous ressentez une quelconque g\u00eane. Suivre les instructions suppl\u00e9mentaires figurant sur l'emballage. Les r\u00e9sultats individuels peuvent varier.<\/p>","protected":false},"excerpt":{"rendered":"<p>Ce tonique a des effets \u00e9claircissants gr\u00e2ce \u00e0 90 % d'extrait de citrus yuja et \u00e0 d'autres ingr\u00e9dients nourrissants qui combattent l'hyperpigmentation, laissant la peau douce, lisse et unifi\u00e9e.<\/p>\n<ul>\n<li>L'extrait de Yuja et le niacinamide \u00e9claircissent et hydratent.<\/li>\n<li>Le glutathion et l'arbutine att\u00e9nuent l'apparence des taches brunes et contribuent \u00e0 inhiber la production de m\u00e9lanine.<\/li>\n<li>12 types de vitamines pour revitaliser et apaiser les peaux fatigu\u00e9es.<\/li>\n<\/ul>","protected":false},"featured_media":1552,"comment_status":"open","ping_status":"closed","template":"","meta":{"om_disable_all_campaigns":false},"product_brand":[],"product_cat":[25,52,39,74,85],"product_tag":[],"class_list":{"0":"post-1551","1":"product","2":"type-product","3":"status-publish","4":"has-post-thumbnail","6":"product_cat-asian-brands","7":"product_cat-dark-spots","8":"product_cat-face-toners","9":"product_cat-niacinamide","10":"product_cat-some-by-mi","12":"first","13":"outofstock","14":"shipping-taxable","15":"purchasable","16":"product-type-simple"},"aioseo_notices":[],"jetpack_sharing_enabled":true,"_links":{"self":[{"href":"https:\/\/k-beautyci.com\/fr\/wp-json\/wp\/v2\/product\/1551","targetHints":{"allow":["GET"]}}],"collection":[{"href":"https:\/\/k-beautyci.com\/fr\/wp-json\/wp\/v2\/product"}],"about":[{"href":"https:\/\/k-beautyci.com\/fr\/wp-json\/wp\/v2\/types\/product"}],"replies":[{"embeddable":true,"href":"https:\/\/k-beautyci.com\/fr\/wp-json\/wp\/v2\/comments?post=1551"}],"wp:featuredmedia":[{"embeddable":true,"href":"https:\/\/k-beautyci.com\/fr\/wp-json\/wp\/v2\/media\/1552"}],"wp:attachment":[{"href":"https:\/\/k-beautyci.com\/fr\/wp-json\/wp\/v2\/media?parent=1551"}],"wp:term":[{"taxonomy":"product_brand","embeddable":true,"href":"https:\/\/k-beautyci.com\/fr\/wp-json\/wp\/v2\/product_brand?post=1551"},{"taxonomy":"product_cat","embeddable":true,"href":"https:\/\/k-beautyci.com\/fr\/wp-json\/wp\/v2\/product_cat?post=1551"},{"taxonomy":"product_tag","embeddable":true,"href":"https:\/\/k-beautyci.com\/fr\/wp-json\/wp\/v2\/product_tag?post=1551"}],"curies":[{"name":"wp","href":"https:\/\/api.w.org\/{rel}","templated":true}]}}