{"id":1548,"date":"2023-06-23T11:44:26","date_gmt":"2023-06-23T11:44:26","guid":{"rendered":"https:\/\/k-beautyci.com\/?post_type=product&#038;p=1548"},"modified":"2025-10-08T00:35:02","modified_gmt":"2025-10-08T00:35:02","slug":"some-by-mi-aha-bha-pha-14-days-super-miracle-spot-all-kill-cream","status":"publish","type":"product","link":"https:\/\/k-beautyci.com\/fr\/produit\/some-by-mi-aha-bha-pha-14-days-super-miracle-spot-all-kill-cream\/","title":{"rendered":"SOME BY MI AHA BHA PHA 14 Days Super Miracle Spot All Kill Cream"},"content":{"rendered":"<p>Comment l'utiliser :<\/p>\n<p>Nettoyer et s\u00e9cher la zone \u00e0 traiter et appliquer une petite quantit\u00e9 sur les imperfections du bout des doigts.<\/p>\n<p>&nbsp;<\/p>\n<p>Toujours effectuer un test \u00e9picutan\u00e9. Utiliser uniquement selon les instructions. Ne pas utiliser sur une peau ab\u00eem\u00e9e. Si l'irritation ou l'inconfort persistent, cesser l'utilisation et consulter un m\u00e9decin. Suivre les instructions suppl\u00e9mentaires figurant sur l'emballage. Avant de s'exposer au soleil, il est recommand\u00e9 aux utilisateurs de couvrir les zones o\u00f9 les AHA ont \u00e9t\u00e9 appliqu\u00e9s avec un \u00e9cran solaire. Le contact du produit avec la peau doit \u00eatre limit\u00e9 en fr\u00e9quence et en dur\u00e9e. Les r\u00e9sultats individuels peuvent varier.<\/p>","protected":false},"excerpt":{"rendered":"<p>Cette cr\u00e8me l\u00e9g\u00e8re et g\u00e9lifi\u00e9e est une excellente solution pour r\u00e9duire l'apparence des imperfections. Compos\u00e9e d'AHA, de BHA et de PHA, cette cr\u00e8me agit rapidement pour \u00e9liminer les impuret\u00e9s dans les pots \u00e0 probl\u00e8mes. La formule \u00e0 base de D-panth\u00e9nol et de Truecica apporte des bienfaits apaisants et protecteurs aux peaux sensibles.<\/p>","protected":false},"featured_media":1550,"comment_status":"open","ping_status":"closed","template":"","meta":{"om_disable_all_campaigns":false},"product_brand":[],"product_cat":[60,78,25,52,31,33,85],"product_tag":[],"class_list":{"0":"post-1548","1":"product","2":"type-product","3":"status-publish","4":"has-post-thumbnail","6":"product_cat-acne","7":"product_cat-aha-bha","8":"product_cat-asian-brands","9":"product_cat-dark-spots","10":"product_cat-face-serums","11":"product_cat-face-treatments","12":"product_cat-some-by-mi","14":"first","15":"outofstock","16":"sale","17":"shipping-taxable","18":"purchasable","19":"product-type-simple"},"aioseo_notices":[],"jetpack_sharing_enabled":true,"_links":{"self":[{"href":"https:\/\/k-beautyci.com\/fr\/wp-json\/wp\/v2\/product\/1548","targetHints":{"allow":["GET"]}}],"collection":[{"href":"https:\/\/k-beautyci.com\/fr\/wp-json\/wp\/v2\/product"}],"about":[{"href":"https:\/\/k-beautyci.com\/fr\/wp-json\/wp\/v2\/types\/product"}],"replies":[{"embeddable":true,"href":"https:\/\/k-beautyci.com\/fr\/wp-json\/wp\/v2\/comments?post=1548"}],"wp:featuredmedia":[{"embeddable":true,"href":"https:\/\/k-beautyci.com\/fr\/wp-json\/wp\/v2\/media\/1550"}],"wp:attachment":[{"href":"https:\/\/k-beautyci.com\/fr\/wp-json\/wp\/v2\/media?parent=1548"}],"wp:term":[{"taxonomy":"product_brand","embeddable":true,"href":"https:\/\/k-beautyci.com\/fr\/wp-json\/wp\/v2\/product_brand?post=1548"},{"taxonomy":"product_cat","embeddable":true,"href":"https:\/\/k-beautyci.com\/fr\/wp-json\/wp\/v2\/product_cat?post=1548"},{"taxonomy":"product_tag","embeddable":true,"href":"https:\/\/k-beautyci.com\/fr\/wp-json\/wp\/v2\/product_tag?post=1548"}],"curies":[{"name":"wp","href":"https:\/\/api.w.org\/{rel}","templated":true}]}}