{"id":1543,"date":"2023-06-23T11:22:14","date_gmt":"2023-06-23T11:22:14","guid":{"rendered":"https:\/\/k-beautyci.com\/?post_type=product&#038;p=1543"},"modified":"2025-11-03T23:41:49","modified_gmt":"2025-11-03T23:41:49","slug":"some-by-mi-aha-bha-pha-30-days-miracle-cream","status":"publish","type":"product","link":"https:\/\/k-beautyci.com\/fr\/produit\/some-by-mi-aha-bha-pha-30-days-miracle-cream\/","title":{"rendered":"SOME BY MI AHA BHA PHA 30 Days Miracle Cream"},"content":{"rendered":"<p>Comment l'utiliser :<\/p>\n<p>Utiliser pendant la cr\u00e8me ou l'\u00e9tape d'hydratation de la routine de soins de la peau. Appliquer une quantit\u00e9 suffisante sur le visage et tapoter d\u00e9licatement avec les doigts pour faciliter l'absorption.<\/p>\n<p>&nbsp;<\/p>\n<p>Toujours effectuer un test \u00e9picutan\u00e9. Utiliser uniquement selon les instructions. Ne pas utiliser sur une peau ab\u00eem\u00e9e. Si l'irritation ou l'inconfort persistent, cesser l'utilisation et consulter un m\u00e9decin. Suivre les instructions suppl\u00e9mentaires figurant sur l'emballage. Avant de s'exposer au soleil, il est recommand\u00e9 aux utilisateurs de couvrir les zones o\u00f9 les AHA ont \u00e9t\u00e9 appliqu\u00e9s avec un \u00e9cran solaire. Le contact du produit avec la peau doit \u00eatre limit\u00e9 en fr\u00e9quence et en dur\u00e9e. Les r\u00e9sultats individuels peuvent varier.<\/p>","protected":false},"excerpt":{"rendered":"<p>Made with tea tree leaf water and centella asiatica, this miracle cream reaches deep into the skin to&nbsp;clean excessive oil&nbsp;and other impurities while keeping your skin hydrated and supple. Combine with the rest of the SOME BY MI Miracle line for even better results.<\/p>\n<p>Exp- 10\/2025<\/p>","protected":false},"featured_media":1544,"comment_status":"open","ping_status":"closed","template":"","meta":{"om_disable_all_campaigns":false},"product_brand":[],"product_cat":[60,78,25,88,42,26,66,41,85],"product_tag":[],"class_list":{"0":"post-1543","1":"product","2":"type-product","3":"status-publish","4":"has-post-thumbnail","6":"product_cat-acne","7":"product_cat-aha-bha","8":"product_cat-asian-brands","9":"product_cat-centella","10":"product_cat-dry-skin","11":"product_cat-face-moisturizer","12":"product_cat-normal-combination-skin","13":"product_cat-oily-skin","14":"product_cat-some-by-mi","16":"first","17":"outofstock","18":"sale","19":"shipping-taxable","20":"purchasable","21":"product-type-simple"},"aioseo_notices":[],"jetpack_sharing_enabled":true,"_links":{"self":[{"href":"https:\/\/k-beautyci.com\/fr\/wp-json\/wp\/v2\/product\/1543","targetHints":{"allow":["GET"]}}],"collection":[{"href":"https:\/\/k-beautyci.com\/fr\/wp-json\/wp\/v2\/product"}],"about":[{"href":"https:\/\/k-beautyci.com\/fr\/wp-json\/wp\/v2\/types\/product"}],"replies":[{"embeddable":true,"href":"https:\/\/k-beautyci.com\/fr\/wp-json\/wp\/v2\/comments?post=1543"}],"wp:featuredmedia":[{"embeddable":true,"href":"https:\/\/k-beautyci.com\/fr\/wp-json\/wp\/v2\/media\/1544"}],"wp:attachment":[{"href":"https:\/\/k-beautyci.com\/fr\/wp-json\/wp\/v2\/media?parent=1543"}],"wp:term":[{"taxonomy":"product_brand","embeddable":true,"href":"https:\/\/k-beautyci.com\/fr\/wp-json\/wp\/v2\/product_brand?post=1543"},{"taxonomy":"product_cat","embeddable":true,"href":"https:\/\/k-beautyci.com\/fr\/wp-json\/wp\/v2\/product_cat?post=1543"},{"taxonomy":"product_tag","embeddable":true,"href":"https:\/\/k-beautyci.com\/fr\/wp-json\/wp\/v2\/product_tag?post=1543"}],"curies":[{"name":"wp","href":"https:\/\/api.w.org\/{rel}","templated":true}]}}