{"id":1367,"date":"2023-06-09T13:38:48","date_gmt":"2023-06-09T13:38:48","guid":{"rendered":"https:\/\/k-beautyci.com\/?post_type=product&#038;p=1367"},"modified":"2024-02-26T08:15:54","modified_gmt":"2024-02-26T08:15:54","slug":"aziderm-20-gel","status":"publish","type":"product","link":"https:\/\/k-beautyci.com\/fr\/produit\/aziderm-20-gel\/","title":{"rendered":"Aziderm Azelaic acid 20% Gel"},"content":{"rendered":"<p>Comment l'utiliser :<\/p>\n<p>Le gel Aziderm 20 % est destin\u00e9 \u00e0 un usage externe uniquement. Vous devez toujours l'utiliser conform\u00e9ment \u00e0 la prescription. La zone affect\u00e9e et vos mains doivent \u00eatre propres et s\u00e8ches avant l'application. Utilisez ce m\u00e9dicament r\u00e9guli\u00e8rement pour en tirer le meilleur parti. N'utilisez pas plus que ce dont vous avez besoin, car cela n'am\u00e9liorera pas votre \u00e9tat plus rapidement et certains effets secondaires pourraient \u00eatre accentu\u00e9s. Si votre \u00e9tat persiste au-del\u00e0 de quatre semaines ou s'aggrave \u00e0 tout moment, informez-en votre m\u00e9decin. Vous pouvez am\u00e9liorer l'efficacit\u00e9 de ce m\u00e9dicament en gardant les zones affect\u00e9es propres.<\/p>\n<p>Aziderm 20% Gel has a few potential side effects but not everyone will get them. These include application site reactions like burning, irritation, itching, and redness.<\/p>","protected":false},"excerpt":{"rendered":"<p>Le gel Aziderm 20 % traite l'acn\u00e9, commun\u00e9ment appel\u00e9 boutons. Il tue les bact\u00e9ries responsables de l'acn\u00e9 et pr\u00e9vient l'apparition de boutons. Il faut g\u00e9n\u00e9ralement quelques semaines pour que l'effet soit perceptible, c'est pourquoi il faut continuer \u00e0 l'utiliser m\u00eame s'il semble ne pas fonctionner. Parfois, l'acn\u00e9 peut s'aggraver avant de s'am\u00e9liorer, mais avec une utilisation appropri\u00e9e, votre peau deviendra plus claire. Plus vous commencez t\u00f4t \u00e0 l'utiliser, moins vous risquez d'avoir des cicatrices.<\/p>","protected":false},"featured_media":1368,"comment_status":"open","ping_status":"closed","template":"","meta":{"om_disable_all_campaigns":false},"product_brand":[],"product_cat":[60,165,52,33],"product_tag":[],"class_list":{"0":"post-1367","1":"product","2":"type-product","3":"status-publish","4":"has-post-thumbnail","6":"product_cat-acne","7":"product_cat-azelaic-acid","8":"product_cat-dark-spots","9":"product_cat-face-treatments","11":"first","12":"outofstock","13":"shipping-taxable","14":"purchasable","15":"product-type-simple"},"aioseo_notices":[],"jetpack_sharing_enabled":true,"_links":{"self":[{"href":"https:\/\/k-beautyci.com\/fr\/wp-json\/wp\/v2\/product\/1367","targetHints":{"allow":["GET"]}}],"collection":[{"href":"https:\/\/k-beautyci.com\/fr\/wp-json\/wp\/v2\/product"}],"about":[{"href":"https:\/\/k-beautyci.com\/fr\/wp-json\/wp\/v2\/types\/product"}],"replies":[{"embeddable":true,"href":"https:\/\/k-beautyci.com\/fr\/wp-json\/wp\/v2\/comments?post=1367"}],"wp:featuredmedia":[{"embeddable":true,"href":"https:\/\/k-beautyci.com\/fr\/wp-json\/wp\/v2\/media\/1368"}],"wp:attachment":[{"href":"https:\/\/k-beautyci.com\/fr\/wp-json\/wp\/v2\/media?parent=1367"}],"wp:term":[{"taxonomy":"product_brand","embeddable":true,"href":"https:\/\/k-beautyci.com\/fr\/wp-json\/wp\/v2\/product_brand?post=1367"},{"taxonomy":"product_cat","embeddable":true,"href":"https:\/\/k-beautyci.com\/fr\/wp-json\/wp\/v2\/product_cat?post=1367"},{"taxonomy":"product_tag","embeddable":true,"href":"https:\/\/k-beautyci.com\/fr\/wp-json\/wp\/v2\/product_tag?post=1367"}],"curies":[{"name":"wp","href":"https:\/\/api.w.org\/{rel}","templated":true}]}}