{"id":1363,"date":"2023-06-09T13:39:25","date_gmt":"2023-06-09T13:39:25","guid":{"rendered":"https:\/\/k-beautyci.com\/?post_type=product&#038;p=1363"},"modified":"2024-09-27T09:11:46","modified_gmt":"2024-09-27T09:11:46","slug":"cosrx-acne-hero-kit-mild-4-step","status":"publish","type":"product","link":"https:\/\/k-beautyci.com\/fr\/produit\/cosrx-acne-hero-kit-mild-4-step\/","title":{"rendered":"Cosrx ACNE HERO KIT MILD 4-step"},"content":{"rendered":"<p><span class=\"subTitle\">Comment l'utiliser<\/span><\/p>\n<div class=\"htu_box\">\n<div data-content-type=\"row\" data-appearance=\"contained\" data-element=\"main\">\n<div data-enable-parallax=\"0\" data-parallax-speed=\"0.5\" data-background-images=\"{}\" data-element=\"inner\">\n<div data-content-type=\"text\" data-appearance=\"default\" data-element=\"main\">\n<p><strong>AC Collection Calming Foam Cleanser<\/strong><br \/>\n1. Pressez une quantit\u00e9 suffisante sur votre main.<br \/>\n2. Faire mousser doucement et masser sur la peau humide.<br \/>\n3. Rincer \u00e0 l'eau.<\/p>\n<p><strong>AC Collection Lightweight Soothing Moisturizer<\/strong><br \/>\n1. Appliquer uniform\u00e9ment une quantit\u00e9 suffisante sur le visage et tapoter doucement pour une meilleure absorption.<\/p>\n<p><strong>AC Collection Calming Liquid Mild<\/strong><br \/>\n1. Imbibez les cotons et passez-les d\u00e9licatement sur le visage en \u00e9vitant le contour des yeux.<br \/>\n2. Tapoter doucement et absorber le reste du liquide.<\/p>\n<p><strong>AC Collection Ultimate Spot Cream<\/strong><br \/>\n1. Enlever le ruban blanc du couvercle.<br \/>\n2. Tourner fermement le couvercle vers la droite pour percer un trou \u00e0 l'extr\u00e9mit\u00e9 du tube.<br \/>\n3. Presser le tube pour l'utiliser. Appliquer une quantit\u00e9 appropri\u00e9e sur la zone affect\u00e9e.<\/p>\n<\/div>\n<\/div>\n<\/div>\n<\/div>","protected":false},"excerpt":{"rendered":"<p>La ligne COSRX mild AC Collection pour une peau claire, plus lisse et plus saine.<\/p>\n<p>COSRX a d\u00e9velopp\u00e9 son propre complexe de Centella, appel\u00e9 CentellAC-RX.<\/p>\n<p>Cette formule a \u00e9t\u00e9 perfectionn\u00e9e pour optimiser l'efficacit\u00e9 du compos\u00e9 naturel Centella qui non seulement traite l'acn\u00e9 mais gu\u00e9rit \u00e9galement les dommages caus\u00e9s \u00e0 la peau.<\/p>\n<p>Ce kit est compos\u00e9 de<\/p>\n<p>-Un nettoyant quotidien intelligent contre l'acn\u00e9 qui apporte \u00e0 la fois fra\u00eecheur et hydratation tout en combattant les boutons d'acn\u00e9, laissant la peau douce et lisse sans sensation de d\u00e9collement.<\/p>\n<p>-Un liquide sans alcool qui aide la peau \u00e0 maintenir son \u00e9quilibre huile-humidit\u00e9 et calme les irritations.<\/p>\n<p>-Un hydratant l\u00e9ger et non collant qui convient aux peaux sujettes \u00e0 l'acn\u00e9. Cette cr\u00e8me hydratante apaise la peau sensible fortement \u00e9chauff\u00e9e et rafra\u00eechit la peau sujette \u00e0 l'acn\u00e9.<\/p>\n<p>-Gr\u00e2ce \u00e0 son complexe de r\u00e9cup\u00e9ration de la peau contenant de l'oxyde de zinc, de la calamine, du complexe CentellAC-RX et de l'eau de feuilles d'Aloe Barbadensis, cette cr\u00e8me anti-taches ass\u00e8che doucement et efficacement l'acn\u00e9 visible pendant la nuit.<\/p>","protected":false},"featured_media":1364,"comment_status":"open","ping_status":"closed","template":"","meta":{"om_disable_all_campaigns":false},"product_brand":[],"product_cat":[60,78,88,51,35,61,26,39,64,66,71],"product_tag":[],"class_list":{"0":"post-1363","1":"product","2":"type-product","3":"status-publish","4":"has-post-thumbnail","6":"product_cat-acne","7":"product_cat-aha-bha","8":"product_cat-centella","9":"product_cat-cosrx","10":"product_cat-face-cleansers","11":"product_cat-face-exfoliator-peels-scrubs","12":"product_cat-face-moisturizer","13":"product_cat-face-toners","14":"product_cat-kits-duos","15":"product_cat-normal-combination-skin","16":"product_cat-salicylic-acid","18":"first","19":"outofstock","20":"sale","21":"shipping-taxable","22":"purchasable","23":"product-type-simple"},"aioseo_notices":[],"jetpack_sharing_enabled":true,"_links":{"self":[{"href":"https:\/\/k-beautyci.com\/fr\/wp-json\/wp\/v2\/product\/1363","targetHints":{"allow":["GET"]}}],"collection":[{"href":"https:\/\/k-beautyci.com\/fr\/wp-json\/wp\/v2\/product"}],"about":[{"href":"https:\/\/k-beautyci.com\/fr\/wp-json\/wp\/v2\/types\/product"}],"replies":[{"embeddable":true,"href":"https:\/\/k-beautyci.com\/fr\/wp-json\/wp\/v2\/comments?post=1363"}],"wp:featuredmedia":[{"embeddable":true,"href":"https:\/\/k-beautyci.com\/fr\/wp-json\/wp\/v2\/media\/1364"}],"wp:attachment":[{"href":"https:\/\/k-beautyci.com\/fr\/wp-json\/wp\/v2\/media?parent=1363"}],"wp:term":[{"taxonomy":"product_brand","embeddable":true,"href":"https:\/\/k-beautyci.com\/fr\/wp-json\/wp\/v2\/product_brand?post=1363"},{"taxonomy":"product_cat","embeddable":true,"href":"https:\/\/k-beautyci.com\/fr\/wp-json\/wp\/v2\/product_cat?post=1363"},{"taxonomy":"product_tag","embeddable":true,"href":"https:\/\/k-beautyci.com\/fr\/wp-json\/wp\/v2\/product_tag?post=1363"}],"curies":[{"name":"wp","href":"https:\/\/api.w.org\/{rel}","templated":true}]}}