{"id":1358,"date":"2023-06-09T13:39:56","date_gmt":"2023-06-09T13:39:56","guid":{"rendered":"https:\/\/k-beautyci.com\/?post_type=product&#038;p=1358"},"modified":"2026-03-17T20:45:11","modified_gmt":"2026-03-17T20:45:11","slug":"panoxyl-acne-foaming-wash-benzoyl-peroxide-10-maximum-strength","status":"publish","type":"product","link":"https:\/\/k-beautyci.com\/fr\/produit\/panoxyl-acne-foaming-wash-benzoyl-peroxide-10-maximum-strength\/","title":{"rendered":"PanOxyl Acne Foaming Wash Benzoyl Peroxide 10% Maximum Strength"},"content":{"rendered":"<p><strong>Comment l'utiliser :<\/strong><\/p>\n<ol>\n<li>Mouiller la zone \u00e0 nettoyer.<\/li>\n<li>Appliquer et masser la peau pendant 1 \u00e0 2 minutes.<\/li>\n<li>Rincer abondamment et s\u00e9cher en tapotant.<\/li>\n<li>Appliquer une fois par jour, puis progressivement deux fois si n\u00e9cessaire ou sur les conseils de votre dermatologue.<\/li>\n<\/ol>","protected":false},"excerpt":{"rendered":"<p>\u00c9liminez, traitez et pr\u00e9venez m\u00eame les pires \u00e9ruptions cutan\u00e9es avec le nettoyant moussant contre l'acn\u00e9 PanOxyl 10% Benzoyl Peroxide Maximum Strength. Ce nettoyant pour les peaux sujettes \u00e0 l'acn\u00e9 peut \u00eatre utilis\u00e9 sur le visage et le corps. PanOxyl Acne Foaming Wash contient la plus forte concentration de peroxyde de benzoyle disponible sans ordonnance. Ce puissant nettoyant quotidien agit rapidement pour \u00e9liminer l'acn\u00e9 inflammatoire et tue plus de 99 % des bact\u00e9ries responsables de l'acn\u00e9 en 15 secondes.<\/p>\n<p>Les nettoyants au peroxyde de benzoyle de PanOxyl contiennent des hydratants pour lutter contre la s\u00e9cheresse.<\/p>\n<ul>\n<li>Concentration maximale - Contient la plus forte concentration de peroxyde de benzoyle disponible sans ordonnance.<\/li>\n<li>Commence \u00e0 agir rapidement - Le nettoyant antibact\u00e9rien tue plus de 99 % des bact\u00e9ries responsables de l'acn\u00e9 en 15 secondes.<\/li>\n<li>Rompre le cycle de l'acn\u00e9 - \u00c9limine l'acn\u00e9 existante et aide \u00e0 pr\u00e9venir l'apparition de nouvelles \u00e9ruptions.<\/li>\n<li>Nettoyant multi-usages - Nettoie et \u00e9limine l'acn\u00e9 sur le visage, la poitrine et le dos<\/li>\n<li>Entretien quotidien contre l'acn\u00e9 - Contient des hydratants pour aider \u00e0 combattre la s\u00e9cheresse.<\/li>\n<\/ul>","protected":false},"featured_media":1362,"comment_status":"open","ping_status":"closed","template":"","meta":{"om_disable_all_campaigns":false},"product_brand":[],"product_cat":[60,42,35,33,66,41,171],"product_tag":[],"class_list":{"0":"post-1358","1":"product","2":"type-product","3":"status-publish","4":"has-post-thumbnail","6":"product_cat-acne","7":"product_cat-dry-skin","8":"product_cat-face-cleansers","9":"product_cat-face-treatments","10":"product_cat-normal-combination-skin","11":"product_cat-oily-skin","12":"product_cat-panoxyl","14":"first","15":"instock","16":"shipping-taxable","17":"purchasable","18":"product-type-simple"},"aioseo_notices":[],"jetpack_sharing_enabled":true,"_links":{"self":[{"href":"https:\/\/k-beautyci.com\/fr\/wp-json\/wp\/v2\/product\/1358","targetHints":{"allow":["GET"]}}],"collection":[{"href":"https:\/\/k-beautyci.com\/fr\/wp-json\/wp\/v2\/product"}],"about":[{"href":"https:\/\/k-beautyci.com\/fr\/wp-json\/wp\/v2\/types\/product"}],"replies":[{"embeddable":true,"href":"https:\/\/k-beautyci.com\/fr\/wp-json\/wp\/v2\/comments?post=1358"}],"wp:featuredmedia":[{"embeddable":true,"href":"https:\/\/k-beautyci.com\/fr\/wp-json\/wp\/v2\/media\/1362"}],"wp:attachment":[{"href":"https:\/\/k-beautyci.com\/fr\/wp-json\/wp\/v2\/media?parent=1358"}],"wp:term":[{"taxonomy":"product_brand","embeddable":true,"href":"https:\/\/k-beautyci.com\/fr\/wp-json\/wp\/v2\/product_brand?post=1358"},{"taxonomy":"product_cat","embeddable":true,"href":"https:\/\/k-beautyci.com\/fr\/wp-json\/wp\/v2\/product_cat?post=1358"},{"taxonomy":"product_tag","embeddable":true,"href":"https:\/\/k-beautyci.com\/fr\/wp-json\/wp\/v2\/product_tag?post=1358"}],"curies":[{"name":"wp","href":"https:\/\/api.w.org\/{rel}","templated":true}]}}