{"id":1351,"date":"2023-06-09T13:40:24","date_gmt":"2023-06-09T13:40:24","guid":{"rendered":"https:\/\/k-beautyci.com\/?post_type=product&#038;p=1351"},"modified":"2026-03-08T18:03:09","modified_gmt":"2026-03-08T18:03:09","slug":"im-from-rice-toner-150ml","status":"publish","type":"product","link":"https:\/\/k-beautyci.com\/fr\/produit\/im-from-rice-toner-150ml\/","title":{"rendered":"I&#8217;m From Rice Toner"},"content":{"rendered":"<p><strong>Comment l'utiliser :<\/strong><\/p>\n<ol>\n<li>Agitez bien.<\/li>\n<li>Appliquer uniform\u00e9ment une quantit\u00e9 suffisante sur le visage.<\/li>\n<\/ol>\n<p>Avertissement : Pour usage externe uniquement. Toujours effectuer un test \u00e9picutan\u00e9. Cessez d'utiliser le produit si vous ressentez une quelconque g\u00eane. Suivre les instructions suppl\u00e9mentaires figurant sur l'emballage. Les r\u00e9sultats individuels peuvent varier.<\/p>","protected":false},"excerpt":{"rendered":"<p>Un tonique hydratant \u00e0 double couche qui \u00e9claircit la peau terne. Ce tonique au riz est compos\u00e9 \u00e0 77,8 % d'extrait de riz provenant de Yeoju, en Cor\u00e9e du Sud. L'extrait de riz est riche en nutriments qui rehaussent l'\u00e9clat naturel de la peau.<\/p>\n<p>Avantages :<\/p>\n<ul>\n<li>77,8% L'extrait de riz Yeoju est riche en acides amin\u00e9s et en vitamines. Cette formule \u00e9claircit le teint, nourrit et hydrate la peau.<\/li>\n<\/ul>","protected":false},"featured_media":1354,"comment_status":"open","ping_status":"closed","template":"","meta":{"om_disable_all_campaigns":false},"product_brand":[],"product_cat":[26,39,170],"product_tag":[],"class_list":{"0":"post-1351","1":"product","2":"type-product","3":"status-publish","4":"has-post-thumbnail","6":"product_cat-face-moisturizer","7":"product_cat-face-toners","8":"product_cat-im-from","10":"first","11":"instock","12":"sale","13":"shipping-taxable","14":"purchasable","15":"product-type-variable"},"aioseo_notices":[],"jetpack_sharing_enabled":true,"_links":{"self":[{"href":"https:\/\/k-beautyci.com\/fr\/wp-json\/wp\/v2\/product\/1351","targetHints":{"allow":["GET"]}}],"collection":[{"href":"https:\/\/k-beautyci.com\/fr\/wp-json\/wp\/v2\/product"}],"about":[{"href":"https:\/\/k-beautyci.com\/fr\/wp-json\/wp\/v2\/types\/product"}],"replies":[{"embeddable":true,"href":"https:\/\/k-beautyci.com\/fr\/wp-json\/wp\/v2\/comments?post=1351"}],"wp:featuredmedia":[{"embeddable":true,"href":"https:\/\/k-beautyci.com\/fr\/wp-json\/wp\/v2\/media\/1354"}],"wp:attachment":[{"href":"https:\/\/k-beautyci.com\/fr\/wp-json\/wp\/v2\/media?parent=1351"}],"wp:term":[{"taxonomy":"product_brand","embeddable":true,"href":"https:\/\/k-beautyci.com\/fr\/wp-json\/wp\/v2\/product_brand?post=1351"},{"taxonomy":"product_cat","embeddable":true,"href":"https:\/\/k-beautyci.com\/fr\/wp-json\/wp\/v2\/product_cat?post=1351"},{"taxonomy":"product_tag","embeddable":true,"href":"https:\/\/k-beautyci.com\/fr\/wp-json\/wp\/v2\/product_tag?post=1351"}],"curies":[{"name":"wp","href":"https:\/\/api.w.org\/{rel}","templated":true}]}}