{"id":1348,"date":"2023-06-09T13:40:54","date_gmt":"2023-06-09T13:40:54","guid":{"rendered":"https:\/\/k-beautyci.com\/?post_type=product&#038;p=1348"},"modified":"2023-10-06T06:22:26","modified_gmt":"2023-10-06T06:22:26","slug":"frudia-ultra-uv-shield-sun-essence-50g","status":"publish","type":"product","link":"https:\/\/k-beautyci.com\/fr\/produit\/frudia-ultra-uv-shield-sun-essence-50g\/","title":{"rendered":"Frudia Ultra UV Shield Sun Essence &#8211; 50g"},"content":{"rendered":"","protected":false},"excerpt":{"rendered":"<p>Le gel solaire rafra\u00eechissant Sebum Control de Frudia Green Grape est parfait pour les peaux grasses et sujettes \u00e0 l'acn\u00e9. Un m\u00e9lange d'\u00e9crans solaires min\u00e9raux et chimiques offre une protection \u00e0 large spectre avec SPF50+ PA++++. La formule v\u00e9g\u00e9talienne ne laisse pas de traces blanches et a un effet rafra\u00eechissant sur la peau apr\u00e8s l'application. L'ingr\u00e9dient unique et brevet\u00e9 Anti Sebum P\u2122 de Frudia \u00e9quilibre et contr\u00f4le la production de s\u00e9bum. Enrichi en niacinamide, l'\u00e9cran solaire a \u00e9galement des effets b\u00e9n\u00e9fiques sur les ridules, tandis que l'extrait de raisin garantit l'hydratation de votre peau tout au long de la journ\u00e9e. Sp\u00e9cialement formul\u00e9e pour les peaux grasses, la texture l\u00e9g\u00e8re, semblable \u00e0 celle d'un gel solaire, s'absorbe rapidement et ne laisse aucun r\u00e9sidu collant.<\/p>","protected":false},"featured_media":1350,"comment_status":"open","ping_status":"closed","template":"","meta":{"om_disable_all_campaigns":false},"product_brand":[],"product_cat":[169,74,41,77,75],"product_tag":[],"class_list":{"0":"post-1348","1":"product","2":"type-product","3":"status-publish","4":"has-post-thumbnail","6":"product_cat-frudia","7":"product_cat-niacinamide","8":"product_cat-oily-skin","9":"product_cat-spf-50","10":"product_cat-sunscreens","12":"first","13":"outofstock","14":"shipping-taxable","15":"purchasable","16":"product-type-simple"},"aioseo_notices":[],"jetpack_sharing_enabled":true,"_links":{"self":[{"href":"https:\/\/k-beautyci.com\/fr\/wp-json\/wp\/v2\/product\/1348","targetHints":{"allow":["GET"]}}],"collection":[{"href":"https:\/\/k-beautyci.com\/fr\/wp-json\/wp\/v2\/product"}],"about":[{"href":"https:\/\/k-beautyci.com\/fr\/wp-json\/wp\/v2\/types\/product"}],"replies":[{"embeddable":true,"href":"https:\/\/k-beautyci.com\/fr\/wp-json\/wp\/v2\/comments?post=1348"}],"wp:featuredmedia":[{"embeddable":true,"href":"https:\/\/k-beautyci.com\/fr\/wp-json\/wp\/v2\/media\/1350"}],"wp:attachment":[{"href":"https:\/\/k-beautyci.com\/fr\/wp-json\/wp\/v2\/media?parent=1348"}],"wp:term":[{"taxonomy":"product_brand","embeddable":true,"href":"https:\/\/k-beautyci.com\/fr\/wp-json\/wp\/v2\/product_brand?post=1348"},{"taxonomy":"product_cat","embeddable":true,"href":"https:\/\/k-beautyci.com\/fr\/wp-json\/wp\/v2\/product_cat?post=1348"},{"taxonomy":"product_tag","embeddable":true,"href":"https:\/\/k-beautyci.com\/fr\/wp-json\/wp\/v2\/product_tag?post=1348"}],"curies":[{"name":"wp","href":"https:\/\/api.w.org\/{rel}","templated":true}]}}