{"id":1344,"date":"2023-06-09T13:41:24","date_gmt":"2023-06-09T13:41:24","guid":{"rendered":"https:\/\/k-beautyci.com\/?post_type=product&#038;p=1344"},"modified":"2026-04-14T17:51:51","modified_gmt":"2026-04-14T17:51:51","slug":"beauty-of-joseon-radiance-cleansing-balm","status":"publish","type":"product","link":"https:\/\/k-beautyci.com\/fr\/produit\/beauty-of-joseon-radiance-cleansing-balm\/","title":{"rendered":"Baume d\u00e9maquillant et nettoyant Beauty of Joseon"},"content":{"rendered":"<p><strong>Comment l'utiliser :<\/strong><\/p>\n<p>Appliquer une quantit\u00e9 g\u00e9n\u00e9reuse sur la peau s\u00e8che et masser d\u00e9licatement en effectuant des mouvements circulaires. Rincer \u00e0 l'eau ti\u00e8de, puis poursuivre avec un nettoyant moussant.<\/p>\n<p>Avertissement : Pour usage externe uniquement. Toujours effectuer un test \u00e9picutan\u00e9. Cessez d'utiliser le produit si vous ressentez une quelconque g\u00eane. Suivre les instructions suppl\u00e9mentaires figurant sur l'emballage. Les r\u00e9sultats individuels peuvent varier.<\/p>","protected":false},"excerpt":{"rendered":"<p>Ce baume nettoyant att\u00e9nue l'apparence de vos pores tout en faisant fondre le maquillage et l'exc\u00e8s de s\u00e9bum. Formul\u00e9 sans parfums artificiels, sans huiles essentielles et sans autres irritants, ce baume nourrit votre peau pour une apparence plus uniforme.<\/p>\n<p>Avantages :<\/p>\n<ul>\n<li>L'huile de son de riz aide \u00e0 hydrater la peau en douceur, tout en \u00e9tant riche en antioxydants qui renforcent l'\u00e9clat naturel de la peau.<\/li>\n<li>Les extraits de c\u00e9r\u00e9ales ferment\u00e9es gardent la peau pulpeuse.<\/li>\n<\/ul>","protected":false},"featured_media":1347,"comment_status":"open","ping_status":"closed","template":"","meta":{"om_disable_all_campaigns":false},"product_brand":[],"product_cat":[25,82,35,63],"product_tag":[],"class_list":{"0":"post-1344","1":"product","2":"type-product","3":"status-publish","4":"has-post-thumbnail","6":"product_cat-asian-brands","7":"product_cat-beauty-of-joseon","8":"product_cat-face-cleansers","9":"product_cat-makeup-removers","11":"first","12":"outofstock","13":"shipping-taxable","14":"purchasable","15":"product-type-simple"},"aioseo_notices":[],"jetpack_sharing_enabled":true,"_links":{"self":[{"href":"https:\/\/k-beautyci.com\/fr\/wp-json\/wp\/v2\/product\/1344","targetHints":{"allow":["GET"]}}],"collection":[{"href":"https:\/\/k-beautyci.com\/fr\/wp-json\/wp\/v2\/product"}],"about":[{"href":"https:\/\/k-beautyci.com\/fr\/wp-json\/wp\/v2\/types\/product"}],"replies":[{"embeddable":true,"href":"https:\/\/k-beautyci.com\/fr\/wp-json\/wp\/v2\/comments?post=1344"}],"wp:featuredmedia":[{"embeddable":true,"href":"https:\/\/k-beautyci.com\/fr\/wp-json\/wp\/v2\/media\/1347"}],"wp:attachment":[{"href":"https:\/\/k-beautyci.com\/fr\/wp-json\/wp\/v2\/media?parent=1344"}],"wp:term":[{"taxonomy":"product_brand","embeddable":true,"href":"https:\/\/k-beautyci.com\/fr\/wp-json\/wp\/v2\/product_brand?post=1344"},{"taxonomy":"product_cat","embeddable":true,"href":"https:\/\/k-beautyci.com\/fr\/wp-json\/wp\/v2\/product_cat?post=1344"},{"taxonomy":"product_tag","embeddable":true,"href":"https:\/\/k-beautyci.com\/fr\/wp-json\/wp\/v2\/product_tag?post=1344"}],"curies":[{"name":"wp","href":"https:\/\/api.w.org\/{rel}","templated":true}]}}